{"id":984,"date":"2024-10-26T12:46:35","date_gmt":"2024-10-26T17:46:35","guid":{"rendered":"https:\/\/multitiendaelectro.com\/?post_type=product&#038;p=984"},"modified":"2025-08-20T11:42:50","modified_gmt":"2025-08-20T16:42:50","slug":"secadora-de-cabello-profesional-con-6-velocidades-marca-sanci-sc-cf2801","status":"publish","type":"product","link":"https:\/\/multitiendaelectro.com\/?product=secadora-de-cabello-profesional-con-6-velocidades-marca-sanci-sc-cf2801","title":{"rendered":"SC-CF2801 Secadora de cabello Profesional con 6 velocidades marca Sanci"},"content":{"rendered":"<h3><strong>Caracter\u00edsticas:\u00a0<\/strong><\/h3>\n<ul>\n<li>Inspirada en las necesidades de los profesionales, la SC-CF2801 combina estilo y funcionalidad. Su boquilla concentradora se integra a la perfecci\u00f3n con el dise\u00f1o aerodin\u00e1mico, mientras que los controles de velocidad y temperatura est\u00e1n estrat\u00e9gicamente ubicados para un acceso f\u00e1cil y r\u00e1pido durante el uso. Adem\u00e1s, cuenta con detalles cromados que le dan un toque de sofisticaci\u00f3n, ideal para quienes buscan una herramienta de cuidado personal que no solo sea eficiente, sino tambi\u00e9n visualmente atractiva.<\/li>\n<li>S\u00e1cale provecho a su Dise\u00f1o Ergon\u00f3mico y Estilo Moderno con Tecnolog\u00eda de Secado Avanzada, adem\u00e1s cuenta con 4000W de potencia, la SC-CF2801 ofrece 6 velocidades y 3 ajustes de temperatura.<\/li>\n<li>Funci\u00f3n de Aire Fr\u00edo y Controles Accesibles.<\/li>\n<li>Dise\u00f1o ergon\u00f3mico y detalles cromados , ligero y elegante, pensado para un uso prolongado.<\/li>\n<li>Incluye boquilla concentradora y difusora para lograr diferentes estilos y acabados.<\/li>\n<li>Con la Secadora de Cabello SANCI SC-CF2801 , consigue un look profesional sin salir de casa. Una herramienta de belleza innovadora, ideal para quienes valoran el estilo, la funcionalidad y el rendimiento en un solo dispositivo.<\/li>\n<\/ul>\n<h3><strong>Especificaciones:<\/strong><\/h3>\n<ul>\n<li>4000W de potencia por segundo<\/li>\n<li>6 velocidades y 3 configuraciones de temperatura para adaptar<\/li>\n<li>Bot\u00f3n de aire fr\u00edo<\/li>\n<li>Ancho: 14.2x6x20.5 cm<\/li>\n<li>Cable: 2.3 metros<\/li>\n<li>Voltaje: 220-240V~50-60HZ<\/li>\n<li>cuenta con protecci\u00f3n contra sobrecalentamiento y fusible de protecci\u00f3n<\/li>\n<li>Engranaje: Ajuste de 6 velocidades (doble interruptor)<\/li>\n<\/ul>\n<h3><strong>Accesorios incluidos:<\/strong><\/h3>\n<ul>\n<li>1 secadora<\/li>\n<li>2 peine<\/li>\n<li>1 boquilla difusora<\/li>\n<\/ul>\n","protected":false},"excerpt":{"rendered":"<p><strong>Condici\u00f3n del producto:\u00a0<\/strong> Nuevo<\/p>\n<p><strong>Material: <\/strong>\u00a0ABS<\/p>\n<p><strong>Marca:\u00a0<\/strong>Sanci<\/p>\n<p><strong>Modelo: <\/strong>SC-CF2801<\/p>\n<p><strong>Pa\u00eds de origen: <\/strong>China<\/p>\n<p><strong>Protecci\u00f3n cortocircuitos: <\/strong>Si<\/p>\n<p><strong>Longitud de cable:<\/strong> 2.3 metros<\/p>\n","protected":false},"featured_media":990,"comment_status":"closed","ping_status":"closed","template":"","meta":{"advanced_seo_description":"","jetpack_seo_html_title":"","jetpack_seo_noindex":false},"product_brand":[],"product_cat":[57],"product_tag":[],"class_list":{"0":"post-984","1":"product","2":"type-product","3":"status-publish","4":"has-post-thumbnail","6":"product_cat-secadores-de-cabello","7":"wzta-woo-product-list","8":"opn-qv-enable","9":"royal-shop-woo-hover-zoom","10":"royal-shop-single-product-tab-horizontal","11":"royal-shop-shadow-","12":"royal-shop-shadow-hover-","14":"first","15":"instock","16":"sale","17":"shipping-taxable","18":"purchasable","19":"product-type-simple"},"jetpack_sharing_enabled":true,"_links":{"self":[{"href":"https:\/\/multitiendaelectro.com\/index.php?rest_route=\/wp\/v2\/product\/984","targetHints":{"allow":["GET"]}}],"collection":[{"href":"https:\/\/multitiendaelectro.com\/index.php?rest_route=\/wp\/v2\/product"}],"about":[{"href":"https:\/\/multitiendaelectro.com\/index.php?rest_route=\/wp\/v2\/types\/product"}],"replies":[{"embeddable":true,"href":"https:\/\/multitiendaelectro.com\/index.php?rest_route=%2Fwp%2Fv2%2Fcomments&post=984"}],"wp:featuredmedia":[{"embeddable":true,"href":"https:\/\/multitiendaelectro.com\/index.php?rest_route=\/wp\/v2\/media\/990"}],"wp:attachment":[{"href":"https:\/\/multitiendaelectro.com\/index.php?rest_route=%2Fwp%2Fv2%2Fmedia&parent=984"}],"wp:term":[{"taxonomy":"product_brand","embeddable":true,"href":"https:\/\/multitiendaelectro.com\/index.php?rest_route=%2Fwp%2Fv2%2Fproduct_brand&post=984"},{"taxonomy":"product_cat","embeddable":true,"href":"https:\/\/multitiendaelectro.com\/index.php?rest_route=%2Fwp%2Fv2%2Fproduct_cat&post=984"},{"taxonomy":"product_tag","embeddable":true,"href":"https:\/\/multitiendaelectro.com\/index.php?rest_route=%2Fwp%2Fv2%2Fproduct_tag&post=984"}],"curies":[{"name":"wp","href":"https:\/\/api.w.org\/{rel}","templated":true}]}}