{"id":976,"date":"2024-10-26T12:12:47","date_gmt":"2024-10-26T17:12:47","guid":{"rendered":"https:\/\/multitiendaelectro.com\/?post_type=product&#038;p=976"},"modified":"2025-03-18T05:46:10","modified_gmt":"2025-03-18T10:46:10","slug":"secadora-de-cabello-profesional-3-en-1-marca-sanci-sc-cf2800","status":"publish","type":"product","link":"https:\/\/multitiendaelectro.com\/?product=secadora-de-cabello-profesional-3-en-1-marca-sanci-sc-cf2800","title":{"rendered":"SC-CF2800 Secadora de cabello Profesional 3 en 1 marca Sanci"},"content":{"rendered":"<h3><strong>Caracter\u00edsticas:\u00a0\u00a0<\/strong><\/h3>\n<ul>\n<li>Transforma tu rutina de cuidado capilar con la vers\u00e1til Secadora de Cabello 3 en 1 Sanci SC-CF2800. Este innovador dispositivo combina secado, alisado y volumizaci\u00f3n en un solo aparato, permiti\u00e9ndote lograr el estilo deseado con facilidad y rapidez.<\/li>\n<li>Tecnolog\u00eda avanzada: Su potente motor garantiza un secado r\u00e1pido y eficiente, mientras que su dise\u00f1o ergon\u00f3mico te permite un manejo c\u00f3modo y seguro.<\/li>\n<li>Versatilidad 3 en 1: Alterna entre secado, alisado y creaci\u00f3n de volumen, adapt\u00e1ndose a tus necesidades y estilo personal.<\/li>\n<li>Calor regulable: Con m\u00faltiples configuraciones de temperatura, puedes cuidar tu cabello mientras obtienes el look perfecto, evitando da\u00f1os por calor excesivo.<\/li>\n<li>Dise\u00f1o elegante: Con un acabado moderno y ligero, es f\u00e1cil de almacenar y llevar contigo en tus viajes.<\/li>\n<li>Ideal para todos los tipos de cabello, la Secadora Sanci SC-CF2800 es tu mejor opci\u00f3n para lucir un cabello radiante y saludable todos los d\u00edas. \u00a1Dale a tu melena el cuidado que merece y descubre el secreto de un peinado de sal\u00f3n en la comodidad de tu hogar!<\/li>\n<li>S\u00e1cale provecho a su Dise\u00f1o Ergon\u00f3mico y Estilo Moderno con Tecnolog\u00eda de Secado Avanzada, adem\u00e1s cuenta con 6000W de potencia, la SC-CF2800 ofrece 2 y 3 velocidades.<\/li>\n<\/ul>\n<h3><strong>Especificaciones:<\/strong><\/h3>\n<ul>\n<li>6000W de potencia<\/li>\n<li>Bot\u00f3n de aire fr\u00edo<\/li>\n<li>Ancho: 22x26x4.7 cm<\/li>\n<li>Cable: 2.3 metros de PVC<\/li>\n<li>Voltaje: 220-240v ~ 50-60Hz<\/li>\n<li>cuenta con protecci\u00f3n contra sobrecalentamiento y fusible de protecci\u00f3n<\/li>\n<li>Engranaje: 2 y 3 velocidades<\/li>\n<\/ul>\n<h3><strong>Accesorios incluidos:<\/strong><\/h3>\n<ul>\n<li>1 secadora<\/li>\n<li>1 Boquilla difusora<\/li>\n<li>1 Peine<\/li>\n<\/ul>\n","protected":false},"excerpt":{"rendered":"<p><strong>Condici\u00f3n del producto:\u00a0<\/strong> Nuevo<\/p>\n<p><strong>Material: <\/strong>\u00a0ABS<\/p>\n<p><strong>Marca:\u00a0<\/strong>Sanci<\/p>\n<p><strong>Modelo: <\/strong>SC-CF2800<\/p>\n<p><strong>Pa\u00eds de origen: <\/strong>China<\/p>\n<p><strong>Protecci\u00f3n cortocircuitos: <\/strong>Si<\/p>\n<p><strong>Longitud de cable:<\/strong> 2.3 metros<\/p>\n","protected":false},"featured_media":978,"comment_status":"closed","ping_status":"closed","template":"","meta":{"advanced_seo_description":"","jetpack_seo_html_title":"","jetpack_seo_noindex":false},"product_brand":[],"product_cat":[57],"product_tag":[],"class_list":{"0":"post-976","1":"product","2":"type-product","3":"status-publish","4":"has-post-thumbnail","6":"product_cat-secadores-de-cabello","7":"wzta-woo-product-list","8":"opn-qv-enable","9":"royal-shop-woo-hover-zoom","10":"royal-shop-single-product-tab-horizontal","11":"royal-shop-shadow-","12":"royal-shop-shadow-hover-","14":"first","15":"instock","16":"sale","17":"shipping-taxable","18":"purchasable","19":"product-type-simple"},"jetpack_sharing_enabled":true,"_links":{"self":[{"href":"https:\/\/multitiendaelectro.com\/index.php?rest_route=\/wp\/v2\/product\/976","targetHints":{"allow":["GET"]}}],"collection":[{"href":"https:\/\/multitiendaelectro.com\/index.php?rest_route=\/wp\/v2\/product"}],"about":[{"href":"https:\/\/multitiendaelectro.com\/index.php?rest_route=\/wp\/v2\/types\/product"}],"replies":[{"embeddable":true,"href":"https:\/\/multitiendaelectro.com\/index.php?rest_route=%2Fwp%2Fv2%2Fcomments&post=976"}],"wp:featuredmedia":[{"embeddable":true,"href":"https:\/\/multitiendaelectro.com\/index.php?rest_route=\/wp\/v2\/media\/978"}],"wp:attachment":[{"href":"https:\/\/multitiendaelectro.com\/index.php?rest_route=%2Fwp%2Fv2%2Fmedia&parent=976"}],"wp:term":[{"taxonomy":"product_brand","embeddable":true,"href":"https:\/\/multitiendaelectro.com\/index.php?rest_route=%2Fwp%2Fv2%2Fproduct_brand&post=976"},{"taxonomy":"product_cat","embeddable":true,"href":"https:\/\/multitiendaelectro.com\/index.php?rest_route=%2Fwp%2Fv2%2Fproduct_cat&post=976"},{"taxonomy":"product_tag","embeddable":true,"href":"https:\/\/multitiendaelectro.com\/index.php?rest_route=%2Fwp%2Fv2%2Fproduct_tag&post=976"}],"curies":[{"name":"wp","href":"https:\/\/api.w.org\/{rel}","templated":true}]}}