{"id":945,"date":"2024-10-25T14:07:56","date_gmt":"2024-10-25T19:07:56","guid":{"rendered":"https:\/\/multitiendaelectro.com\/?post_type=product&#038;p=945"},"modified":"2025-07-04T17:38:19","modified_gmt":"2025-07-04T22:38:19","slug":"tomacorriente-portatil-2500w-con-cable-de-1-6-metros-marca-huavi-h-p33","status":"publish","type":"product","link":"https:\/\/multitiendaelectro.com\/?product=tomacorriente-portatil-2500w-con-cable-de-1-6-metros-marca-huavi-h-p33","title":{"rendered":"H-P33 Tomacorriente Port\u00e1til 2500W con cable de 1.6 metros marca Huavi"},"content":{"rendered":"<h3><strong>Caracter\u00edsticas:\u00a0<\/strong><\/h3>\n<ul>\n<li>\u00a1Potencia, organizaci\u00f3n y tecnolog\u00eda en un solo dispositivo! Este 3 enchufes y 3 puertos USB equipados con tecnolog\u00eda avanzada AUTO-ID.<\/li>\n<li>Este tomacorriente con puertos USB no solo se destaca por su funcionalidad, sino tambi\u00e9n por su dise\u00f1o compacto y elegante, lo cual lo convierte en una opci\u00f3n perfecta para cualquier espacio. Su dise\u00f1o minimalista se integra a la perfecci\u00f3n en el entorno, manteniendo la est\u00e9tica de tu hogar u oficina, y te ayuda a organizar tus dispositivos de forma ordenada .<\/li>\n<li>Cable con 1.6 metros de largo compatible con todo tipo de dispositivos<\/li>\n<li>Con este tomacorriente multifuncional de 3 enchufes y 3 puertos USB, tendr\u00e1s el control total de tu carga en casa o en la oficina. Optimiza tu espacio, mant\u00e9n tus dispositivos siempre listos y disfruta de la tranquilidad que proporciona una carga segura e inteligente. \u00a1Transforma tu forma de carga y aprovecha al m\u00e1ximo este dispositivo.<\/li>\n<\/ul>\n<h3><strong>Especificaciones:\u00a0<\/strong><\/h3>\n<ul>\n<li>Voltaje: 2500W-10A(Max) 250V<\/li>\n<li>M\u00e1xima corriente:\u00a010A<\/li>\n<li>USB Output: DC5V\/3.1A<\/li>\n<li>Total de potencia: 15.5W<\/li>\n<li>longitud de cable: 160 cm<\/li>\n<li>Color:<span lang=\"EN-US\">\u00a0Gris<\/span><\/li>\n<\/ul>\n<h3><strong>Accesorios incluidos:<\/strong><\/h3>\n<ul>\n<li>1 tomacorriente con cable de 1.6 metros de largo<\/li>\n<\/ul>\n","protected":false},"excerpt":{"rendered":"<p><strong>Condici\u00f3n del producto:\u00a0<\/strong> Nuevo<\/p>\n<p><strong>Material: <\/strong>\u00a0ABS<\/p>\n<p><strong>Marca:\u00a0<\/strong>Huavi<\/p>\n<p><strong>Modelo:\u00a0<\/strong> H-P33<\/p>\n<p><strong>Pa\u00eds de origen: <\/strong>China<\/p>\n<p><strong>Protecci\u00f3n cortocircuitos: <\/strong>Si<\/p>\n<p><strong>Longitud de cable:<\/strong> 1.6 metros<\/p>\n","protected":false},"featured_media":954,"comment_status":"closed","ping_status":"closed","template":"","meta":{"advanced_seo_description":"","jetpack_seo_html_title":"","jetpack_seo_noindex":false},"product_brand":[],"product_cat":[65],"product_tag":[119],"class_list":{"0":"post-945","1":"product","2":"type-product","3":"status-publish","4":"has-post-thumbnail","6":"product_cat-regletas","7":"product_tag-oferta","8":"wzta-woo-product-list","9":"opn-qv-enable","10":"royal-shop-woo-hover-zoom","11":"royal-shop-single-product-tab-horizontal","12":"royal-shop-shadow-","13":"royal-shop-shadow-hover-","15":"first","16":"instock","17":"sale","18":"shipping-taxable","19":"purchasable","20":"product-type-simple"},"jetpack_sharing_enabled":true,"_links":{"self":[{"href":"https:\/\/multitiendaelectro.com\/index.php?rest_route=\/wp\/v2\/product\/945","targetHints":{"allow":["GET"]}}],"collection":[{"href":"https:\/\/multitiendaelectro.com\/index.php?rest_route=\/wp\/v2\/product"}],"about":[{"href":"https:\/\/multitiendaelectro.com\/index.php?rest_route=\/wp\/v2\/types\/product"}],"replies":[{"embeddable":true,"href":"https:\/\/multitiendaelectro.com\/index.php?rest_route=%2Fwp%2Fv2%2Fcomments&post=945"}],"wp:featuredmedia":[{"embeddable":true,"href":"https:\/\/multitiendaelectro.com\/index.php?rest_route=\/wp\/v2\/media\/954"}],"wp:attachment":[{"href":"https:\/\/multitiendaelectro.com\/index.php?rest_route=%2Fwp%2Fv2%2Fmedia&parent=945"}],"wp:term":[{"taxonomy":"product_brand","embeddable":true,"href":"https:\/\/multitiendaelectro.com\/index.php?rest_route=%2Fwp%2Fv2%2Fproduct_brand&post=945"},{"taxonomy":"product_cat","embeddable":true,"href":"https:\/\/multitiendaelectro.com\/index.php?rest_route=%2Fwp%2Fv2%2Fproduct_cat&post=945"},{"taxonomy":"product_tag","embeddable":true,"href":"https:\/\/multitiendaelectro.com\/index.php?rest_route=%2Fwp%2Fv2%2Fproduct_tag&post=945"}],"curies":[{"name":"wp","href":"https:\/\/api.w.org\/{rel}","templated":true}]}}