{"id":917,"date":"2024-10-24T15:06:50","date_gmt":"2024-10-24T20:06:50","guid":{"rendered":"https:\/\/multitiendaelectro.com\/?post_type=product&#038;p=917"},"modified":"2025-08-01T12:05:31","modified_gmt":"2025-08-01T17:05:31","slug":"cargador-huavi-para-celular-con-cable-de-carga-rapida-usb-modelo-h-443","status":"publish","type":"product","link":"https:\/\/multitiendaelectro.com\/?product=cargador-huavi-para-celular-con-cable-de-carga-rapida-usb-modelo-h-443","title":{"rendered":"H-443 Cargador Huavi para Celular con Cable de carga r\u00e1pida USB"},"content":{"rendered":"<h3><strong>Caracter\u00edsticas:\u00a0\u00a0<\/strong><\/h3>\n<ul>\n<li>Mant\u00e9n tu dispositivo siempre cargado y listo para la acci\u00f3n con el cargador USB con cable engomado de Huavi.\u00a0 Dise\u00f1ado para ofrecer una combinaci\u00f3n perfecta de durabilidad, eficiencia y estilo, este cargador se convertir\u00e1 en tu mejor aliado para mantener la bater\u00eda de tu smartphone, tablet o cualquier dispositivo compatible siempre a tope de energ\u00eda gracias a su carga r\u00e1pida y segura. Huavi ofrece una carga r\u00e1pida y estable, protegiendo tus dispositivos contra sobrecalentamientos, cortocircuitos y sobrecargas, para que puedas recargar con total tranquilidad.<\/li>\n<\/ul>\n<h3><strong>Especificaciones:\u00a0<\/strong><\/h3>\n<ul>\n<li>Potencia: 22W<\/li>\n<li>Puertos de carga: 4 USB con tecnolog\u00eda AUTO-ID<\/li>\n<li>Compatible:<span lang=\"EN-US\">\u00a0ANDROID (V8) \u2013 TYPE C \u2013 IPHONE (I5)<\/span><\/li>\n<\/ul>\n<h3><strong>Accesorios incluidos:\u00a0<\/strong><\/h3>\n<ul>\n<li>1 Cargador de pared<\/li>\n<li>1 Cable de carga USB<\/li>\n<\/ul>\n","protected":false},"excerpt":{"rendered":"<p><strong>Condici\u00f3n del producto:\u00a0<\/strong> Nuevo<\/p>\n<p><strong>Material: <\/strong>\u00a0ABS<\/p>\n<p><strong>Marca:\u00a0<\/strong>Huavi<\/p>\n<p><strong>Modelo:\u00a0<\/strong> H-443<\/p>\n<p><strong>Pa\u00eds de origen: <\/strong>China<\/p>\n<p><strong>Protecci\u00f3n cortocircuitos: <\/strong>Si<\/p>\n<p><strong>Cable:<\/strong> USB tipo C, micro USB y lightning <strong>(escoger uno)<\/strong><\/p>\n","protected":false},"featured_media":919,"comment_status":"open","ping_status":"closed","template":"","meta":{"advanced_seo_description":"","jetpack_seo_html_title":"","jetpack_seo_noindex":false},"product_brand":[134],"product_cat":[58,75],"product_tag":[119],"class_list":{"0":"post-917","1":"product","2":"type-product","3":"status-publish","4":"has-post-thumbnail","6":"product_brand-huavi","7":"product_cat-accesorios-para-celulares","8":"product_cat-cargadores-accesorios-para-celulares","9":"product_tag-oferta","10":"wzta-woo-product-list","11":"opn-qv-enable","12":"royal-shop-woo-hover-zoom","13":"royal-shop-single-product-tab-horizontal","14":"royal-shop-shadow-","15":"royal-shop-shadow-hover-","17":"first","18":"instock","19":"sale","20":"shipping-taxable","21":"purchasable","22":"product-type-simple"},"jetpack_sharing_enabled":true,"_links":{"self":[{"href":"https:\/\/multitiendaelectro.com\/index.php?rest_route=\/wp\/v2\/product\/917","targetHints":{"allow":["GET"]}}],"collection":[{"href":"https:\/\/multitiendaelectro.com\/index.php?rest_route=\/wp\/v2\/product"}],"about":[{"href":"https:\/\/multitiendaelectro.com\/index.php?rest_route=\/wp\/v2\/types\/product"}],"replies":[{"embeddable":true,"href":"https:\/\/multitiendaelectro.com\/index.php?rest_route=%2Fwp%2Fv2%2Fcomments&post=917"}],"wp:featuredmedia":[{"embeddable":true,"href":"https:\/\/multitiendaelectro.com\/index.php?rest_route=\/wp\/v2\/media\/919"}],"wp:attachment":[{"href":"https:\/\/multitiendaelectro.com\/index.php?rest_route=%2Fwp%2Fv2%2Fmedia&parent=917"}],"wp:term":[{"taxonomy":"product_brand","embeddable":true,"href":"https:\/\/multitiendaelectro.com\/index.php?rest_route=%2Fwp%2Fv2%2Fproduct_brand&post=917"},{"taxonomy":"product_cat","embeddable":true,"href":"https:\/\/multitiendaelectro.com\/index.php?rest_route=%2Fwp%2Fv2%2Fproduct_cat&post=917"},{"taxonomy":"product_tag","embeddable":true,"href":"https:\/\/multitiendaelectro.com\/index.php?rest_route=%2Fwp%2Fv2%2Fproduct_tag&post=917"}],"curies":[{"name":"wp","href":"https:\/\/api.w.org\/{rel}","templated":true}]}}