{"id":909,"date":"2024-10-24T14:53:11","date_gmt":"2024-10-24T19:53:11","guid":{"rendered":"https:\/\/multitiendaelectro.com\/?post_type=product&#038;p=909"},"modified":"2025-08-01T12:05:54","modified_gmt":"2025-08-01T17:05:54","slug":"cargador-de-auto-para-celular-huavi-con-bluetooth-fm-transmisora-a74","status":"publish","type":"product","link":"https:\/\/multitiendaelectro.com\/?product=cargador-de-auto-para-celular-huavi-con-bluetooth-fm-transmisora-a74","title":{"rendered":"A74 Cargador de Auto para Celular Huavi con Bluetooth FM Transmisora"},"content":{"rendered":"<h3><strong>Caracter\u00edsticas:\u00a0\u00a0<\/strong><\/h3>\n<ul>\n<li>Mant\u00e9n tu celular siempre cargado mientras conduces con el cargador de auto para celulares de Huavi. Dise\u00f1ado para aquellos que est\u00e1n siempre en movimiento, este cargador de auto combina potencia, rapidez y seguridad para asegurarte de que tu dispositivo nunca se quede sin bater\u00eda, sin importar cu\u00e1n largas sean tus rutas.<\/li>\n<li>Caracter\u00edsticas destacadas: Carga R\u00e1pida y Eficiente gracias a la tecnolog\u00eda que ofrece Huavi de carga r\u00e1pida que te permite tener tu celular o tablet con energ\u00eda en menos tiempo, ideal para cuando necesitas una recarga urgente durante tus viajes. \u00a1Llega a tu destino con la bater\u00eda al m\u00e1ximo!<\/li>\n<\/ul>\n<h3><b>Funciones:<\/b><\/h3>\n<ul>\n<li>Llamada manos libres: Gracias al touch que trae ahora podr\u00e1s contestar llamadas, rechazar llamadas y volver a marcar cuando tu dispositivo m\u00f3vil este conectado al bluetooth del cargador.<\/li>\n<li>Pantalla de voltaje de la bater\u00eda: Este equipo trae consigo un monitor en tiempo real para el voltaje de la bater\u00eda del autom\u00f3vil puede detectar si el voltaje esta dentro del rango de uso seguro y evitar la anoyancia de que el coche no pueda arrancar.<\/li>\n<li>PD+QC3 0 Carga r\u00e1pida: Carga r\u00e1pida, admite el protocolo de carga r\u00e1pida del tel\u00e9fono como PD3.0, PPS, QC3.0 \/ QC4.0+ Huawei SCP, FCP, MTKPE<\/li>\n<li>Transmisor FM bluetooth: Adopte la transmisi\u00f3n inal\u00e1mbrica bluetooth 2.4G y la tecnolog\u00eda de emisi\u00f3n FM. U-Disk y TF disponibles<\/li>\n<\/ul>\n<h3><strong>Especificaciones:\u00a0<\/strong><\/h3>\n<ul>\n<li>Potencia: 36W<\/li>\n<li>Conexi\u00f3n: Bluetooth 5.0<\/li>\n<li>Entrada: DC12-24V<\/li>\n<li>Material: Anillo de metal<\/li>\n<\/ul>\n<h3><strong>Accesorios incluidos:\u00a0<\/strong><\/h3>\n<ul>\n<li>1 Cargador de auto<\/li>\n<li>1 Cable de carga r\u00e1pida<\/li>\n<\/ul>\n","protected":false},"excerpt":{"rendered":"<p><strong>Condici\u00f3n del producto:\u00a0<\/strong> Nuevo<\/p>\n<p><strong>Material: <\/strong>\u00a0ABS<\/p>\n<p><strong>Marca:\u00a0<\/strong>Huavi<\/p>\n<p><strong>Modelo:\u00a0<\/strong> A74<\/p>\n<p><strong>Pa\u00eds de origen: <\/strong>China<\/p>\n<p><strong>Protecci\u00f3n cortocircuitos: <\/strong>Si<\/p>\n<p><strong>Cable:<\/strong> USB tipo C y micro USB <strong>(escoger uno)<\/strong><\/p>\n","protected":false},"featured_media":911,"comment_status":"open","ping_status":"closed","template":"","meta":{"advanced_seo_description":"","jetpack_seo_html_title":"","jetpack_seo_noindex":false},"product_brand":[134],"product_cat":[58,75],"product_tag":[119],"class_list":{"0":"post-909","1":"product","2":"type-product","3":"status-publish","4":"has-post-thumbnail","6":"product_brand-huavi","7":"product_cat-accesorios-para-celulares","8":"product_cat-cargadores-accesorios-para-celulares","9":"product_tag-oferta","10":"wzta-woo-product-list","11":"opn-qv-enable","12":"royal-shop-woo-hover-zoom","13":"royal-shop-single-product-tab-horizontal","14":"royal-shop-shadow-","15":"royal-shop-shadow-hover-","17":"first","18":"instock","19":"sale","20":"shipping-taxable","21":"purchasable","22":"product-type-simple"},"jetpack_sharing_enabled":true,"_links":{"self":[{"href":"https:\/\/multitiendaelectro.com\/index.php?rest_route=\/wp\/v2\/product\/909","targetHints":{"allow":["GET"]}}],"collection":[{"href":"https:\/\/multitiendaelectro.com\/index.php?rest_route=\/wp\/v2\/product"}],"about":[{"href":"https:\/\/multitiendaelectro.com\/index.php?rest_route=\/wp\/v2\/types\/product"}],"replies":[{"embeddable":true,"href":"https:\/\/multitiendaelectro.com\/index.php?rest_route=%2Fwp%2Fv2%2Fcomments&post=909"}],"wp:featuredmedia":[{"embeddable":true,"href":"https:\/\/multitiendaelectro.com\/index.php?rest_route=\/wp\/v2\/media\/911"}],"wp:attachment":[{"href":"https:\/\/multitiendaelectro.com\/index.php?rest_route=%2Fwp%2Fv2%2Fmedia&parent=909"}],"wp:term":[{"taxonomy":"product_brand","embeddable":true,"href":"https:\/\/multitiendaelectro.com\/index.php?rest_route=%2Fwp%2Fv2%2Fproduct_brand&post=909"},{"taxonomy":"product_cat","embeddable":true,"href":"https:\/\/multitiendaelectro.com\/index.php?rest_route=%2Fwp%2Fv2%2Fproduct_cat&post=909"},{"taxonomy":"product_tag","embeddable":true,"href":"https:\/\/multitiendaelectro.com\/index.php?rest_route=%2Fwp%2Fv2%2Fproduct_tag&post=909"}],"curies":[{"name":"wp","href":"https:\/\/api.w.org\/{rel}","templated":true}]}}