{"id":807,"date":"2024-10-18T10:14:14","date_gmt":"2024-10-18T15:14:14","guid":{"rendered":"https:\/\/multitiendaelectro.com\/?post_type=product&#038;p=807"},"modified":"2026-01-16T17:31:11","modified_gmt":"2026-01-16T22:31:11","slug":"parlante-portatil-con-bluetooth-resistente-al-agua-original-lidimi-ld-s647","status":"publish","type":"product","link":"https:\/\/multitiendaelectro.com\/?product=parlante-portatil-con-bluetooth-resistente-al-agua-original-lidimi-ld-s647","title":{"rendered":"LD-S647 Parlante Port\u00e1til Bluetooth Lidimi 20W"},"content":{"rendered":"<h3>PARLANTE PORT\u00c1TIL CON PORTECCI\u00d3N IPX6 Y LUCES RGB LIDIMI LD-S647<\/h3>\n<ul>\n<li><strong>X-BASS:<\/strong> Sum\u00e9rgete en un sonido profundo y envolvente con la tecnolog\u00eda X-Bass de nuestros parlantes. Disfruta de bajos potentes que vibran con cada nota, creando una experiencia auditiva impactante. Ideal para fiestas, reuniones o simplemente para disfrutar tu m\u00fasica favorita con la m\u00e1xima intensidad. \u00a1Siente la potencia del X-Bass y eleva tu sonido a otro nivel.<\/li>\n<li><strong>IPX6: <\/strong>Con la protecci\u00f3n IPX6, tus parlantes est\u00e1n listos para acompa\u00f1arte a donde vayas. Resisten salpicaduras y humedad, lo que los hace ideales para aventuras al aire libre, la piscina o incluso en d\u00edas de lluvia. Disfruta de tu m\u00fasica sin interrupciones, sabiendo que tus parlantes est\u00e1n preparados para cualquier entorno<\/li>\n<li><strong>Luces RGB: <\/strong>Luces r\u00edtmicas que van con junto al ritmo del sonido.<\/li>\n<li><strong>Tama\u00f1o port\u00e1til:<\/strong> 11&#215;14.5&#215;25.2 cm<\/li>\n<li><strong>Bater\u00eda:<\/strong> 3600 mAh<\/li>\n<li><strong>Duraci\u00f3n de bater\u00eda:<\/strong> 8 a 10 horas de reproducci\u00f3n<\/li>\n<li><strong>Entrada de carga:\u00a0<\/strong>USB tipo C<\/li>\n<li><strong>Tama\u00f1o de altavoz:<\/strong> 2*2.25&#8243;<\/li>\n<li><strong>Potencia:<\/strong> 20W<\/li>\n<li><strong>Radio FM integrada:<\/strong> Este parlante cuenta con radio FM para que no dejes de escuchar a tu emisora favorita.<\/li>\n<li><strong>Bluetooth:<\/strong> 5.2<\/li>\n<li><strong>Conexi\u00f3n Bluetooth:<\/strong> Reproducci\u00f3n inal\u00e1mbrica desde cualquier tipo de dispositivo<\/li>\n<li><strong>Otras conexiones:<\/strong> USB\/TF\/AUX<\/li>\n<\/ul>\n<h3><b>Accesorios incluidos:<\/b><\/h3>\n<div>\n<ul>\n<li>1 Cable de carga USB tipo C<\/li>\n<li>1 Cable auxiliar<\/li>\n<li>1 Manual<\/li>\n<\/ul>\n<\/div>\n","protected":false},"excerpt":{"rendered":"<p><strong>Condici\u00f3n del producto:\u00a0<\/strong> Nuevo<\/p>\n<p><strong>Material: <\/strong>\u00a0ABS<\/p>\n<p><strong>Marca:\u00a0<\/strong>Lidimi<\/p>\n<p><strong>Modelo:\u00a0<\/strong> LD-S647<\/p>\n<p><strong>Pa\u00eds de origen: <\/strong>China<\/p>\n<p><strong>Potencia:<\/strong> 20W<\/p>\n<p><strong>Resistente al agua:\u00a0<\/strong>Si<\/p>\n","protected":false},"featured_media":818,"comment_status":"open","ping_status":"closed","template":"","meta":{"advanced_seo_description":"","jetpack_seo_html_title":"","jetpack_seo_noindex":false},"product_brand":[97],"product_cat":[53,54],"product_tag":[],"class_list":{"0":"post-807","1":"product","2":"type-product","3":"status-publish","4":"has-post-thumbnail","6":"product_brand-lidimi","7":"product_cat-parlantes","8":"product_cat-mini-parlantes","9":"product_shipping_class-paquete-s","10":"wzta-woo-product-list","11":"opn-qv-enable","12":"royal-shop-woo-hover-zoom","13":"royal-shop-single-product-tab-horizontal","14":"royal-shop-shadow-","15":"royal-shop-shadow-hover-","17":"first","18":"outofstock","19":"purchasable","20":"product-type-simple"},"jetpack_sharing_enabled":true,"_links":{"self":[{"href":"https:\/\/multitiendaelectro.com\/index.php?rest_route=\/wp\/v2\/product\/807","targetHints":{"allow":["GET"]}}],"collection":[{"href":"https:\/\/multitiendaelectro.com\/index.php?rest_route=\/wp\/v2\/product"}],"about":[{"href":"https:\/\/multitiendaelectro.com\/index.php?rest_route=\/wp\/v2\/types\/product"}],"replies":[{"embeddable":true,"href":"https:\/\/multitiendaelectro.com\/index.php?rest_route=%2Fwp%2Fv2%2Fcomments&post=807"}],"wp:featuredmedia":[{"embeddable":true,"href":"https:\/\/multitiendaelectro.com\/index.php?rest_route=\/wp\/v2\/media\/818"}],"wp:attachment":[{"href":"https:\/\/multitiendaelectro.com\/index.php?rest_route=%2Fwp%2Fv2%2Fmedia&parent=807"}],"wp:term":[{"taxonomy":"product_brand","embeddable":true,"href":"https:\/\/multitiendaelectro.com\/index.php?rest_route=%2Fwp%2Fv2%2Fproduct_brand&post=807"},{"taxonomy":"product_cat","embeddable":true,"href":"https:\/\/multitiendaelectro.com\/index.php?rest_route=%2Fwp%2Fv2%2Fproduct_cat&post=807"},{"taxonomy":"product_tag","embeddable":true,"href":"https:\/\/multitiendaelectro.com\/index.php?rest_route=%2Fwp%2Fv2%2Fproduct_tag&post=807"}],"curies":[{"name":"wp","href":"https:\/\/api.w.org\/{rel}","templated":true}]}}