{"id":800,"date":"2024-10-18T09:12:01","date_gmt":"2024-10-18T14:12:01","guid":{"rendered":"https:\/\/multitiendaelectro.com\/?post_type=product&#038;p=800"},"modified":"2025-07-19T13:30:34","modified_gmt":"2025-07-19T18:30:34","slug":"mini-parlante-portatil-recargable-con-bluetooth-y-resistente-al-agua-original-lidimi-ld-s648","status":"publish","type":"product","link":"https:\/\/multitiendaelectro.com\/?product=mini-parlante-portatil-recargable-con-bluetooth-y-resistente-al-agua-original-lidimi-ld-s648","title":{"rendered":"LD-S648 MINI PARLANTE PORT\u00c1TIL RECARGABLE CON BLUETOOTH Y RESISTENTE AL AGUA, ORIGINAL LIDIMI"},"content":{"rendered":"<h3>MINI PARLANTE CON BLUETOOTH CON PROTECCI\u00d3N IPX6 ORIGINAL LIDIMI LD-S648<\/h3>\n<ul>\n<li><strong>X-BASS:<\/strong> Sum\u00e9rgete en un sonido profundo y envolvente con la tecnolog\u00eda X-Bass de nuestros parlantes. Disfruta de bajos potentes que vibran con cada nota, creando una experiencia auditiva impactante. Ideal para fiestas, reuniones o simplemente para disfrutar tu m\u00fasica favorita con la m\u00e1xima intensidad. \u00a1Siente la potencia del X-Bass y eleva tu sonido a otro nivel.<\/li>\n<li><strong>Wireless dual sound: <\/strong>Conecta dos parlantes sin cables y disfruta de una experiencia est\u00e9reo envolvente en cualquier espacio. Perfecto para crear un sonido expansivo en grandes \u00e1reas o para sumergirte en tus canciones favoritas sin perder calidad ni claridad. \u00a1Lleva tu m\u00fasica al siguiente nivel con la libertad del Wireless Dual Sound!<\/li>\n<li><strong>IPX6: <\/strong>Ahora lleva la fiesta a cualquier lugar, sin preocuparte por salpicaduras o lluvia, gracias a la protecci\u00f3n IPX6 de nuestros parlantes. Dise\u00f1ados para resistir agua y condiciones dif\u00edciles, son perfectos para la piscina, la playa o cualquier aventura al aire libre. \u00a1Disfruta de tu m\u00fasica con total confianza, sin importar el clima.<\/li>\n<li><strong>Tama\u00f1o port\u00e1til:<\/strong> 8.5x 15 cm<\/li>\n<li><strong>Bater\u00eda:\u00a0<\/strong>1200 mAh<\/li>\n<li><strong>Duraci\u00f3n de bater\u00eda:<\/strong> 6 horas de reproducci\u00f3n<\/li>\n<li><strong>Entrada de carga:\u00a0<\/strong>USB tipo C<\/li>\n<li><strong>Potencia:<\/strong> 10W<\/li>\n<li><strong>Radio FM integrada:<\/strong> Este parlante cuenta con radio FM para que no dejes de escuchar a tu emisora favorita.<\/li>\n<li><strong>Distancia de transmisi\u00f3n:<\/strong> 10 metros<\/li>\n<li><strong>Bluetooth:<\/strong> 5.0<\/li>\n<li><strong>Conexi\u00f3n Bluetooth:<\/strong> Reproducci\u00f3n inal\u00e1mbrica desde cualquier tipo de dispositivo<\/li>\n<li><strong>Otras conexiones:<\/strong> USB\/TF<\/li>\n<\/ul>\n<h3><b>Accesorios incluidos:<\/b><\/h3>\n<div>\n<ul>\n<li>1 Parlante port\u00e1til<\/li>\n<li>1 Cuerda para colgar o sujetar<\/li>\n<li>1 Cable de carga USB tipo C<\/li>\n<\/ul>\n<\/div>\n","protected":false},"excerpt":{"rendered":"<p><strong>Condici\u00f3n del producto:\u00a0<\/strong> Nuevo<\/p>\n<p><strong>Material: <\/strong>\u00a0ABS<\/p>\n<p><strong>Marca:\u00a0<\/strong>Lidimi<\/p>\n<p><strong>Modelo:\u00a0<\/strong> LD-S648<\/p>\n<p><strong>Pa\u00eds de origen: <\/strong>China<\/p>\n<p><strong>Potencia: <\/strong>10W<\/p>\n<p><strong>Resistente al agua:\u00a0<\/strong>Si<\/p>\n","protected":false},"featured_media":802,"comment_status":"closed","ping_status":"closed","template":"","meta":{"advanced_seo_description":"","jetpack_seo_html_title":"","jetpack_seo_noindex":false},"product_brand":[97],"product_cat":[53,54],"product_tag":[],"class_list":{"0":"post-800","1":"product","2":"type-product","3":"status-publish","4":"has-post-thumbnail","6":"product_brand-lidimi","7":"product_cat-parlantes","8":"product_cat-mini-parlantes","9":"product_shipping_class-paquete-xs","10":"wzta-woo-product-list","11":"opn-qv-enable","12":"royal-shop-woo-hover-zoom","13":"royal-shop-single-product-tab-horizontal","14":"royal-shop-shadow-","15":"royal-shop-shadow-hover-","17":"first","18":"instock","19":"purchasable","20":"product-type-simple"},"jetpack_sharing_enabled":true,"_links":{"self":[{"href":"https:\/\/multitiendaelectro.com\/index.php?rest_route=\/wp\/v2\/product\/800","targetHints":{"allow":["GET"]}}],"collection":[{"href":"https:\/\/multitiendaelectro.com\/index.php?rest_route=\/wp\/v2\/product"}],"about":[{"href":"https:\/\/multitiendaelectro.com\/index.php?rest_route=\/wp\/v2\/types\/product"}],"replies":[{"embeddable":true,"href":"https:\/\/multitiendaelectro.com\/index.php?rest_route=%2Fwp%2Fv2%2Fcomments&post=800"}],"wp:featuredmedia":[{"embeddable":true,"href":"https:\/\/multitiendaelectro.com\/index.php?rest_route=\/wp\/v2\/media\/802"}],"wp:attachment":[{"href":"https:\/\/multitiendaelectro.com\/index.php?rest_route=%2Fwp%2Fv2%2Fmedia&parent=800"}],"wp:term":[{"taxonomy":"product_brand","embeddable":true,"href":"https:\/\/multitiendaelectro.com\/index.php?rest_route=%2Fwp%2Fv2%2Fproduct_brand&post=800"},{"taxonomy":"product_cat","embeddable":true,"href":"https:\/\/multitiendaelectro.com\/index.php?rest_route=%2Fwp%2Fv2%2Fproduct_cat&post=800"},{"taxonomy":"product_tag","embeddable":true,"href":"https:\/\/multitiendaelectro.com\/index.php?rest_route=%2Fwp%2Fv2%2Fproduct_tag&post=800"}],"curies":[{"name":"wp","href":"https:\/\/api.w.org\/{rel}","templated":true}]}}