{"id":780,"date":"2024-10-17T15:08:05","date_gmt":"2024-10-17T20:08:05","guid":{"rendered":"https:\/\/multitiendaelectro.com\/?post_type=product&#038;p=780"},"modified":"2025-12-23T12:28:04","modified_gmt":"2025-12-23T17:28:04","slug":"parlante-portatil-con-alta-potencia-de-sonido-y-entrada-de-microfono-lidimi-ld-s007ac","status":"publish","type":"product","link":"https:\/\/multitiendaelectro.com\/?product=parlante-portatil-con-alta-potencia-de-sonido-y-entrada-de-microfono-lidimi-ld-s007ac","title":{"rendered":"LD-S007AC Parlante Port\u00e1til Lidimi con entrada de Micr\u00f3fono 44W"},"content":{"rendered":"<h3>MINI PARLANTE CON EXCELENTE CALIDAD DE SONIDO LIDIMI LD-S007AC<\/h3>\n<ul>\n<li><strong>BASS++:<\/strong> Siente cada golpe de ritmo con el poder extra de <strong>Bass++<\/strong>. Nuestros parlantes est\u00e1n dise\u00f1ados para ofrecer unos graves intensos y profundos que amplifican cada canci\u00f3n. Perfecto para quienes buscan una experiencia de sonido vibrante, donde cada nota grave se siente en el cuerpo. \u00a1Lleva tu m\u00fasica al l\u00edmite con el impresionante Bass++<\/li>\n<li><strong>Luz RGB:<\/strong> Personaliza tu ambiente con colores din\u00e1micos que se adaptan a cada canci\u00f3n, creando una atm\u00f3sfera inmersiva que no solo se escucha, \u00a1se vive!<\/li>\n<li><strong>Entrada para micr\u00f3fono:\u00a0<\/strong>Si<\/li>\n<li><strong>Tama\u00f1o port\u00e1til:<\/strong> 29x10x11 cm<\/li>\n<li><strong>Bater\u00eda:<\/strong> 2400 mAh<\/li>\n<li><strong>D<\/strong><strong>uraci\u00f3n de bater\u00eda:<\/strong> 8 horas de reproducci\u00f3n<\/li>\n<li><strong>Tiempo de carga:\u00a0<\/strong>2 horas para llegar al 100%<\/li>\n<li><strong>Entrada de carga:\u00a0<\/strong>Alimentaci\u00f3n AC y cable USB tipo C<\/li>\n<li><strong>Potencia:<\/strong> 44W<\/li>\n<li><strong>Radio FM integrada:<\/strong> Este parlante cuenta con radio FM para que no dejes de escuchar a tu emisora favorita.<\/li>\n<li><strong>Distancia de transmisi\u00f3n:<\/strong> 10 metros<\/li>\n<li><strong>Bluetooth:<\/strong> 5.2<\/li>\n<li><strong>Conexi\u00f3n Bluetooth:<\/strong> Reproducci\u00f3n inal\u00e1mbrica desde cualquier tipo de dispositivo<\/li>\n<li><strong>Otras conexiones:<\/strong> USB\/TF\/AUX\/MIC<\/li>\n<\/ul>\n<h3><b>Accesorios incluidos:<\/b><\/h3>\n<div>\n<ul>\n<li>1 Manual de uso<\/li>\n<li>1 Cargador a corriente<\/li>\n<\/ul>\n<\/div>\n","protected":false},"excerpt":{"rendered":"<p><strong>Condici\u00f3n del producto:\u00a0<\/strong> Nuevo<\/p>\n<p><strong>Material: <\/strong>\u00a0ABS<\/p>\n<p><strong>Marca:\u00a0<\/strong>Lidimi<\/p>\n<p><strong>Modelo:\u00a0<\/strong> LD-S007AC<\/p>\n<p><strong>Pa\u00eds de origen: <\/strong>China<\/p>\n<p><strong>Potencia:<\/strong> 44W<\/p>\n<p><strong>Resistente al agua:\u00a0<\/strong>No<\/p>\n","protected":false},"featured_media":784,"comment_status":"open","ping_status":"closed","template":"","meta":{"advanced_seo_description":"","jetpack_seo_html_title":"","jetpack_seo_noindex":false},"product_brand":[97],"product_cat":[53,54],"product_tag":[],"class_list":{"0":"post-780","1":"product","2":"type-product","3":"status-publish","4":"has-post-thumbnail","6":"product_brand-lidimi","7":"product_cat-parlantes","8":"product_cat-mini-parlantes","9":"wzta-woo-product-list","10":"opn-qv-enable","11":"royal-shop-woo-hover-zoom","12":"royal-shop-single-product-tab-horizontal","13":"royal-shop-shadow-","14":"royal-shop-shadow-hover-","16":"first","17":"instock","18":"purchasable","19":"product-type-simple"},"jetpack_sharing_enabled":true,"_links":{"self":[{"href":"https:\/\/multitiendaelectro.com\/index.php?rest_route=\/wp\/v2\/product\/780","targetHints":{"allow":["GET"]}}],"collection":[{"href":"https:\/\/multitiendaelectro.com\/index.php?rest_route=\/wp\/v2\/product"}],"about":[{"href":"https:\/\/multitiendaelectro.com\/index.php?rest_route=\/wp\/v2\/types\/product"}],"replies":[{"embeddable":true,"href":"https:\/\/multitiendaelectro.com\/index.php?rest_route=%2Fwp%2Fv2%2Fcomments&post=780"}],"wp:featuredmedia":[{"embeddable":true,"href":"https:\/\/multitiendaelectro.com\/index.php?rest_route=\/wp\/v2\/media\/784"}],"wp:attachment":[{"href":"https:\/\/multitiendaelectro.com\/index.php?rest_route=%2Fwp%2Fv2%2Fmedia&parent=780"}],"wp:term":[{"taxonomy":"product_brand","embeddable":true,"href":"https:\/\/multitiendaelectro.com\/index.php?rest_route=%2Fwp%2Fv2%2Fproduct_brand&post=780"},{"taxonomy":"product_cat","embeddable":true,"href":"https:\/\/multitiendaelectro.com\/index.php?rest_route=%2Fwp%2Fv2%2Fproduct_cat&post=780"},{"taxonomy":"product_tag","embeddable":true,"href":"https:\/\/multitiendaelectro.com\/index.php?rest_route=%2Fwp%2Fv2%2Fproduct_tag&post=780"}],"curies":[{"name":"wp","href":"https:\/\/api.w.org\/{rel}","templated":true}]}}