{"id":5487,"date":"2026-03-03T12:56:25","date_gmt":"2026-03-03T17:56:25","guid":{"rendered":"https:\/\/multitiendaelectro.com\/?post_type=product&#038;p=5487"},"modified":"2026-03-24T11:31:53","modified_gmt":"2026-03-24T16:31:53","slug":"cn-f4927b-ventilador-plegable-portatil-cafini-5w","status":"publish","type":"product","link":"https:\/\/multitiendaelectro.com\/?product=cn-f4927b-ventilador-plegable-portatil-cafini-5w","title":{"rendered":"CN-F4927B Ventilador Plegable Port\u00e1til Cafini 5W"},"content":{"rendered":"<p data-start=\"0\" data-end=\"51\"><strong data-start=\"0\" data-end=\"51\">Ventilador plegable CAFINI CN-F4927B<\/strong><\/p>\n<p data-start=\"53\" data-end=\"394\"><strong data-start=\"53\" data-end=\"69\">Descripci\u00f3n:<\/strong><br data-start=\"69\" data-end=\"72\" \/>El CAFINI CN-F4927B es un ventilador de escritorio plegable y recargable, ideal para uso en oficina, dormitorio o estudio. Su dise\u00f1o compacto permite ajustar la inclinaci\u00f3n y guardarlo f\u00e1cilmente. Incorpora bater\u00eda de litio, m\u00faltiples velocidades y luz LED frontal, ofreciendo practicidad y comodidad en cualquier espacio.<\/p>\n<p data-start=\"396\" data-end=\"418\"><strong data-start=\"396\" data-end=\"416\">Caracter\u00edsticas:<\/strong><\/p>\n<ul data-start=\"419\" data-end=\"811\">\n<li data-start=\"419\" data-end=\"440\">\n<p data-start=\"421\" data-end=\"440\">Modelo: CN-F4927B<\/p>\n<\/li>\n<li data-start=\"475\" data-end=\"515\">\n<p data-start=\"477\" data-end=\"515\">Dimensiones del producto: 28 \u00d7 16 cm<\/p>\n<\/li>\n<li data-start=\"516\" data-end=\"547\">\n<p data-start=\"518\" data-end=\"547\">Dise\u00f1o plegable y ajustable<\/p>\n<\/li>\n<li data-start=\"548\" data-end=\"582\">\n<p data-start=\"550\" data-end=\"582\">Bater\u00eda de litio: 1500 mAh \u00d7 2<\/p>\n<\/li>\n<li data-start=\"583\" data-end=\"609\">\n<p data-start=\"585\" data-end=\"609\">3 niveles de velocidad<\/p>\n<\/li>\n<li data-start=\"673\" data-end=\"692\">\n<p data-start=\"675\" data-end=\"692\">Luz LED frontal:<\/p>\n<ul data-start=\"419\" data-end=\"811\">\n<li data-start=\"673\" data-end=\"692\">2 niveles de iluminaci\u00f3n<\/li>\n<\/ul>\n<\/li>\n<li data-start=\"720\" data-end=\"746\">\n<p data-start=\"722\" data-end=\"746\">Puerto de carga Tipo-C<\/p>\n<\/li>\n<li data-start=\"747\" data-end=\"776\">\n<p data-start=\"749\" data-end=\"776\">Indicador visual de carga<\/p>\n<\/li>\n<\/ul>\n<p data-start=\"813\" data-end=\"829\"><strong data-start=\"813\" data-end=\"827\">Funciones:<\/strong><\/p>\n<ul data-start=\"830\" data-end=\"1119\">\n<li data-start=\"830\" data-end=\"874\">\n<p data-start=\"832\" data-end=\"874\">Ventilaci\u00f3n con 3 velocidades ajustables<\/p>\n<\/li>\n<li data-start=\"875\" data-end=\"934\">\n<p data-start=\"877\" data-end=\"934\">Ajuste de inclinaci\u00f3n para direccionar el flujo de aire<\/p>\n<\/li>\n<li data-start=\"935\" data-end=\"980\">\n<p data-start=\"937\" data-end=\"980\">Iluminaci\u00f3n LED frontal para uso nocturno<\/p>\n<\/li>\n<li data-start=\"1018\" data-end=\"1077\">\n<p data-start=\"1020\" data-end=\"1077\">Sistema plegable para f\u00e1cil transporte y almacenamiento<\/p>\n<\/li>\n<\/ul>\n<p data-start=\"1121\" data-end=\"1148\"><strong data-start=\"1121\" data-end=\"1146\">Accesorios incluidos:<\/strong><\/p>\n<ul data-start=\"1149\" data-end=\"1254\" data-is-last-node=\"\" data-is-only-node=\"\">\n<li data-start=\"1175\" data-end=\"1202\">\n<p data-start=\"1177\" data-end=\"1202\">Cable de carga Tipo-C<\/p>\n<\/li>\n<\/ul>\n","protected":false},"excerpt":{"rendered":"<p><strong>Condici\u00f3n del producto:<\/strong> Nuevo<\/p>\n<p><strong>Marca:<\/strong> Cafini<\/p>\n<p><strong>Modelo:<\/strong> CN-F4927B<\/p>\n<p><strong>Pa\u00eds de origen:<\/strong> China<\/p>\n<p><strong>Potencia:<\/strong> 5W<\/p>\n","protected":false},"featured_media":5489,"comment_status":"open","ping_status":"closed","template":"","meta":{"advanced_seo_description":"","jetpack_seo_html_title":"","jetpack_seo_noindex":false},"product_brand":[98],"product_cat":[85],"product_tag":[],"class_list":{"0":"post-5487","1":"product","2":"type-product","3":"status-publish","4":"has-post-thumbnail","6":"product_brand-cafini","7":"product_cat-ventiladores","8":"wzta-woo-product-list","9":"opn-qv-enable","10":"royal-shop-woo-hover-zoom","11":"royal-shop-single-product-tab-horizontal","12":"royal-shop-shadow-","13":"royal-shop-shadow-hover-","15":"first","16":"instock","17":"shipping-taxable","18":"purchasable","19":"product-type-simple"},"jetpack_sharing_enabled":true,"_links":{"self":[{"href":"https:\/\/multitiendaelectro.com\/index.php?rest_route=\/wp\/v2\/product\/5487","targetHints":{"allow":["GET"]}}],"collection":[{"href":"https:\/\/multitiendaelectro.com\/index.php?rest_route=\/wp\/v2\/product"}],"about":[{"href":"https:\/\/multitiendaelectro.com\/index.php?rest_route=\/wp\/v2\/types\/product"}],"replies":[{"embeddable":true,"href":"https:\/\/multitiendaelectro.com\/index.php?rest_route=%2Fwp%2Fv2%2Fcomments&post=5487"}],"wp:featuredmedia":[{"embeddable":true,"href":"https:\/\/multitiendaelectro.com\/index.php?rest_route=\/wp\/v2\/media\/5489"}],"wp:attachment":[{"href":"https:\/\/multitiendaelectro.com\/index.php?rest_route=%2Fwp%2Fv2%2Fmedia&parent=5487"}],"wp:term":[{"taxonomy":"product_brand","embeddable":true,"href":"https:\/\/multitiendaelectro.com\/index.php?rest_route=%2Fwp%2Fv2%2Fproduct_brand&post=5487"},{"taxonomy":"product_cat","embeddable":true,"href":"https:\/\/multitiendaelectro.com\/index.php?rest_route=%2Fwp%2Fv2%2Fproduct_cat&post=5487"},{"taxonomy":"product_tag","embeddable":true,"href":"https:\/\/multitiendaelectro.com\/index.php?rest_route=%2Fwp%2Fv2%2Fproduct_tag&post=5487"}],"curies":[{"name":"wp","href":"https:\/\/api.w.org\/{rel}","templated":true}]}}