{"id":5398,"date":"2026-02-27T15:41:13","date_gmt":"2026-02-27T20:41:13","guid":{"rendered":"https:\/\/multitiendaelectro.com\/?post_type=product&#038;p=5398"},"modified":"2026-03-24T11:26:40","modified_gmt":"2026-03-24T16:26:40","slug":"cn-f2914bt-ventilador-portatil-cafini-21w","status":"publish","type":"product","link":"https:\/\/multitiendaelectro.com\/?product=cn-f2914bt-ventilador-portatil-cafini-21w","title":{"rendered":"CN-F2914BT Ventilador Port\u00e1til Cafini 21W"},"content":{"rendered":"<div class=\"flex max-w-full flex-col grow\">\n<div class=\"min-h-8 text-message relative flex w-full flex-col items-end gap-2 text-start break-words whitespace-normal [.text-message+&amp;]:mt-1\" dir=\"auto\" data-message-author-role=\"assistant\" data-message-id=\"5c683a20-89ee-4538-8224-312828db99b1\" data-message-model-slug=\"gpt-5-2\">\n<div class=\"flex w-full flex-col gap-1 empty:hidden first:pt-[1px]\">\n<div class=\"markdown prose dark:prose-invert w-full wrap-break-word dark markdown-new-styling\">\n<p data-start=\"0\" data-end=\"50\"><strong>Ventilador CAFINI CN-F2914BT<\/strong><\/p>\n<p data-start=\"52\" data-end=\"374\"><strong data-start=\"52\" data-end=\"68\">Descripci\u00f3n:<\/strong><br data-start=\"68\" data-end=\"71\" \/>El Ventilador Solar CAFINI CN-F2914BT de 14 pulgadas ofrece ventilaci\u00f3n eficiente con potencia de 21W. Incorpora bater\u00eda recargable de 4500mAh y alimentaci\u00f3n por corriente AC, permitiendo su uso continuo incluso ante cortes de energ\u00eda.<\/p>\n<p data-start=\"376\" data-end=\"398\"><strong data-start=\"376\" data-end=\"396\">Caracter\u00edsticas:<\/strong><\/p>\n<ul data-start=\"399\" data-end=\"673\">\n<li data-start=\"399\" data-end=\"419\">\n<p data-start=\"401\" data-end=\"419\">Modelo: CN-F2914BT<\/p>\n<\/li>\n<li data-start=\"450\" data-end=\"485\">\n<p data-start=\"452\" data-end=\"485\">Dimensiones: 52 \u00d7 39 cm<\/p>\n<\/li>\n<li data-start=\"519\" data-end=\"546\">\n<p data-start=\"521\" data-end=\"546\">Potencia: 21W<\/p>\n<\/li>\n<li data-start=\"547\" data-end=\"577\">\n<p data-start=\"549\" data-end=\"577\">Alimentaci\u00f3n AC Line<\/p>\n<\/li>\n<li data-start=\"578\" data-end=\"611\">\n<p data-start=\"580\" data-end=\"611\">Bater\u00eda recargable: 4500 mAh<\/p>\n<\/li>\n<li data-start=\"612\" data-end=\"644\">Base movible<\/li>\n<\/ul>\n<p data-start=\"675\" data-end=\"691\"><strong data-start=\"675\" data-end=\"689\">Funciones:<\/strong><\/p>\n<ul>\n<li>Ventilaci\u00f3n para interiores y exteriores.<\/li>\n<li>Funcionamiento con corriente o bater\u00eda.<\/li>\n<li>Ideal para hogares, oficinas y espacios ventilados<\/li>\n<li>Funci\u00f3n de luz LED<\/li>\n<li>Funci\u00f3n de power bank con salida de corriente para USB<\/li>\n<\/ul>\n<p><strong data-start=\"945\" data-end=\"970\">Accesorios incluidos:<\/strong><\/p>\n<ul>\n<li><span class=\"a_GcMg font-feature-liga-off font-feature-clig-off font-feature-calt-off text-decoration-none text-strikethrough-none\">Cable de alimentaci\u00f3n AC<\/span><\/li>\n<li><span class=\"a_GcMg font-feature-liga-off font-feature-clig-off font-feature-calt-off text-decoration-none text-strikethrough-none\">Base movible<\/span><\/li>\n<\/ul>\n<\/div>\n<\/div>\n<\/div>\n<\/div>\n<div class=\"z-0 flex min-h-[46px] justify-start\"><\/div>\n","protected":false},"excerpt":{"rendered":"<p><strong>Condici\u00f3n del producto:<\/strong> Nuevo<\/p>\n<p><strong>Marca:<\/strong> Cafini<\/p>\n<p><strong>Modelo:<\/strong> CN-F2914BT<\/p>\n<p><strong>Pa\u00eds de origen:<\/strong> China<\/p>\n<p><strong>Potencia:<\/strong> 21W<\/p>\n","protected":false},"featured_media":5399,"comment_status":"closed","ping_status":"closed","template":"","meta":{"advanced_seo_description":"","jetpack_seo_html_title":"","jetpack_seo_noindex":false},"product_brand":[98],"product_cat":[85],"product_tag":[],"class_list":{"0":"post-5398","1":"product","2":"type-product","3":"status-publish","4":"has-post-thumbnail","6":"product_brand-cafini","7":"product_cat-ventiladores","8":"wzta-woo-product-list","9":"opn-qv-enable","10":"royal-shop-woo-hover-zoom","11":"royal-shop-single-product-tab-horizontal","12":"royal-shop-shadow-","13":"royal-shop-shadow-hover-","15":"first","16":"instock","17":"shipping-taxable","18":"purchasable","19":"product-type-simple"},"jetpack_sharing_enabled":true,"_links":{"self":[{"href":"https:\/\/multitiendaelectro.com\/index.php?rest_route=\/wp\/v2\/product\/5398","targetHints":{"allow":["GET"]}}],"collection":[{"href":"https:\/\/multitiendaelectro.com\/index.php?rest_route=\/wp\/v2\/product"}],"about":[{"href":"https:\/\/multitiendaelectro.com\/index.php?rest_route=\/wp\/v2\/types\/product"}],"replies":[{"embeddable":true,"href":"https:\/\/multitiendaelectro.com\/index.php?rest_route=%2Fwp%2Fv2%2Fcomments&post=5398"}],"wp:featuredmedia":[{"embeddable":true,"href":"https:\/\/multitiendaelectro.com\/index.php?rest_route=\/wp\/v2\/media\/5399"}],"wp:attachment":[{"href":"https:\/\/multitiendaelectro.com\/index.php?rest_route=%2Fwp%2Fv2%2Fmedia&parent=5398"}],"wp:term":[{"taxonomy":"product_brand","embeddable":true,"href":"https:\/\/multitiendaelectro.com\/index.php?rest_route=%2Fwp%2Fv2%2Fproduct_brand&post=5398"},{"taxonomy":"product_cat","embeddable":true,"href":"https:\/\/multitiendaelectro.com\/index.php?rest_route=%2Fwp%2Fv2%2Fproduct_cat&post=5398"},{"taxonomy":"product_tag","embeddable":true,"href":"https:\/\/multitiendaelectro.com\/index.php?rest_route=%2Fwp%2Fv2%2Fproduct_tag&post=5398"}],"curies":[{"name":"wp","href":"https:\/\/api.w.org\/{rel}","templated":true}]}}