{"id":4976,"date":"2026-01-13T11:06:02","date_gmt":"2026-01-13T16:06:02","guid":{"rendered":"https:\/\/multitiendaelectro.com\/?post_type=product&#038;p=4976"},"modified":"2026-01-30T14:43:50","modified_gmt":"2026-01-30T19:43:50","slug":"ld-s993p-torre-de-sonido-bluetooth-con-pantalla-tactil-lidimi-160w","status":"publish","type":"product","link":"https:\/\/multitiendaelectro.com\/?product=ld-s993p-torre-de-sonido-bluetooth-con-pantalla-tactil-lidimi-160w","title":{"rendered":"LD-S993P Torre de sonido Bluetooth con Pantalla t\u00e1ctil Lidimi 160W"},"content":{"rendered":"<p data-start=\"107\" data-end=\"152\"><strong data-start=\"107\" data-end=\"152\">Parlante Torre Multimedia LIDIMI LD-S993P<\/strong><\/p>\n<p data-start=\"154\" data-end=\"169\"><strong data-start=\"154\" data-end=\"169\">Descripci\u00f3n:<\/strong><\/p>\n<p data-start=\"171\" data-end=\"553\">El LIDIMI LD-S993P es un parlante tipo torre de alto rendimiento dise\u00f1ado para ofrecer una experiencia audiovisual completa. Integra una pantalla t\u00e1ctil capacitiva de gran formato, sistema de iluminaci\u00f3n LED din\u00e1mica y una potente configuraci\u00f3n de audio ideal para eventos, karaoke, fiestas y uso profesional. Su amplia conectividad lo convierte en un centro multimedia todo en uno.<\/p>\n<p data-start=\"560\" data-end=\"579\"><strong data-start=\"560\" data-end=\"579\">Caracter\u00edsticas:<\/strong><\/p>\n<ul data-start=\"581\" data-end=\"934\">\n<li data-start=\"581\" data-end=\"616\">\n<p data-start=\"583\" data-end=\"616\">Tipo: Parlante torre multimedia<\/p>\n<\/li>\n<li data-start=\"617\" data-end=\"646\">\n<p data-start=\"619\" data-end=\"646\">Potencia de salida: 160 W<\/p>\n<\/li>\n<li data-start=\"647\" data-end=\"709\">\n<p data-start=\"649\" data-end=\"678\">Configuraci\u00f3n de altavoces:<\/p>\n<ul data-start=\"681\" data-end=\"709\">\n<li data-start=\"681\" data-end=\"709\">\n<p data-start=\"683\" data-end=\"709\">2 woofers de 12 pulgadas<\/p>\n<\/li>\n<\/ul>\n<\/li>\n<li data-start=\"710\" data-end=\"817\">\n<p data-start=\"712\" data-end=\"723\">Pantalla:<\/p>\n<ul data-start=\"726\" data-end=\"817\">\n<li data-start=\"726\" data-end=\"756\">\n<p data-start=\"728\" data-end=\"756\">Pantalla t\u00e1ctil capacitiva<\/p>\n<\/li>\n<li data-start=\"759\" data-end=\"784\">\n<p data-start=\"761\" data-end=\"784\">Tama\u00f1o: 15.4 pulgadas<\/p>\n<\/li>\n<li data-start=\"787\" data-end=\"817\">\n<p data-start=\"789\" data-end=\"817\">Resoluci\u00f3n: 1280 \u00d7 800 DPI<\/p>\n<\/li>\n<\/ul>\n<\/li>\n<li data-start=\"818\" data-end=\"857\">\n<p data-start=\"820\" data-end=\"857\">Dimensiones: 39.1 \u00d7 36.5 \u00d7 156.3 cm<\/p>\n<\/li>\n<li data-start=\"858\" data-end=\"882\">\n<p data-start=\"860\" data-end=\"882\">Voltaje: 12 V \u2013 14 A<\/p>\n<\/li>\n<li data-start=\"883\" data-end=\"934\">\n<p data-start=\"885\" data-end=\"934\">Sistema de iluminaci\u00f3n LED multicolor integrado<\/p>\n<\/li>\n<\/ul>\n<p data-start=\"941\" data-end=\"968\"><strong data-start=\"941\" data-end=\"968\">Conectividad y entradas:<\/strong><\/p>\n<ul data-start=\"970\" data-end=\"1095\">\n<li data-start=\"970\" data-end=\"983\">\n<p data-start=\"972\" data-end=\"983\">Bluetooth<\/p>\n<\/li>\n<li data-start=\"984\" data-end=\"991\">\n<p data-start=\"986\" data-end=\"991\">USB<\/p>\n<\/li>\n<li data-start=\"992\" data-end=\"1006\">\n<p data-start=\"994\" data-end=\"1006\">Tarjeta SD<\/p>\n<\/li>\n<li data-start=\"1007\" data-end=\"1015\">\n<p data-start=\"1009\" data-end=\"1015\">HDMI<\/p>\n<\/li>\n<li data-start=\"1016\" data-end=\"1036\">\n<p data-start=\"1018\" data-end=\"1036\">Entrada auxiliar<\/p>\n<\/li>\n<li data-start=\"1037\" data-end=\"1066\">\n<p data-start=\"1039\" data-end=\"1066\">Entrada para micr\u00f3fono: 2<\/p>\n<\/li>\n<li data-start=\"1067\" data-end=\"1095\">\n<p data-start=\"1069\" data-end=\"1095\">Entrada para guitarra: 1<\/p>\n<\/li>\n<li data-start=\"1067\" data-end=\"1095\">\n<p data-start=\"1069\" data-end=\"1095\">Alimentaci\u00f3n:<\/p>\n<\/li>\n<\/ul>\n<ul>\n<li style=\"list-style-type: none\">\n<ul data-start=\"1120\" data-end=\"1189\">\n<li data-start=\"1120\" data-end=\"1139\">\n<p data-start=\"1122\" data-end=\"1139\">Entrada DC 12 V<\/p>\n<\/li>\n<li data-start=\"1140\" data-end=\"1159\">\n<p data-start=\"1142\" data-end=\"1159\">Entrada DC 15 V<\/p>\n<\/li>\n<li data-start=\"1160\" data-end=\"1189\">\n<p data-start=\"1162\" data-end=\"1189\">Alimentaci\u00f3n AC 110\u2013240 V<\/p>\n<\/li>\n<\/ul>\n<\/li>\n<\/ul>\n<p data-start=\"1196\" data-end=\"1209\"><strong data-start=\"1196\" data-end=\"1209\">Funciones:<\/strong><\/p>\n<ul data-start=\"1211\" data-end=\"1660\">\n<li data-start=\"1211\" data-end=\"1280\">\n<p data-start=\"1213\" data-end=\"1280\">Reproducci\u00f3n de audio y video mediante pantalla t\u00e1ctil integrada.<\/p>\n<\/li>\n<li data-start=\"1281\" data-end=\"1374\">\n<p data-start=\"1283\" data-end=\"1374\">Conectividad Bluetooth para transmisi\u00f3n inal\u00e1mbrica desde smartphones, tablets y laptops.<\/p>\n<\/li>\n<li data-start=\"1375\" data-end=\"1435\">\n<p data-start=\"1377\" data-end=\"1435\">Funci\u00f3n karaoke con control independiente de micr\u00f3fonos.<\/p>\n<\/li>\n<li data-start=\"1436\" data-end=\"1501\">\n<p data-start=\"1438\" data-end=\"1501\">Compatibilidad con guitarra el\u00e9ctrica o ac\u00fastica amplificada.<\/p>\n<\/li>\n<li data-start=\"1502\" data-end=\"1558\">\n<p data-start=\"1504\" data-end=\"1558\">Iluminaci\u00f3n LED din\u00e1mica sincronizada con la m\u00fasica.<\/p>\n<\/li>\n<li data-start=\"1559\" data-end=\"1607\">\n<p data-start=\"1561\" data-end=\"1607\">Reproducci\u00f3n directa desde USB y tarjeta SD.<\/p>\n<\/li>\n<li data-start=\"1608\" data-end=\"1660\">\n<p data-start=\"1610\" data-end=\"1660\">Conexi\u00f3n HDMI para contenido multimedia externo.<\/p>\n<\/li>\n<\/ul>\n<p data-start=\"1667\" data-end=\"1691\"><strong data-start=\"1667\" data-end=\"1691\">Accesorios incluidos:<\/strong><\/p>\n<ul data-start=\"1693\" data-end=\"1849\">\n<li data-start=\"1730\" data-end=\"1759\">\n<p data-start=\"1732\" data-end=\"1759\">2 micr\u00f3fonos inal\u00e1mbricos<\/p>\n<\/li>\n<li data-start=\"1760\" data-end=\"1780\">\n<p data-start=\"1762\" data-end=\"1780\">Control remoto<\/p>\n<\/li>\n<li data-start=\"1781\" data-end=\"1808\">\n<p data-start=\"1783\" data-end=\"1808\">Cable de alimentaci\u00f3n<\/p>\n<\/li>\n<li data-start=\"1809\" data-end=\"1827\">\n<p data-start=\"1811\" data-end=\"1827\">Cable Type-C<\/p>\n<\/li>\n<li data-start=\"1828\" data-end=\"1849\">\n<p data-start=\"1830\" data-end=\"1849\">Manual de usuario<\/p>\n<\/li>\n<\/ul>\n","protected":false},"excerpt":{"rendered":"<p><strong>Condici\u00f3n del producto:<\/strong> Nuevo<br \/>\n<strong>Material:<\/strong> ABS<br \/>\n<strong>Marca:<\/strong> Lidimi<br \/>\n<strong>Modelo:<\/strong> LD-S993P<br \/>\n<strong>Potencia:<\/strong> 160W<br \/>\n<strong>Pa\u00eds de origen:<\/strong> China<\/p>\n","protected":false},"featured_media":4977,"comment_status":"open","ping_status":"closed","template":"","meta":{"advanced_seo_description":"","jetpack_seo_html_title":"","jetpack_seo_noindex":false},"product_brand":[97],"product_cat":[53,55],"product_tag":[],"class_list":{"0":"post-4976","1":"product","2":"type-product","3":"status-publish","4":"has-post-thumbnail","6":"product_brand-lidimi","7":"product_cat-parlantes","8":"product_cat-parlantes-torre","9":"wzta-woo-product-list","10":"opn-qv-enable","11":"royal-shop-woo-hover-zoom","12":"royal-shop-single-product-tab-horizontal","13":"royal-shop-shadow-","14":"royal-shop-shadow-hover-","16":"first","17":"instock","18":"shipping-taxable","19":"purchasable","20":"product-type-simple"},"jetpack_sharing_enabled":true,"_links":{"self":[{"href":"https:\/\/multitiendaelectro.com\/index.php?rest_route=\/wp\/v2\/product\/4976","targetHints":{"allow":["GET"]}}],"collection":[{"href":"https:\/\/multitiendaelectro.com\/index.php?rest_route=\/wp\/v2\/product"}],"about":[{"href":"https:\/\/multitiendaelectro.com\/index.php?rest_route=\/wp\/v2\/types\/product"}],"replies":[{"embeddable":true,"href":"https:\/\/multitiendaelectro.com\/index.php?rest_route=%2Fwp%2Fv2%2Fcomments&post=4976"}],"wp:featuredmedia":[{"embeddable":true,"href":"https:\/\/multitiendaelectro.com\/index.php?rest_route=\/wp\/v2\/media\/4977"}],"wp:attachment":[{"href":"https:\/\/multitiendaelectro.com\/index.php?rest_route=%2Fwp%2Fv2%2Fmedia&parent=4976"}],"wp:term":[{"taxonomy":"product_brand","embeddable":true,"href":"https:\/\/multitiendaelectro.com\/index.php?rest_route=%2Fwp%2Fv2%2Fproduct_brand&post=4976"},{"taxonomy":"product_cat","embeddable":true,"href":"https:\/\/multitiendaelectro.com\/index.php?rest_route=%2Fwp%2Fv2%2Fproduct_cat&post=4976"},{"taxonomy":"product_tag","embeddable":true,"href":"https:\/\/multitiendaelectro.com\/index.php?rest_route=%2Fwp%2Fv2%2Fproduct_tag&post=4976"}],"curies":[{"name":"wp","href":"https:\/\/api.w.org\/{rel}","templated":true}]}}