{"id":4323,"date":"2025-10-28T14:32:28","date_gmt":"2025-10-28T19:32:28","guid":{"rendered":"https:\/\/multitiendaelectro.com\/?post_type=product&#038;p=4323"},"modified":"2026-03-05T15:44:42","modified_gmt":"2026-03-05T20:44:42","slug":"sc-ty2605-sistema-de-energia-solar-sanci-6300w","status":"publish","type":"product","link":"https:\/\/multitiendaelectro.com\/?product=sc-ty2605-sistema-de-energia-solar-sanci-6300w","title":{"rendered":"SC-TY2605 Sistema de Energ\u00eda Solar Sanci &#8211; 6300W"},"content":{"rendered":"<h2 data-start=\"241\" data-end=\"296\"><strong data-start=\"244\" data-end=\"296\">Sistema de Energ\u00eda Solar SANCI SC-TY2605 (6300W)<\/strong><\/h2>\n<h3 data-start=\"298\" data-end=\"319\"><strong data-start=\"302\" data-end=\"317\">Descripci\u00f3n:<\/strong><\/h3>\n<p data-start=\"320\" data-end=\"853\">El SANCI SC-TY2605 de 6300W es un sistema solar de alto rendimiento dise\u00f1ado para ofrecer energ\u00eda continua y confiable en hogares, negocios o zonas sin acceso estable a la red el\u00e9ctrica.<br data-start=\"514\" data-end=\"517\" \/>Cuenta con una bater\u00eda de gran capacidad, inversor de onda pura y controlador solar inteligente MPPT, brindando una fuente de energ\u00eda segura, silenciosa y 100 % ecol\u00f3gica.<br data-start=\"700\" data-end=\"703\" \/>Ideal para quienes buscan independencia energ\u00e9tica o desean reducir el consumo el\u00e9ctrico convencional, sin sacrificar comodidad ni potencia.<\/p>\n<h3 data-start=\"860\" data-end=\"885\"><strong data-start=\"864\" data-end=\"883\">Caracter\u00edsticas:<\/strong><\/h3>\n<ul data-start=\"886\" data-end=\"1667\">\n<li data-start=\"886\" data-end=\"917\">\n<p data-start=\"888\" data-end=\"917\">Potencia: 6300W<\/p>\n<\/li>\n<li data-start=\"918\" data-end=\"966\">\n<p data-start=\"920\" data-end=\"966\">Tipo de bater\u00eda: Litio de larga duraci\u00f3n<\/p>\n<\/li>\n<li data-start=\"967\" data-end=\"1049\">\n<p data-start=\"969\" data-end=\"1049\">Arquitectura: Frecuencia industrial (mayor estabilidad para uso intensivo)<\/p>\n<\/li>\n<li data-start=\"1050\" data-end=\"1147\">\n<p data-start=\"1052\" data-end=\"1147\">Controlador solar: Tipo MPPT, que optimiza la carga y prolonga la vida \u00fatil de la bater\u00eda<\/p>\n<\/li>\n<li data-start=\"1148\" data-end=\"1268\">\n<p data-start=\"1150\" data-end=\"1268\">Tipo de salida: Onda sinusoidal pura (protege equipos sensibles como refrigeradoras, televisores o computadoras)<\/p>\n<\/li>\n<li data-start=\"1269\" data-end=\"1379\">\n<p data-start=\"1271\" data-end=\"1286\">Entradas:<\/p>\n<ul data-start=\"1289\" data-end=\"1379\">\n<li data-start=\"1289\" data-end=\"1330\">\n<p data-start=\"1291\" data-end=\"1330\">Energ\u00eda solar (paneles fotovoltaicos)<\/p>\n<\/li>\n<li data-start=\"1333\" data-end=\"1379\">\n<p data-start=\"1335\" data-end=\"1379\">Corriente alterna (AC) para carga auxiliar<\/p>\n<\/li>\n<\/ul>\n<\/li>\n<li data-start=\"1380\" data-end=\"1516\">\n<p data-start=\"1382\" data-end=\"1408\">Salidas disponibles:<\/p>\n<ul data-start=\"1411\" data-end=\"1516\">\n<li data-start=\"1411\" data-end=\"1437\">\n<p data-start=\"1413\" data-end=\"1437\">2 puertos USB (5V)<\/p>\n<\/li>\n<li data-start=\"1440\" data-end=\"1466\">\n<p data-start=\"1442\" data-end=\"1466\">2 salidas DC (12V)<\/p>\n<\/li>\n<li data-start=\"1469\" data-end=\"1516\">\n<p data-start=\"1471\" data-end=\"1516\">2 salidas AC (50 a 60 Hz)<\/p>\n<\/li>\n<\/ul>\n<\/li>\n<li data-start=\"1517\" data-end=\"1588\">\n<p data-start=\"1519\" data-end=\"1588\">Pantalla digital: muestra el estado de carga, consumo y voltaje<\/p>\n<\/li>\n<li data-start=\"1589\" data-end=\"1667\">\n<p data-start=\"1591\" data-end=\"1667\">Dise\u00f1o: estructura met\u00e1lica con ruedas, resistente y de f\u00e1cil traslado<\/p>\n<\/li>\n<\/ul>\n<h3 data-start=\"1674\" data-end=\"1693\">Funciones:<\/h3>\n<ul data-start=\"1694\" data-end=\"2661\">\n<li data-start=\"1694\" data-end=\"1872\">\n<p data-start=\"1696\" data-end=\"1872\">Energ\u00eda para todo el hogar: permite conectar y mantener encendidos varios aparatos a la vez, como refrigeradoras, televisores, ventiladores, computadoras, l\u00e1mparas y m\u00e1s.<\/p>\n<\/li>\n<li data-start=\"1873\" data-end=\"2007\">\n<p data-start=\"1875\" data-end=\"2007\">Sistema h\u00edbrido: puede funcionar con energ\u00eda solar y tambi\u00e9n recargarse desde la red el\u00e9ctrica, ofreciendo total flexibilidad.<\/p>\n<\/li>\n<li data-start=\"2008\" data-end=\"2178\">\n<p data-start=\"2010\" data-end=\"2178\">Refrigeraci\u00f3n autom\u00e1tica: su sistema de ventilaci\u00f3n interna evita el sobrecalentamiento, garantizando un funcionamiento estable incluso durante un uso prolongado.<\/p>\n<\/li>\n<li data-start=\"2179\" data-end=\"2302\">\n<p data-start=\"2181\" data-end=\"2302\">Protecci\u00f3n avanzada: cuenta con protecci\u00f3n contra sobrecarga, cortocircuitos, sobrevoltaje y exceso de temperatura.<\/p>\n<\/li>\n<li data-start=\"2303\" data-end=\"2435\">\n<p data-start=\"2305\" data-end=\"2435\">Funcionamiento silencioso y ecol\u00f3gico: no genera ruido ni emisiones contaminantes, ideal para entornos dom\u00e9sticos y rurales.<\/p>\n<\/li>\n<li data-start=\"2436\" data-end=\"2571\">\n<p data-start=\"2438\" data-end=\"2571\">Energ\u00eda estable y limpia: la onda sinusoidal pura ofrece corriente segura para aparatos delicados o electr\u00f3nicos de alto valor.<\/p>\n<\/li>\n<li data-start=\"2572\" data-end=\"2661\">\n<p data-start=\"2574\" data-end=\"2661\">F\u00e1cil movilidad: ruedas integradas para moverlo sin esfuerzo a cualquier espacio.<\/p>\n<\/li>\n<\/ul>\n","protected":false},"excerpt":{"rendered":"<p>Condici\u00f3n del producto: Nuevo<\/p>\n<p>Material: Metal galvanizado con recubrimiento<\/p>\n<p>Marca: Sanci<\/p>\n<p>Modelo: SC-TY2605<\/p>\n<p>Pa\u00eds de origen: China<\/p>\n<p>Potencia: 6300W<\/p>\n","protected":false},"featured_media":4453,"comment_status":"open","ping_status":"closed","template":"","meta":{"advanced_seo_description":"","jetpack_seo_html_title":"","jetpack_seo_noindex":false},"product_brand":[99],"product_cat":[52],"product_tag":[],"class_list":{"0":"post-4323","1":"product","2":"type-product","3":"status-publish","4":"has-post-thumbnail","6":"product_brand-sanci","7":"product_cat-estacion-de-energia-portatil","8":"wzta-woo-product-list","9":"opn-qv-enable","10":"royal-shop-woo-hover-zoom","11":"royal-shop-single-product-tab-horizontal","12":"royal-shop-shadow-","13":"royal-shop-shadow-hover-","15":"first","16":"outofstock","17":"shipping-taxable","18":"purchasable","19":"product-type-simple"},"jetpack_sharing_enabled":true,"_links":{"self":[{"href":"https:\/\/multitiendaelectro.com\/index.php?rest_route=\/wp\/v2\/product\/4323","targetHints":{"allow":["GET"]}}],"collection":[{"href":"https:\/\/multitiendaelectro.com\/index.php?rest_route=\/wp\/v2\/product"}],"about":[{"href":"https:\/\/multitiendaelectro.com\/index.php?rest_route=\/wp\/v2\/types\/product"}],"replies":[{"embeddable":true,"href":"https:\/\/multitiendaelectro.com\/index.php?rest_route=%2Fwp%2Fv2%2Fcomments&post=4323"}],"wp:featuredmedia":[{"embeddable":true,"href":"https:\/\/multitiendaelectro.com\/index.php?rest_route=\/wp\/v2\/media\/4453"}],"wp:attachment":[{"href":"https:\/\/multitiendaelectro.com\/index.php?rest_route=%2Fwp%2Fv2%2Fmedia&parent=4323"}],"wp:term":[{"taxonomy":"product_brand","embeddable":true,"href":"https:\/\/multitiendaelectro.com\/index.php?rest_route=%2Fwp%2Fv2%2Fproduct_brand&post=4323"},{"taxonomy":"product_cat","embeddable":true,"href":"https:\/\/multitiendaelectro.com\/index.php?rest_route=%2Fwp%2Fv2%2Fproduct_cat&post=4323"},{"taxonomy":"product_tag","embeddable":true,"href":"https:\/\/multitiendaelectro.com\/index.php?rest_route=%2Fwp%2Fv2%2Fproduct_tag&post=4323"}],"curies":[{"name":"wp","href":"https:\/\/api.w.org\/{rel}","templated":true}]}}