{"id":4256,"date":"2025-10-23T16:04:30","date_gmt":"2025-10-23T21:04:30","guid":{"rendered":"https:\/\/multitiendaelectro.com\/?post_type=product&#038;p=4256"},"modified":"2026-04-07T09:35:15","modified_gmt":"2026-04-07T14:35:15","slug":"d-s655-parlante-portatil-lidimi-super-120w-con-funcion-tws","status":"publish","type":"product","link":"https:\/\/multitiendaelectro.com\/?product=d-s655-parlante-portatil-lidimi-super-120w-con-funcion-tws","title":{"rendered":"D-S655 Parlante Port\u00e1til Lidimi Super 400W con funci\u00f3n TWS"},"content":{"rendered":"<h2 data-start=\"270\" data-end=\"369\"><strong data-start=\"274\" data-end=\"369\">Parlante Bluetooth Port\u00e1til LIDIMI D-S655 | Potente sonido con luces LED RGB y conexi\u00f3n TWS<\/strong><\/h2>\n<h3 data-start=\"371\" data-end=\"783\"><strong data-start=\"371\" data-end=\"387\">Descripci\u00f3n:<\/strong><\/h3>\n<p data-start=\"371\" data-end=\"783\">El LIDIMI D-S655 es un parlante port\u00e1til de alto rendimiento, dise\u00f1ado para quienes buscan potencia, estilo y versatilidad. Con su dise\u00f1o moderno y compacto, integra un sistema de doble woofer que ofrece un sonido claro y equilibrado. Sus luces LED RGB din\u00e1micas crean una experiencia visual vibrante que acompa\u00f1a el ritmo de la m\u00fasica, ideal para reuniones, fiestas o eventos al aire libre.<\/p>\n<h3 data-start=\"785\" data-end=\"807\"><strong data-start=\"785\" data-end=\"805\">Caracter\u00edsticas:<\/strong><\/h3>\n<ul data-start=\"808\" data-end=\"1300\">\n<li data-start=\"808\" data-end=\"837\">\n<p data-start=\"810\" data-end=\"837\">Potencia: 400W<\/p>\n<\/li>\n<li data-start=\"808\" data-end=\"837\">Carga r\u00e1pida: 45W<\/li>\n<li data-start=\"838\" data-end=\"876\">\n<p data-start=\"840\" data-end=\"876\">Tama\u00f1o: 56.3 \u00d7 23.1 \u00d7 31.1 cm<\/p>\n<\/li>\n<li data-start=\"877\" data-end=\"920\">\n<p data-start=\"879\" data-end=\"920\">Bater\u00eda recargable: 5000 mAh*6 (30000 mAh)<\/p>\n<\/li>\n<li data-start=\"974\" data-end=\"1047\">\n<p data-start=\"976\" data-end=\"1047\">Conectividad: Bluetooth \/ USB \/ Tarjeta TF \/ AUX \/MICRO<\/p>\n<\/li>\n<li data-start=\"1048\" data-end=\"1106\">\n<p data-start=\"1050\" data-end=\"1106\">Luces LED RGB con efectos multicolor sincronizados<\/p>\n<\/li>\n<li data-start=\"1107\" data-end=\"1176\">\n<p data-start=\"1109\" data-end=\"1176\">Ecualizador integrado (EQ) para ajustar la calidad del sonido<\/p>\n<\/li>\n<li data-start=\"1177\" data-end=\"1237\">\n<p data-start=\"1179\" data-end=\"1237\">Dise\u00f1o port\u00e1til con asa superior y cuerpo resistente<\/p>\n<\/li>\n<li data-start=\"1177\" data-end=\"1237\">Micr\u00f3fono inal\u00e1mbrico<\/li>\n<\/ul>\n<h3 data-start=\"1302\" data-end=\"1318\"><strong data-start=\"1302\" data-end=\"1316\">Funciones:<\/strong><\/h3>\n<ul data-start=\"1319\" data-end=\"1683\">\n<li data-start=\"1319\" data-end=\"1389\">\n<p data-start=\"1321\" data-end=\"1389\">Reproduce m\u00fasica v\u00eda Bluetooth desde celulares, tablets o laptops.<\/p>\n<\/li>\n<li data-start=\"1390\" data-end=\"1475\">\n<p data-start=\"1392\" data-end=\"1475\">Permite conectar dos parlantes mediante funci\u00f3n TWS para sonido est\u00e9reo real.<\/p>\n<\/li>\n<li data-start=\"1476\" data-end=\"1540\">\n<p data-start=\"1478\" data-end=\"1540\">Admite memorias USB o tarjetas TF para reproducci\u00f3n directa.<\/p>\n<\/li>\n<li data-start=\"1576\" data-end=\"1624\">\n<p data-start=\"1578\" data-end=\"1624\">Control manual del volumen, graves y agudos.<\/p>\n<\/li>\n<li data-start=\"1625\" data-end=\"1683\">\n<p data-start=\"1627\" data-end=\"1683\">Iluminaci\u00f3n LED RGB que se adapta al ambiente musical.<\/p>\n<\/li>\n<\/ul>\n<h3 data-start=\"1897\" data-end=\"1924\"><strong data-start=\"1897\" data-end=\"1922\">Accesorios incluidos:<\/strong><\/h3>\n<ul data-start=\"1925\" data-end=\"2007\">\n<li data-start=\"1925\" data-end=\"1947\">\n<p data-start=\"1927\" data-end=\"1947\">Cable de carga USB<\/p>\n<\/li>\n<li data-start=\"1948\" data-end=\"1961\">\n<p data-start=\"1950\" data-end=\"1961\">Cable AUX<\/p>\n<\/li>\n<li data-start=\"1962\" data-end=\"1985\">\n<p data-start=\"1964\" data-end=\"1985\">Micr\u00f3fono<\/p>\n<\/li>\n<li data-start=\"1986\" data-end=\"2007\">\n<p data-start=\"1988\" data-end=\"2007\">Manual de usuario<\/p>\n<\/li>\n<\/ul>\n","protected":false},"excerpt":{"rendered":"<p>Condici\u00f3n del producto: Nuevo<\/p>\n<p>Material: ABS<\/p>\n<p>Marca: Lidimi<\/p>\n<p>Modelo: D-S655<\/p>\n<p>Pa\u00eds de origen: China<\/p>\n<p>Potencia: 400W<\/p>\n","protected":false},"featured_media":4257,"comment_status":"open","ping_status":"closed","template":"","meta":{"advanced_seo_description":"","jetpack_seo_html_title":"","jetpack_seo_noindex":false},"product_brand":[97],"product_cat":[128,53],"product_tag":[],"class_list":{"0":"post-4256","1":"product","2":"type-product","3":"status-publish","4":"has-post-thumbnail","6":"product_brand-lidimi","7":"product_cat-parlantes-medianos","8":"product_cat-parlantes","9":"wzta-woo-product-list","10":"opn-qv-enable","11":"royal-shop-woo-hover-zoom","12":"royal-shop-single-product-tab-horizontal","13":"royal-shop-shadow-","14":"royal-shop-shadow-hover-","16":"first","17":"instock","18":"shipping-taxable","19":"purchasable","20":"product-type-simple"},"jetpack_sharing_enabled":true,"_links":{"self":[{"href":"https:\/\/multitiendaelectro.com\/index.php?rest_route=\/wp\/v2\/product\/4256","targetHints":{"allow":["GET"]}}],"collection":[{"href":"https:\/\/multitiendaelectro.com\/index.php?rest_route=\/wp\/v2\/product"}],"about":[{"href":"https:\/\/multitiendaelectro.com\/index.php?rest_route=\/wp\/v2\/types\/product"}],"replies":[{"embeddable":true,"href":"https:\/\/multitiendaelectro.com\/index.php?rest_route=%2Fwp%2Fv2%2Fcomments&post=4256"}],"wp:featuredmedia":[{"embeddable":true,"href":"https:\/\/multitiendaelectro.com\/index.php?rest_route=\/wp\/v2\/media\/4257"}],"wp:attachment":[{"href":"https:\/\/multitiendaelectro.com\/index.php?rest_route=%2Fwp%2Fv2%2Fmedia&parent=4256"}],"wp:term":[{"taxonomy":"product_brand","embeddable":true,"href":"https:\/\/multitiendaelectro.com\/index.php?rest_route=%2Fwp%2Fv2%2Fproduct_brand&post=4256"},{"taxonomy":"product_cat","embeddable":true,"href":"https:\/\/multitiendaelectro.com\/index.php?rest_route=%2Fwp%2Fv2%2Fproduct_cat&post=4256"},{"taxonomy":"product_tag","embeddable":true,"href":"https:\/\/multitiendaelectro.com\/index.php?rest_route=%2Fwp%2Fv2%2Fproduct_tag&post=4256"}],"curies":[{"name":"wp","href":"https:\/\/api.w.org\/{rel}","templated":true}]}}