{"id":4241,"date":"2025-10-23T14:59:28","date_gmt":"2025-10-23T19:59:28","guid":{"rendered":"https:\/\/multitiendaelectro.com\/?post_type=product&#038;p=4241"},"modified":"2026-01-16T18:42:47","modified_gmt":"2026-01-16T23:42:47","slug":"ld-s841-mini-parlante-bluetooth-lidimi","status":"publish","type":"product","link":"https:\/\/multitiendaelectro.com\/?product=ld-s841-mini-parlante-bluetooth-lidimi","title":{"rendered":"LD-S841 Mini Parlante Bluetooth Lidimi"},"content":{"rendered":"<h2 data-start=\"0\" data-end=\"91\"><strong>Parlante Bluetooth LIDIMI LD-S841 | 1500mAh, TWS, Radio FM, Luz RGB y USB<\/strong><\/h2>\n<h3 data-start=\"93\" data-end=\"428\"><strong data-start=\"93\" data-end=\"109\">Descripci\u00f3n:<\/strong><\/h3>\n<p data-start=\"93\" data-end=\"428\">El LIDIMI LD-S841 es un parlante port\u00e1til Bluetooth que combina un sonido potente con un dise\u00f1o moderno y funcional. Ideal para uso en interiores o exteriores, ofrece conectividad vers\u00e1til, efectos de luz RGB y una bater\u00eda recargable de larga duraci\u00f3n, perfecta para acompa\u00f1arte en fiestas, reuniones o viajes.<\/p>\n<h3 data-start=\"430\" data-end=\"461\"><strong data-start=\"430\" data-end=\"459\">Caracter\u00edsticas:<\/strong><\/h3>\n<ul data-start=\"462\" data-end=\"895\">\n<li data-start=\"462\" data-end=\"485\">\n<p data-start=\"464\" data-end=\"485\">Modelo: LD-S841<\/p>\n<\/li>\n<li data-start=\"525\" data-end=\"562\">\n<p data-start=\"527\" data-end=\"562\">Tama\u00f1o: 16.2 \u00d7 10.3 \u00d7 11.1 cm<\/p>\n<\/li>\n<li data-start=\"563\" data-end=\"606\">\n<p data-start=\"565\" data-end=\"606\">Bater\u00eda: Litio 1500mAh (1S2P 14500)<\/p>\n<\/li>\n<li data-start=\"607\" data-end=\"691\">\n<p data-start=\"609\" data-end=\"691\">Conectividad: Bluetooth, tarjeta TF, puerto USB, entrada auxiliar y radio FM<\/p>\n<\/li>\n<\/ul>\n<h3 data-start=\"694\" data-end=\"710\"><strong data-start=\"694\" data-end=\"708\">Funciones:<\/strong><\/h3>\n<ul>\n<li data-start=\"715\" data-end=\"761\">Efecto de luz RGB sincronizado con la m\u00fasica<\/li>\n<li data-start=\"715\" data-end=\"761\">Serie TWS (True Wireless Stereo) para enlazar dos parlantes y obtener sonido est\u00e9reo<\/li>\n<li data-start=\"715\" data-end=\"761\">Controles de reproducci\u00f3n integrados<\/li>\n<li style=\"list-style-type: none\"><\/li>\n<\/ul>\n<h3 data-start=\"1188\" data-end=\"1216\"><strong data-start=\"1188\" data-end=\"1214\">Accesorios incluidos:<\/strong><\/h3>\n<ul data-start=\"1217\" data-end=\"1303\">\n<li data-start=\"1259\" data-end=\"1281\">\n<p data-start=\"1261\" data-end=\"1281\">Cable de carga USB<\/p>\n<\/li>\n<li data-start=\"1282\" data-end=\"1303\">\n<p data-start=\"1284\" data-end=\"1303\">Manual de usuario<\/p>\n<\/li>\n<\/ul>\n","protected":false},"excerpt":{"rendered":"<p>Condici\u00f3n del producto: Nuevo<\/p>\n<p>Material: ABS<\/p>\n<p>Marca: Lidimi<\/p>\n<p>Modelo: LD-S841<\/p>\n<p>Pa\u00eds de origen: China<\/p>\n<p>Potencia: 5W<\/p>\n","protected":false},"featured_media":4242,"comment_status":"open","ping_status":"closed","template":"","meta":{"advanced_seo_description":"","jetpack_seo_html_title":"","jetpack_seo_noindex":false},"product_brand":[97],"product_cat":[53,54],"product_tag":[],"class_list":{"0":"post-4241","1":"product","2":"type-product","3":"status-publish","4":"has-post-thumbnail","6":"product_brand-lidimi","7":"product_cat-parlantes","8":"product_cat-mini-parlantes","9":"wzta-woo-product-list","10":"opn-qv-enable","11":"royal-shop-woo-hover-zoom","12":"royal-shop-single-product-tab-horizontal","13":"royal-shop-shadow-","14":"royal-shop-shadow-hover-","16":"first","17":"instock","18":"shipping-taxable","19":"purchasable","20":"product-type-simple"},"jetpack_sharing_enabled":true,"_links":{"self":[{"href":"https:\/\/multitiendaelectro.com\/index.php?rest_route=\/wp\/v2\/product\/4241","targetHints":{"allow":["GET"]}}],"collection":[{"href":"https:\/\/multitiendaelectro.com\/index.php?rest_route=\/wp\/v2\/product"}],"about":[{"href":"https:\/\/multitiendaelectro.com\/index.php?rest_route=\/wp\/v2\/types\/product"}],"replies":[{"embeddable":true,"href":"https:\/\/multitiendaelectro.com\/index.php?rest_route=%2Fwp%2Fv2%2Fcomments&post=4241"}],"wp:featuredmedia":[{"embeddable":true,"href":"https:\/\/multitiendaelectro.com\/index.php?rest_route=\/wp\/v2\/media\/4242"}],"wp:attachment":[{"href":"https:\/\/multitiendaelectro.com\/index.php?rest_route=%2Fwp%2Fv2%2Fmedia&parent=4241"}],"wp:term":[{"taxonomy":"product_brand","embeddable":true,"href":"https:\/\/multitiendaelectro.com\/index.php?rest_route=%2Fwp%2Fv2%2Fproduct_brand&post=4241"},{"taxonomy":"product_cat","embeddable":true,"href":"https:\/\/multitiendaelectro.com\/index.php?rest_route=%2Fwp%2Fv2%2Fproduct_cat&post=4241"},{"taxonomy":"product_tag","embeddable":true,"href":"https:\/\/multitiendaelectro.com\/index.php?rest_route=%2Fwp%2Fv2%2Fproduct_tag&post=4241"}],"curies":[{"name":"wp","href":"https:\/\/api.w.org\/{rel}","templated":true}]}}