{"id":3996,"date":"2025-09-23T11:18:48","date_gmt":"2025-09-23T16:18:48","guid":{"rendered":"https:\/\/multitiendaelectro.com\/?post_type=product&#038;p=3996"},"modified":"2026-02-09T11:10:39","modified_gmt":"2026-02-09T16:10:39","slug":"ld-s850ac-parlante-bluetooth-lidimi-80w-luces-rgb","status":"publish","type":"product","link":"https:\/\/multitiendaelectro.com\/?product=ld-s850ac-parlante-bluetooth-lidimi-80w-luces-rgb","title":{"rendered":"LD-S850AC Parlante Bluetooth Lidimi 145W | Luces RGB"},"content":{"rendered":"<h2 data-start=\"107\" data-end=\"184\"><strong data-start=\"107\" data-end=\"182\">Parlante Bluetooth LIDIMI LD-S850AC | 145W de sonido potente y luces RGB<\/strong><\/h2>\n<h3 data-start=\"186\" data-end=\"451\"><strong data-start=\"186\" data-end=\"202\">Descripci\u00f3n:<\/strong><\/h3>\n<p data-start=\"186\" data-end=\"451\">El LIDIMI LD-S850AC es un parlante port\u00e1til que combina potencia y estilo. Con un dise\u00f1o moderno y compacto, ofrece un sonido envolvente de 145W acompa\u00f1ado de luces LED RGB que crean el ambiente perfecto para tus reuniones, fiestas o uso diario.<\/p>\n<h3 data-start=\"453\" data-end=\"475\"><strong data-start=\"453\" data-end=\"473\">Caracter\u00edsticas:<\/strong><\/h3>\n<ul data-start=\"476\" data-end=\"713\">\n<li data-start=\"476\" data-end=\"524\">\n<p data-start=\"478\" data-end=\"524\">Potencia: 145W<\/p>\n<\/li>\n<li data-start=\"525\" data-end=\"578\">\n<p data-start=\"527\" data-end=\"578\">Altavoces: 1 woofer de 3.2\u201d + 2 tweeters de 1.65\u201d<\/p>\n<\/li>\n<li data-start=\"579\" data-end=\"611\">\n<p data-start=\"581\" data-end=\"611\">Bater\u00eda: 10000 mAh<\/p>\n<\/li>\n<li data-start=\"579\" data-end=\"611\">Tiempo de reproducci\u00f3n: 15 horas<\/li>\n<li data-start=\"612\" data-end=\"643\">\n<p data-start=\"614\" data-end=\"643\">Conectividad: Bluetooth 5.2<\/p>\n<\/li>\n<li data-start=\"644\" data-end=\"677\">\n<p data-start=\"646\" data-end=\"677\">Tama\u00f1o: 20.5 \u00d7 18.2 \u00d7 18.2 cm<\/p>\n<\/li>\n<li data-start=\"678\" data-end=\"713\">\n<p data-start=\"680\" data-end=\"713\">Tensi\u00f3n de entrada: 110V \u2013 240V<\/p>\n<\/li>\n<\/ul>\n<h3 data-start=\"715\" data-end=\"731\"><strong data-start=\"715\" data-end=\"729\">Funciones:<\/strong><\/h3>\n<ul data-start=\"732\" data-end=\"916\">\n<li data-start=\"732\" data-end=\"774\">\n<p data-start=\"734\" data-end=\"774\">Reproducci\u00f3n inal\u00e1mbrica v\u00eda Bluetooth<\/p>\n<\/li>\n<li data-start=\"775\" data-end=\"812\">\n<p data-start=\"777\" data-end=\"812\">Luz LED RGB con efectos din\u00e1micos<\/p>\n<\/li>\n<li data-start=\"813\" data-end=\"871\">\n<p data-start=\"815\" data-end=\"871\">TWS (True Wireless Stereo) para conectar dos parlantes<\/p>\n<\/li>\n<li data-start=\"872\" data-end=\"900\">\n<p data-start=\"874\" data-end=\"900\">Tarjeta TF y memoria USB<\/p>\n<\/li>\n<li data-start=\"901\" data-end=\"916\">\n<p data-start=\"903\" data-end=\"916\">Entrada AUX<\/p>\n<\/li>\n<\/ul>\n<h3 data-start=\"918\" data-end=\"945\"><strong data-start=\"918\" data-end=\"943\">Accesorios incluidos:<\/strong><\/h3>\n<ul data-start=\"946\" data-end=\"986\">\n<li data-start=\"946\" data-end=\"964\">\n<p data-start=\"948\" data-end=\"964\">Cable de carga<\/p>\n<\/li>\n<li data-start=\"965\" data-end=\"986\">\n<p data-start=\"967\" data-end=\"986\">Manual de usuario<\/p>\n<\/li>\n<\/ul>\n","protected":false},"excerpt":{"rendered":"<p><strong>Condici\u00f3n del producto:\u00a0<\/strong>\u00a0Nuevo<\/p>\n<p><strong>Material:\u00a0<\/strong>\u00a0ABS<\/p>\n<p><strong>Marca:\u00a0<\/strong>Lidimi<\/p>\n<p><strong>Modelo:\u00a0<\/strong> LD-S850AC<\/p>\n<p><strong>Pa\u00eds de origen:\u00a0<\/strong>China<\/p>\n<p><strong>Potencia:<\/strong> 145W<\/p>\n<p><strong>Resistente al agua:<\/strong> IPX5<\/p>\n","protected":false},"featured_media":3997,"comment_status":"open","ping_status":"closed","template":"","meta":{"advanced_seo_description":"","jetpack_seo_html_title":"","jetpack_seo_noindex":false},"product_brand":[97],"product_cat":[128,53],"product_tag":[],"class_list":{"0":"post-3996","1":"product","2":"type-product","3":"status-publish","4":"has-post-thumbnail","6":"product_brand-lidimi","7":"product_cat-parlantes-medianos","8":"product_cat-parlantes","9":"wzta-woo-product-list","10":"opn-qv-enable","11":"royal-shop-woo-hover-zoom","12":"royal-shop-single-product-tab-horizontal","13":"royal-shop-shadow-","14":"royal-shop-shadow-hover-","16":"first","17":"instock","18":"shipping-taxable","19":"purchasable","20":"product-type-simple"},"jetpack_sharing_enabled":true,"_links":{"self":[{"href":"https:\/\/multitiendaelectro.com\/index.php?rest_route=\/wp\/v2\/product\/3996","targetHints":{"allow":["GET"]}}],"collection":[{"href":"https:\/\/multitiendaelectro.com\/index.php?rest_route=\/wp\/v2\/product"}],"about":[{"href":"https:\/\/multitiendaelectro.com\/index.php?rest_route=\/wp\/v2\/types\/product"}],"replies":[{"embeddable":true,"href":"https:\/\/multitiendaelectro.com\/index.php?rest_route=%2Fwp%2Fv2%2Fcomments&post=3996"}],"wp:featuredmedia":[{"embeddable":true,"href":"https:\/\/multitiendaelectro.com\/index.php?rest_route=\/wp\/v2\/media\/3997"}],"wp:attachment":[{"href":"https:\/\/multitiendaelectro.com\/index.php?rest_route=%2Fwp%2Fv2%2Fmedia&parent=3996"}],"wp:term":[{"taxonomy":"product_brand","embeddable":true,"href":"https:\/\/multitiendaelectro.com\/index.php?rest_route=%2Fwp%2Fv2%2Fproduct_brand&post=3996"},{"taxonomy":"product_cat","embeddable":true,"href":"https:\/\/multitiendaelectro.com\/index.php?rest_route=%2Fwp%2Fv2%2Fproduct_cat&post=3996"},{"taxonomy":"product_tag","embeddable":true,"href":"https:\/\/multitiendaelectro.com\/index.php?rest_route=%2Fwp%2Fv2%2Fproduct_tag&post=3996"}],"curies":[{"name":"wp","href":"https:\/\/api.w.org\/{rel}","templated":true}]}}