{"id":3651,"date":"2025-08-13T16:25:53","date_gmt":"2025-08-13T21:25:53","guid":{"rendered":"https:\/\/multitiendaelectro.com\/?post_type=product&#038;p=3651"},"modified":"2026-01-16T18:25:20","modified_gmt":"2026-01-16T23:25:20","slug":"ld-s825-parlante-portatil-lidimi-10-horas-de-reproduccion","status":"publish","type":"product","link":"https:\/\/multitiendaelectro.com\/?product=ld-s825-parlante-portatil-lidimi-10-horas-de-reproduccion","title":{"rendered":"LD-S825 Parlante Port\u00e1til Lidimi 10 horas de Reproducci\u00f3n"},"content":{"rendered":"<h2 data-start=\"106\" data-end=\"180\"><strong data-start=\"106\" data-end=\"178\">Parlante Bluetooth LIDIMI LD-S825 | 7W de potencia, 1800mAh, luz RGB<\/strong><\/h2>\n<h3 data-start=\"182\" data-end=\"479\"><strong data-start=\"182\" data-end=\"198\">Descripci\u00f3n:<\/strong><\/h3>\n<p data-start=\"182\" data-end=\"479\">El LIDIMI LD-S825 es un parlante port\u00e1til compacto y potente, dise\u00f1ado para ofrecer un sonido claro y din\u00e1mico en cualquier lugar. Con una bater\u00eda de 1800mAh, luces LED RGB y m\u00faltiples funciones, es ideal para disfrutar m\u00fasica en casa, al aire libre o en reuniones con amigos.<\/p>\n<h3 data-start=\"481\" data-end=\"512\"><strong data-start=\"481\" data-end=\"510\">Caracter\u00edsticas:<\/strong><\/h3>\n<ul data-start=\"513\" data-end=\"715\">\n<li data-start=\"513\" data-end=\"536\">Lidimi<\/li>\n<li data-start=\"513\" data-end=\"536\">\n<p data-start=\"515\" data-end=\"536\">Modelo: LD-S825<\/p>\n<\/li>\n<li data-start=\"537\" data-end=\"576\">\n<p data-start=\"539\" data-end=\"576\">Dimensiones: 9.8 \u00d7 8.8 \u00d7 8.8 cm<\/p>\n<\/li>\n<li data-start=\"577\" data-end=\"608\">\n<p data-start=\"579\" data-end=\"608\">Bater\u00eda: 1800mAh (s1.2)<\/p>\n<\/li>\n<li data-start=\"609\" data-end=\"643\">\n<p data-start=\"611\" data-end=\"643\">Potencia: 7W \u00d7 1 (s6W \u00d7 1)<\/p>\n<\/li>\n<li data-start=\"644\" data-end=\"675\">\n<p data-start=\"646\" data-end=\"675\">Altavoz: 2 pulgadas \u00d7 1<\/p>\n<\/li>\n<\/ul>\n<h3 data-start=\"717\" data-end=\"744\"><strong data-start=\"717\" data-end=\"742\">Funciones:<\/strong><\/h3>\n<ul data-start=\"745\" data-end=\"963\">\n<li data-start=\"745\" data-end=\"785\">\n<p data-start=\"747\" data-end=\"785\">Reproducci\u00f3n de m\u00fasica v\u00eda Bluetooth<\/p>\n<\/li>\n<li data-start=\"786\" data-end=\"808\">\n<p data-start=\"788\" data-end=\"808\">Radio FM integrada<\/p>\n<\/li>\n<li data-start=\"809\" data-end=\"852\">\n<p data-start=\"811\" data-end=\"852\">Compatible con tarjeta TF y memoria USB<\/p>\n<\/li>\n<li data-start=\"853\" data-end=\"920\">\n<p data-start=\"855\" data-end=\"920\">Funci\u00f3n TWS (True Wireless Stereo) para emparejar dos parlantes<\/p>\n<\/li>\n<li data-start=\"921\" data-end=\"963\">\n<p data-start=\"923\" data-end=\"963\">Luces LED RGB para ambientar la m\u00fasica<\/p>\n<\/li>\n<\/ul>\n<h3 data-start=\"965\" data-end=\"993\"><strong data-start=\"965\" data-end=\"991\">Accesorios Incluidos:<\/strong><\/h3>\n<ul data-start=\"994\" data-end=\"1066\">\n<li data-start=\"1022\" data-end=\"1044\">\n<p data-start=\"1024\" data-end=\"1044\">Cable de carga USB<\/p>\n<\/li>\n<li data-start=\"1045\" data-end=\"1066\">\n<p data-start=\"1047\" data-end=\"1066\">Manual de usuario<\/p>\n<\/li>\n<\/ul>\n","protected":false},"excerpt":{"rendered":"<p><strong>Condici\u00f3n del producto:\u00a0<\/strong>\u00a0Nuevo<\/p>\n<p><strong>Material:\u00a0<\/strong>\u00a0ABS<\/p>\n<p><strong>Marca:\u00a0<\/strong>Lidimi<\/p>\n<p><strong>Modelo:\u00a0<\/strong> LD-S825<\/p>\n<p><strong>Pa\u00eds de origen:\u00a0<\/strong>China<\/p>\n<p><strong>Potencia:<\/strong> 7W<\/p>\n<p><strong>Resistente al agua:<\/strong>\u00a0No<\/p>\n","protected":false},"featured_media":3652,"comment_status":"open","ping_status":"closed","template":"","meta":{"advanced_seo_description":"","jetpack_seo_html_title":"","jetpack_seo_noindex":false},"product_brand":[97],"product_cat":[53,54],"product_tag":[],"class_list":{"0":"post-3651","1":"product","2":"type-product","3":"status-publish","4":"has-post-thumbnail","6":"product_brand-lidimi","7":"product_cat-parlantes","8":"product_cat-mini-parlantes","9":"wzta-woo-product-list","10":"opn-qv-enable","11":"royal-shop-woo-hover-zoom","12":"royal-shop-single-product-tab-horizontal","13":"royal-shop-shadow-","14":"royal-shop-shadow-hover-","16":"first","17":"outofstock","18":"shipping-taxable","19":"purchasable","20":"product-type-simple"},"jetpack_sharing_enabled":true,"_links":{"self":[{"href":"https:\/\/multitiendaelectro.com\/index.php?rest_route=\/wp\/v2\/product\/3651","targetHints":{"allow":["GET"]}}],"collection":[{"href":"https:\/\/multitiendaelectro.com\/index.php?rest_route=\/wp\/v2\/product"}],"about":[{"href":"https:\/\/multitiendaelectro.com\/index.php?rest_route=\/wp\/v2\/types\/product"}],"replies":[{"embeddable":true,"href":"https:\/\/multitiendaelectro.com\/index.php?rest_route=%2Fwp%2Fv2%2Fcomments&post=3651"}],"wp:featuredmedia":[{"embeddable":true,"href":"https:\/\/multitiendaelectro.com\/index.php?rest_route=\/wp\/v2\/media\/3652"}],"wp:attachment":[{"href":"https:\/\/multitiendaelectro.com\/index.php?rest_route=%2Fwp%2Fv2%2Fmedia&parent=3651"}],"wp:term":[{"taxonomy":"product_brand","embeddable":true,"href":"https:\/\/multitiendaelectro.com\/index.php?rest_route=%2Fwp%2Fv2%2Fproduct_brand&post=3651"},{"taxonomy":"product_cat","embeddable":true,"href":"https:\/\/multitiendaelectro.com\/index.php?rest_route=%2Fwp%2Fv2%2Fproduct_cat&post=3651"},{"taxonomy":"product_tag","embeddable":true,"href":"https:\/\/multitiendaelectro.com\/index.php?rest_route=%2Fwp%2Fv2%2Fproduct_tag&post=3651"}],"curies":[{"name":"wp","href":"https:\/\/api.w.org\/{rel}","templated":true}]}}