{"id":3621,"date":"2025-08-12T15:10:05","date_gmt":"2025-08-12T20:10:05","guid":{"rendered":"https:\/\/multitiendaelectro.com\/?post_type=product&#038;p=3621"},"modified":"2025-10-27T13:38:13","modified_gmt":"2025-10-27T18:38:13","slug":"cn-300dc-3a-bateria-recargable-cafini-aaa","status":"publish","type":"product","link":"https:\/\/multitiendaelectro.com\/?product=cn-300dc-3a-bateria-recargable-cafini-aaa","title":{"rendered":"CN-300DC\/3A Pila Cafini AAA"},"content":{"rendered":"<h3 data-start=\"1738\" data-end=\"1810\"><strong data-start=\"1742\" data-end=\"1810\">Bater\u00eda Recargable CAFINI CN-300DC\/3A | AAA, 1.2V, 300mAh, Ni-MH<\/strong><\/h3>\n<p data-start=\"1812\" data-end=\"1984\"><strong data-start=\"1812\" data-end=\"1828\">Descripci\u00f3n:<\/strong><br data-start=\"1828\" data-end=\"1831\" \/>La CAFINI CN-300DC\/3A es una bater\u00eda recargable Ni-MH tipo AAA con capacidad de 300mAh, ideal para controles, relojes y peque\u00f1os aparatos electr\u00f3nicos.<\/p>\n<p data-start=\"1986\" data-end=\"2017\"><strong data-start=\"1986\" data-end=\"2015\">Caracter\u00edsticas t\u00e9cnicas:<\/strong><\/p>\n<ul data-start=\"2018\" data-end=\"2175\">\n<li data-start=\"2018\" data-end=\"2045\">\n<p data-start=\"2020\" data-end=\"2045\"><strong data-start=\"2020\" data-end=\"2031\">Modelo:<\/strong> CN-300DC\/3A<\/p>\n<\/li>\n<li data-start=\"2046\" data-end=\"2076\">\n<p data-start=\"2048\" data-end=\"2076\"><strong data-start=\"2048\" data-end=\"2057\">Tipo:<\/strong> AAA (1.2V) Ni-MH<\/p>\n<\/li>\n<li data-start=\"2077\" data-end=\"2108\">\n<p data-start=\"2079\" data-end=\"2108\"><strong data-start=\"2079\" data-end=\"2095\">Dimensiones:<\/strong> 1 \u00d7 4.5 cm<\/p>\n<\/li>\n<li data-start=\"2109\" data-end=\"2134\">\n<p data-start=\"2111\" data-end=\"2134\"><strong data-start=\"2111\" data-end=\"2125\">Capacidad:<\/strong> 300mAh<\/p>\n<\/li>\n<li data-start=\"2135\" data-end=\"2175\">\n<p data-start=\"2137\" data-end=\"2175\"><strong data-start=\"2137\" data-end=\"2162\">Cantidad por tarjeta:<\/strong> 4 bater\u00edas<\/p>\n<\/li>\n<\/ul>\n<p data-start=\"2177\" data-end=\"2204\"><strong data-start=\"2177\" data-end=\"2202\">Funciones destacadas:<\/strong><\/p>\n<ul data-start=\"2205\" data-end=\"2298\">\n<li data-start=\"2205\" data-end=\"2234\">\n<p data-start=\"2207\" data-end=\"2234\">Recargable y reutilizable<\/p>\n<\/li>\n<li data-start=\"2235\" data-end=\"2262\">\n<p data-start=\"2237\" data-end=\"2262\">Libre de efecto memoria<\/p>\n<\/li>\n<li data-start=\"2263\" data-end=\"2298\">\n<p data-start=\"2265\" data-end=\"2298\">Compatible con cargadores Ni-MH<\/p>\n<\/li>\n<\/ul>\n<p data-start=\"2300\" data-end=\"2328\"><strong data-start=\"2300\" data-end=\"2326\">Contenido del empaque:<\/strong><\/p>\n<ul data-start=\"2329\" data-end=\"2355\">\n<li data-start=\"2329\" data-end=\"2355\">\n<p data-start=\"2331\" data-end=\"2355\">4 Bater\u00edas CN-300DC\/3A<\/p>\n<\/li>\n<\/ul>\n","protected":false},"excerpt":{"rendered":"<p><strong>Condici\u00f3n del producto:\u00a0<\/strong>\u00a0Nuevo<\/p>\n<p><strong>Material:<\/strong>\u00a0Litio<\/p>\n<p><strong data-start=\"565\" data-end=\"573\">Tipo<\/strong>: AAA<\/p>\n<p><strong>Marca:<\/strong>\u00a0Cafini<\/p>\n<p><strong>Modelo:<\/strong> CN-300DC\/3A<\/p>\n<p><strong>Pa\u00eds de origen:\u00a0<\/strong>China<\/p>\n","protected":false},"featured_media":3622,"comment_status":"open","ping_status":"closed","template":"","meta":{"advanced_seo_description":"","jetpack_seo_html_title":"","jetpack_seo_noindex":false},"product_brand":[98],"product_cat":[100],"product_tag":[],"class_list":{"0":"post-3621","1":"product","2":"type-product","3":"status-publish","4":"has-post-thumbnail","6":"product_brand-cafini","7":"product_cat-baterias","8":"wzta-woo-product-list","9":"opn-qv-enable","10":"royal-shop-woo-hover-zoom","11":"royal-shop-single-product-tab-horizontal","12":"royal-shop-shadow-","13":"royal-shop-shadow-hover-","15":"first","16":"instock","17":"shipping-taxable","18":"purchasable","19":"product-type-simple"},"jetpack_sharing_enabled":true,"_links":{"self":[{"href":"https:\/\/multitiendaelectro.com\/index.php?rest_route=\/wp\/v2\/product\/3621","targetHints":{"allow":["GET"]}}],"collection":[{"href":"https:\/\/multitiendaelectro.com\/index.php?rest_route=\/wp\/v2\/product"}],"about":[{"href":"https:\/\/multitiendaelectro.com\/index.php?rest_route=\/wp\/v2\/types\/product"}],"replies":[{"embeddable":true,"href":"https:\/\/multitiendaelectro.com\/index.php?rest_route=%2Fwp%2Fv2%2Fcomments&post=3621"}],"wp:featuredmedia":[{"embeddable":true,"href":"https:\/\/multitiendaelectro.com\/index.php?rest_route=\/wp\/v2\/media\/3622"}],"wp:attachment":[{"href":"https:\/\/multitiendaelectro.com\/index.php?rest_route=%2Fwp%2Fv2%2Fmedia&parent=3621"}],"wp:term":[{"taxonomy":"product_brand","embeddable":true,"href":"https:\/\/multitiendaelectro.com\/index.php?rest_route=%2Fwp%2Fv2%2Fproduct_brand&post=3621"},{"taxonomy":"product_cat","embeddable":true,"href":"https:\/\/multitiendaelectro.com\/index.php?rest_route=%2Fwp%2Fv2%2Fproduct_cat&post=3621"},{"taxonomy":"product_tag","embeddable":true,"href":"https:\/\/multitiendaelectro.com\/index.php?rest_route=%2Fwp%2Fv2%2Fproduct_tag&post=3621"}],"curies":[{"name":"wp","href":"https:\/\/api.w.org\/{rel}","templated":true}]}}