{"id":349,"date":"2024-09-02T05:13:41","date_gmt":"2024-09-02T09:13:41","guid":{"rendered":"https:\/\/multitiendaelectro.com\/?post_type=product&#038;p=349"},"modified":"2025-02-08T16:32:31","modified_gmt":"2025-02-08T21:32:31","slug":"ld-s636","status":"publish","type":"product","link":"https:\/\/multitiendaelectro.com\/?product=ld-s636","title":{"rendered":"LD-S636 PARLANTE LIDIMI PORT\u00c1TIL INAL\u00c1MBRICO CON ALTA POTENCIA, RADIO Y BLUETOOTH"},"content":{"rendered":"<h3>MINI PARLANTE CON BLUETOOTH LUCES RGB ORIGINAL LIDIMI LD-S636<\/h3>\n<ul>\n<li><strong>X-BASS:<\/strong> Sum\u00e9rgete en un sonido profundo y envolvente con la tecnolog\u00eda X-Bass de nuestros parlantes. Disfruta de bajos potentes que vibran con cada nota, creando una experiencia auditiva impactante. Ideal para fiestas, reuniones o simplemente para disfrutar tu m\u00fasica favorita con la m\u00e1xima intensidad. \u00a1Siente la potencia del X-Bass y eleva tu sonido a otro nivel.<\/li>\n<li><strong>Luces RGB:<\/strong> Personaliza tu ambiente con colores din\u00e1micos que se adaptan a cada canci\u00f3n, creando una atm\u00f3sfera inmersiva que no solo se escucha, \u00a1se vive!.<\/li>\n<li><strong>Tama\u00f1o port\u00e1til:<\/strong> 15.5x 17.6 cm<\/li>\n<li><strong>Bater\u00eda:<\/strong> 3600 mAh<\/li>\n<li><strong>Duraci\u00f3n de bater\u00eda:<\/strong> 4 a 6 horas de reproducci\u00f3n<\/li>\n<li><strong>Tiempo de carga:<\/strong> 2 a 3 horas de carga al 100%<\/li>\n<li><strong>Entrada de carga:<\/strong> USB tipo C<\/li>\n<li><strong>Tama\u00f1o de Altavoz:<\/strong> 78 mm<\/li>\n<li><strong>Potencia:<\/strong> 20W<\/li>\n<li><strong>Radio FM integrada:<\/strong> Este parlante cuenta con radio FM para que no dejes de escuchar a tu emisora favorita.<\/li>\n<li><strong>Conexi\u00f3n Bluetooth:<\/strong> Reproducci\u00f3n inal\u00e1mbrica (Bluetooth) desde cualquier tipo de dispositivo<\/li>\n<li><strong>Otras conexiones:<\/strong> USB\/AUX\/TF<\/li>\n<\/ul>\n<h3><b>Accesorios incluidos:<\/b><\/h3>\n<div>\n<ul>\n<li>1 Parlante port\u00e1til<\/li>\n<li>1 Manual de uso<\/li>\n<li>1 Cable de carga USB tipo C<\/li>\n<li>1 Cable auxiliar<\/li>\n<\/ul>\n<\/div>\n<p>&nbsp;<\/p>\n","protected":false},"excerpt":{"rendered":"<p><strong>Condici\u00f3n del producto:\u00a0<\/strong> Nuevo<\/p>\n<p><strong>Material: <\/strong>\u00a0ABS<\/p>\n<p><strong>Marca:\u00a0<\/strong>Lidimi<\/p>\n<p><strong>Modelo:\u00a0<\/strong> LD-S636<\/p>\n<p><strong>Pa\u00eds de origen: <\/strong>China<\/p>\n<p><strong>Potencia:\u00a0<\/strong>20W<\/p>\n<p><strong>Resistente al agua:\u00a0<\/strong>No<\/p>\n","protected":false},"featured_media":350,"comment_status":"closed","ping_status":"closed","template":"","meta":{"advanced_seo_description":"","jetpack_seo_html_title":"","jetpack_seo_noindex":false},"product_brand":[],"product_cat":[53,54],"product_tag":[],"class_list":{"0":"post-349","1":"product","2":"type-product","3":"status-publish","4":"has-post-thumbnail","6":"product_cat-parlantes","7":"product_cat-mini-parlantes","8":"wzta-woo-product-list","9":"opn-qv-enable","10":"royal-shop-woo-hover-zoom","11":"royal-shop-single-product-tab-horizontal","12":"royal-shop-shadow-","13":"royal-shop-shadow-hover-","15":"first","16":"outofstock","17":"shipping-taxable","18":"purchasable","19":"product-type-simple"},"jetpack_sharing_enabled":true,"_links":{"self":[{"href":"https:\/\/multitiendaelectro.com\/index.php?rest_route=\/wp\/v2\/product\/349","targetHints":{"allow":["GET"]}}],"collection":[{"href":"https:\/\/multitiendaelectro.com\/index.php?rest_route=\/wp\/v2\/product"}],"about":[{"href":"https:\/\/multitiendaelectro.com\/index.php?rest_route=\/wp\/v2\/types\/product"}],"replies":[{"embeddable":true,"href":"https:\/\/multitiendaelectro.com\/index.php?rest_route=%2Fwp%2Fv2%2Fcomments&post=349"}],"wp:featuredmedia":[{"embeddable":true,"href":"https:\/\/multitiendaelectro.com\/index.php?rest_route=\/wp\/v2\/media\/350"}],"wp:attachment":[{"href":"https:\/\/multitiendaelectro.com\/index.php?rest_route=%2Fwp%2Fv2%2Fmedia&parent=349"}],"wp:term":[{"taxonomy":"product_brand","embeddable":true,"href":"https:\/\/multitiendaelectro.com\/index.php?rest_route=%2Fwp%2Fv2%2Fproduct_brand&post=349"},{"taxonomy":"product_cat","embeddable":true,"href":"https:\/\/multitiendaelectro.com\/index.php?rest_route=%2Fwp%2Fv2%2Fproduct_cat&post=349"},{"taxonomy":"product_tag","embeddable":true,"href":"https:\/\/multitiendaelectro.com\/index.php?rest_route=%2Fwp%2Fv2%2Fproduct_tag&post=349"}],"curies":[{"name":"wp","href":"https:\/\/api.w.org\/{rel}","templated":true}]}}