{"id":3148,"date":"2025-07-18T11:00:20","date_gmt":"2025-07-18T16:00:20","guid":{"rendered":"https:\/\/multitiendaelectro.com\/?post_type=product&#038;p=3148"},"modified":"2026-01-15T11:46:53","modified_gmt":"2026-01-15T16:46:53","slug":"ld-s991p-parlante-lidimi-pantalla-tactil-con-android-12-para-karaoke","status":"publish","type":"product","link":"https:\/\/multitiendaelectro.com\/?product=ld-s991p-parlante-lidimi-pantalla-tactil-con-android-12-para-karaoke","title":{"rendered":"LD-S991P Parlante Lidimi Pantalla T\u00e1ctil con Android 12 para Karaoke | 60W"},"content":{"rendered":"<h2 data-start=\"181\" data-end=\"272\">Parlante Inteligente LIDIMI LD-S991P | Con pantalla t\u00e1ctil, Android 12 y doble micr\u00f3fono<\/h2>\n<h3 data-start=\"274\" data-end=\"291\">Descripci\u00f3n<\/h3>\n<p data-start=\"292\" data-end=\"776\">El LIDIMI LD-S991P es mucho m\u00e1s que un parlante: es un centro multimedia inteligente. Equipado con pantalla t\u00e1ctil de 14.1 pulgadas, sistema operativo Android 12 y conexi\u00f3n WiFi, permite reproducir videos desde YouTube, usar Google Play, navegar por internet o ver presentaciones. Ideal para karaoke profesional, fiestas o incluso reuniones interactivas. Adem\u00e1s, su potente sistema de sonido con m\u00faltiples altavoces y doble micr\u00f3fono inal\u00e1mbrico garantiza un rendimiento superior.<\/p>\n<h3 data-start=\"783\" data-end=\"816\">Caracter\u00edsticas principales<\/h3>\n<ul data-start=\"817\" data-end=\"1146\">\n<li data-start=\"817\" data-end=\"834\">\n<p data-start=\"819\" data-end=\"834\">LIDIMI<\/p>\n<\/li>\n<li data-start=\"835\" data-end=\"855\">\n<p data-start=\"837\" data-end=\"855\">Modelo: LD-S991P<\/p>\n<\/li>\n<li data-start=\"835\" data-end=\"855\">Bluetooth 5.0<\/li>\n<li data-start=\"856\" data-end=\"924\">\n<p data-start=\"858\" data-end=\"924\">Tama\u00f1o: 46 x 24.5 x 62.8 cm<\/p>\n<\/li>\n<li data-start=\"925\" data-end=\"988\">\n<p data-start=\"927\" data-end=\"988\">Pantalla: T\u00e1ctil capacitiva de 14.1 pulgadas<\/p>\n<\/li>\n<li data-start=\"925\" data-end=\"988\">\n<p data-start=\"927\" data-end=\"988\">Resoluci\u00f3n de pantalla: 1280&#215;800 DPI<\/p>\n<\/li>\n<li data-start=\"989\" data-end=\"1055\">\n<p data-start=\"991\" data-end=\"1055\">Sistema operativo: Android 12<\/p>\n<\/li>\n<li data-start=\"989\" data-end=\"1055\">\n<p data-start=\"991\" data-end=\"1055\">RAM: 2 GB<\/p>\n<\/li>\n<li data-start=\"989\" data-end=\"1055\">\n<p data-start=\"991\" data-end=\"1055\">Memoria: 32 GB<\/p>\n<\/li>\n<li data-start=\"1056\" data-end=\"1146\">\n<p data-start=\"1058\" data-end=\"1146\">Conectividad: WiFi 2.4G, Bluetooth, USB 2.0, USB 3.0, HDMI OUT, ranura para tarjeta TF<\/p>\n<\/li>\n<\/ul>\n<h3 data-start=\"1153\" data-end=\"1180\">Componentes de sonido<\/h3>\n<ul data-start=\"1181\" data-end=\"1354\">\n<li data-start=\"1181\" data-end=\"1203\">\n<p data-start=\"1183\" data-end=\"1203\">Bajo de 8 pulgadas<\/p>\n<\/li>\n<li data-start=\"1204\" data-end=\"1240\">\n<p data-start=\"1206\" data-end=\"1240\">Altavoz bar\u00edtono de 2.5 pulgadas<\/p>\n<\/li>\n<li data-start=\"1241\" data-end=\"1274\">\n<p data-start=\"1243\" data-end=\"1274\">Altavoz soprano de 2 pulgadas<\/p>\n<\/li>\n<li data-start=\"1275\" data-end=\"1297\">\n<p data-start=\"1277\" data-end=\"1297\">Potencia: 60W<\/p>\n<\/li>\n<li data-start=\"1275\" data-end=\"1297\">Distorsi\u00f3n: \u22641%<\/li>\n<li data-start=\"1298\" data-end=\"1354\">\n<p data-start=\"1300\" data-end=\"1354\">Bater\u00eda recargable de 7.4V con capacidad de 20000mAh<\/p>\n<\/li>\n<li data-start=\"1298\" data-end=\"1354\">Autonom\u00eda: 5 a 6 horas<\/li>\n<\/ul>\n<h3 data-start=\"1361\" data-end=\"1387\">Funciones multimedia<\/h3>\n<ul data-start=\"1388\" data-end=\"1666\">\n<li data-start=\"1388\" data-end=\"1447\">\n<p data-start=\"1390\" data-end=\"1447\">Acceso a YouTube, Google Play y navegaci\u00f3n por internet<\/p>\n<\/li>\n<li data-start=\"1448\" data-end=\"1511\">\n<p data-start=\"1450\" data-end=\"1511\">Reproductor multimedia con controles desde pantalla o panel<\/p>\n<\/li>\n<li data-start=\"1512\" data-end=\"1565\">\n<p data-start=\"1514\" data-end=\"1565\">Reproducci\u00f3n desde USB, tarjeta TF o entrada HDMI<\/p>\n<\/li>\n<li data-start=\"1566\" data-end=\"1612\">\n<p data-start=\"1568\" data-end=\"1612\">Salida de audio y entrada de audio externa<\/p>\n<\/li>\n<li data-start=\"1613\" data-end=\"1666\">\n<p data-start=\"1615\" data-end=\"1666\">Modo Live \/ Media para diferentes entornos de uso<\/p>\n<\/li>\n<\/ul>\n<h3 data-start=\"1673\" data-end=\"1699\">Accesorios incluidos<\/h3>\n<ul data-start=\"1700\" data-end=\"1825\">\n<li data-start=\"1700\" data-end=\"1729\">\n<p data-start=\"1702\" data-end=\"1729\">2 micr\u00f3fonos inal\u00e1mbricos<\/p>\n<\/li>\n<li data-start=\"1730\" data-end=\"1750\">\n<p data-start=\"1732\" data-end=\"1750\">1 control remoto<\/p>\n<\/li>\n<li data-start=\"1751\" data-end=\"1776\">\n<p data-start=\"1753\" data-end=\"1776\">Cable de carga tipo C<\/p>\n<\/li>\n<li data-start=\"1777\" data-end=\"1795\">\n<p data-start=\"1779\" data-end=\"1795\">Cable de audio<\/p>\n<\/li>\n<\/ul>\n","protected":false},"excerpt":{"rendered":"<p><strong>Condici\u00f3n del producto:\u00a0<\/strong>\u00a0Nuevo<\/p>\n<p><strong>Material:\u00a0<\/strong>\u00a0ABS<\/p>\n<p><strong>Marca:\u00a0<\/strong>Lidimi<\/p>\n<p><strong>Modelo:\u00a0<\/strong> LD-S991P<\/p>\n<p><strong>Pa\u00eds de origen:\u00a0<\/strong>China<\/p>\n<p><strong>Potencia:<\/strong> 60W<\/p>\n<p><strong>Entrada de micr\u00f3fono:<\/strong> S\u00ed<\/p>\n<p><strong>Pantalla t\u00e1ctil:<\/strong> S\u00ed<\/p>\n","protected":false},"featured_media":3149,"comment_status":"open","ping_status":"closed","template":"","meta":{"advanced_seo_description":"","jetpack_seo_html_title":"","jetpack_seo_noindex":false},"product_brand":[97],"product_cat":[128,53],"product_tag":[],"class_list":{"0":"post-3148","1":"product","2":"type-product","3":"status-publish","4":"has-post-thumbnail","6":"product_brand-lidimi","7":"product_cat-parlantes-medianos","8":"product_cat-parlantes","9":"wzta-woo-product-list","10":"opn-qv-enable","11":"royal-shop-woo-hover-zoom","12":"royal-shop-single-product-tab-horizontal","13":"royal-shop-shadow-","14":"royal-shop-shadow-hover-","16":"first","17":"instock","18":"sale","19":"shipping-taxable","20":"purchasable","21":"product-type-simple"},"jetpack_sharing_enabled":true,"_links":{"self":[{"href":"https:\/\/multitiendaelectro.com\/index.php?rest_route=\/wp\/v2\/product\/3148","targetHints":{"allow":["GET"]}}],"collection":[{"href":"https:\/\/multitiendaelectro.com\/index.php?rest_route=\/wp\/v2\/product"}],"about":[{"href":"https:\/\/multitiendaelectro.com\/index.php?rest_route=\/wp\/v2\/types\/product"}],"replies":[{"embeddable":true,"href":"https:\/\/multitiendaelectro.com\/index.php?rest_route=%2Fwp%2Fv2%2Fcomments&post=3148"}],"wp:featuredmedia":[{"embeddable":true,"href":"https:\/\/multitiendaelectro.com\/index.php?rest_route=\/wp\/v2\/media\/3149"}],"wp:attachment":[{"href":"https:\/\/multitiendaelectro.com\/index.php?rest_route=%2Fwp%2Fv2%2Fmedia&parent=3148"}],"wp:term":[{"taxonomy":"product_brand","embeddable":true,"href":"https:\/\/multitiendaelectro.com\/index.php?rest_route=%2Fwp%2Fv2%2Fproduct_brand&post=3148"},{"taxonomy":"product_cat","embeddable":true,"href":"https:\/\/multitiendaelectro.com\/index.php?rest_route=%2Fwp%2Fv2%2Fproduct_cat&post=3148"},{"taxonomy":"product_tag","embeddable":true,"href":"https:\/\/multitiendaelectro.com\/index.php?rest_route=%2Fwp%2Fv2%2Fproduct_tag&post=3148"}],"curies":[{"name":"wp","href":"https:\/\/api.w.org\/{rel}","templated":true}]}}