{"id":3043,"date":"2025-07-16T15:36:13","date_gmt":"2025-07-16T20:36:13","guid":{"rendered":"https:\/\/multitiendaelectro.com\/?post_type=product&#038;p=3043"},"modified":"2026-01-16T18:21:20","modified_gmt":"2026-01-16T23:21:20","slug":"d-s931-torre-de-sonido-lidimi-super","status":"publish","type":"product","link":"https:\/\/multitiendaelectro.com\/?product=d-s931-torre-de-sonido-lidimi-super","title":{"rendered":"D-S931 Parlante de sonido Lidimi Super 100W"},"content":{"rendered":"<h2 data-start=\"87\" data-end=\"153\">Parlante LIDIMI SUPER D-S931 | Sonido potente con luces LED RGB<\/h2>\n<h3 data-start=\"155\" data-end=\"170\">Descripci\u00f3n:<\/h3>\n<p data-start=\"171\" data-end=\"647\">El parlante LIDIMI SUPER D-S931 es la opci\u00f3n ideal para quienes buscan un sonido potente, dise\u00f1o moderno y conectividad total. Perfecto para fiestas, reuniones o eventos al aire libre, este modelo cuenta con doble altavoz de 6.5\u201d y 3\u201d, luces LED RGB din\u00e1micas y una experiencia de audio envolvente. Con su conexi\u00f3n Bluetooth, HDMI, USB y AUX, podr\u00e1s disfrutar de tu m\u00fasica favorita desde cualquier dispositivo. Lleva la mejor calidad de sonido a todos tus espacios con LIDIMI.<\/p>\n<h3 data-start=\"654\" data-end=\"685\">Caracter\u00edsticas:<\/h3>\n<ul data-start=\"686\" data-end=\"983\">\n<li data-start=\"686\" data-end=\"737\">\n<p data-start=\"688\" data-end=\"737\">LIDIMI SUPER (exclusiva de alta calidad)<\/p>\n<\/li>\n<li data-start=\"738\" data-end=\"756\">\n<p data-start=\"740\" data-end=\"756\">Modelo: D-S931<\/p>\n<\/li>\n<li data-start=\"757\" data-end=\"821\">\n<p data-start=\"759\" data-end=\"821\">Tama\u00f1o: 30 x 33 x 66 cm<\/p>\n<\/li>\n<li data-start=\"822\" data-end=\"864\">\n<p data-start=\"824\" data-end=\"864\">Tama\u00f1o de altavoces: 6.5\u201d x 2 + 3\u201d x 2<\/p>\n<\/li>\n<li data-start=\"865\" data-end=\"883\">\n<p data-start=\"867\" data-end=\"883\">Potencia: 100W<\/p>\n<\/li>\n<li data-start=\"884\" data-end=\"922\">\n<p data-start=\"886\" data-end=\"922\">Luces LED RGB con efectos visuales<\/p>\n<\/li>\n<li data-start=\"923\" data-end=\"957\">\n<p data-start=\"925\" data-end=\"957\">Entrada de corriente: 12V 5.5A<\/p>\n<\/li>\n<li data-start=\"923\" data-end=\"957\">Autonom\u00eda: 5 horas<\/li>\n<li data-start=\"958\" data-end=\"983\">\n<p data-start=\"960\" data-end=\"983\">Tipo de carga: Tipo-C<\/p>\n<\/li>\n<\/ul>\n<h3 data-start=\"990\" data-end=\"1014\">Funciones:<\/h3>\n<ul data-start=\"1015\" data-end=\"1332\">\n<li data-start=\"1015\" data-end=\"1082\">\n<p data-start=\"1017\" data-end=\"1082\">Conectividad completa: Bluetooth, USB, FM, AUX, HDMI, Audio Out<\/p>\n<\/li>\n<li data-start=\"1083\" data-end=\"1137\">\n<p data-start=\"1085\" data-end=\"1137\">DSP y ecualizador (EQ) para personalizar el sonido<\/p>\n<\/li>\n<li data-start=\"1138\" data-end=\"1183\">\n<p data-start=\"1140\" data-end=\"1183\">Tecnolog\u00eda X-BASS para reforzar los bajos<\/p>\n<\/li>\n<li data-start=\"1184\" data-end=\"1241\">\n<p data-start=\"1186\" data-end=\"1241\">Prioridad del micr\u00f3fono para presentaciones o karaoke<\/p>\n<\/li>\n<li data-start=\"1242\" data-end=\"1268\">\n<p data-start=\"1244\" data-end=\"1268\">Entrada para micr\u00f3fono<\/p>\n<\/li>\n<li data-start=\"1269\" data-end=\"1294\">\n<p data-start=\"1271\" data-end=\"1294\">Entrada para guitarra<\/p>\n<\/li>\n<li data-start=\"1295\" data-end=\"1332\">\n<p data-start=\"1297\" data-end=\"1332\">No incluye ranura para tarjeta TF<\/p>\n<\/li>\n<\/ul>\n<h3 data-start=\"1339\" data-end=\"1363\">Accesorios incluidos<\/h3>\n<ul data-start=\"1364\" data-end=\"1509\">\n<li data-start=\"1364\" data-end=\"1391\">\n<p data-start=\"1366\" data-end=\"1391\">Micr\u00f3fono inal\u00e1mbrico<\/p>\n<\/li>\n<li data-start=\"1392\" data-end=\"1412\">\n<p data-start=\"1394\" data-end=\"1412\">Control remoto<\/p>\n<\/li>\n<li data-start=\"1413\" data-end=\"1440\">\n<p data-start=\"1415\" data-end=\"1440\">Cable de carga tipo C<\/p>\n<\/li>\n<li data-start=\"1441\" data-end=\"1469\">\n<p data-start=\"1443\" data-end=\"1469\">Adaptador de corriente<\/p>\n<\/li>\n<\/ul>\n","protected":false},"excerpt":{"rendered":"<p><strong>Condici\u00f3n del producto:\u00a0<\/strong>\u00a0Nuevo<\/p>\n<p><strong>Material:\u00a0<\/strong>\u00a0ABS<\/p>\n<p><strong>Marca:\u00a0<\/strong>Lidimi<\/p>\n<p><strong>Modelo:\u00a0<\/strong> D-S931<\/p>\n<p><strong>Pa\u00eds de origen:\u00a0<\/strong>China<\/p>\n<p><strong>Potencia:<\/strong> 100W<\/p>\n<p><strong>Entrada de micr\u00f3fono:<\/strong>\u00a0Si<\/p>\n<p><strong>Entrada de guitarra:<\/strong>\u00a0Si<\/p>\n","protected":false},"featured_media":3044,"comment_status":"open","ping_status":"closed","template":"","meta":{"advanced_seo_description":"","jetpack_seo_html_title":"","jetpack_seo_noindex":false},"product_brand":[97],"product_cat":[128,53],"product_tag":[],"class_list":{"0":"post-3043","1":"product","2":"type-product","3":"status-publish","4":"has-post-thumbnail","6":"product_brand-lidimi","7":"product_cat-parlantes-medianos","8":"product_cat-parlantes","9":"wzta-woo-product-list","10":"opn-qv-enable","11":"royal-shop-woo-hover-zoom","12":"royal-shop-single-product-tab-horizontal","13":"royal-shop-shadow-","14":"royal-shop-shadow-hover-","16":"first","17":"outofstock","18":"shipping-taxable","19":"purchasable","20":"product-type-simple"},"jetpack_sharing_enabled":true,"_links":{"self":[{"href":"https:\/\/multitiendaelectro.com\/index.php?rest_route=\/wp\/v2\/product\/3043","targetHints":{"allow":["GET"]}}],"collection":[{"href":"https:\/\/multitiendaelectro.com\/index.php?rest_route=\/wp\/v2\/product"}],"about":[{"href":"https:\/\/multitiendaelectro.com\/index.php?rest_route=\/wp\/v2\/types\/product"}],"replies":[{"embeddable":true,"href":"https:\/\/multitiendaelectro.com\/index.php?rest_route=%2Fwp%2Fv2%2Fcomments&post=3043"}],"wp:featuredmedia":[{"embeddable":true,"href":"https:\/\/multitiendaelectro.com\/index.php?rest_route=\/wp\/v2\/media\/3044"}],"wp:attachment":[{"href":"https:\/\/multitiendaelectro.com\/index.php?rest_route=%2Fwp%2Fv2%2Fmedia&parent=3043"}],"wp:term":[{"taxonomy":"product_brand","embeddable":true,"href":"https:\/\/multitiendaelectro.com\/index.php?rest_route=%2Fwp%2Fv2%2Fproduct_brand&post=3043"},{"taxonomy":"product_cat","embeddable":true,"href":"https:\/\/multitiendaelectro.com\/index.php?rest_route=%2Fwp%2Fv2%2Fproduct_cat&post=3043"},{"taxonomy":"product_tag","embeddable":true,"href":"https:\/\/multitiendaelectro.com\/index.php?rest_route=%2Fwp%2Fv2%2Fproduct_tag&post=3043"}],"curies":[{"name":"wp","href":"https:\/\/api.w.org\/{rel}","templated":true}]}}