{"id":2514,"date":"2025-05-13T15:33:11","date_gmt":"2025-05-13T20:33:11","guid":{"rendered":"https:\/\/multitiendaelectro.com\/?post_type=product&#038;p=2514"},"modified":"2026-03-24T11:16:43","modified_gmt":"2026-03-24T16:16:43","slug":"eg008pb-estacion-de-carga-y-panel-solar-cafini","status":"publish","type":"product","link":"https:\/\/multitiendaelectro.com\/?product=eg008pb-estacion-de-carga-y-panel-solar-cafini","title":{"rendered":"Eg008pb Estaci\u00f3n de carga y Panel solar Sanci"},"content":{"rendered":"<p><strong>Estaci\u00f3n de carga Sanci SC-Eg008pb:<\/strong><\/p>\n<p>El SANCI Eg008pb es una estaci\u00f3n de energ\u00eda port\u00e1til ideal para uso dom\u00e9stico, campamentos o situaciones de emergencia. Funciona mediante bater\u00edas recargables y puede alimentarse con paneles solares, lo que lo convierte en una soluci\u00f3n ecol\u00f3gica y eficiente para suministrar energ\u00eda donde la red el\u00e9ctrica no est\u00e1 disponible.<\/p>\n<p><strong>Caracter\u00edsticas:<\/strong><\/p>\n<ul>\n<li><strong>Medidas y Peso:<\/strong>\n<ul>\n<li><strong>Dimensiones del equipo:<\/strong><br \/>\n23 x 13.5 x 18.5 cm<\/li>\n<li><strong>Dimensiones del equipo empaquetado:<\/strong><br \/>\n32 \u00d7 17.5 \u00d7 17.5 cm<\/li>\n<li><strong>Dimensiones del panel solar:<\/strong><br \/>\n35 x 53 cm<\/li>\n<li><strong>Peso del equipo:<\/strong><br \/>\n4.110 Kg<\/li>\n<li><strong>Peso del equipo empaquetado:<\/strong><br \/>\n4.9 Kg<\/li>\n<li><strong>Peso de equipo + panel solar:<\/strong><br \/>\n6.5 Kg<\/li>\n<\/ul>\n<\/li>\n<li><strong>Entrada de Carga:<\/strong>\n<ul>\n<li><strong>Puerto de Carga DC Input:<\/strong><br \/>\nPermite cargar la estaci\u00f3n mediante un cargador DC16V o con panel solar de hasta 30W.<\/li>\n<\/ul>\n<\/li>\n<li><strong>Salidas de corriente:<\/strong>\n<ul>\n<li><strong>Puerto USB (USB holder):<\/strong><br \/>\nIncluye 2 salidas USB de 5V que permiten cargar celulares y otros equipos USB.<\/li>\n<li><strong>Salida de Corriente Continua (DC Output):<\/strong><br \/>\n2 salidas de 12V para alimentar l\u00e1mparas LED, routers u otros dispositivos compatibles.<\/li>\n<li><strong>Tomas de Corriente Alterna (AC Output Socket):<\/strong><br \/>\n1 salida universal de 220V\/110V 50\/60Hz, con una carga m\u00e1xima de 150W maximo. (No conectar equipos que superen esta potencia).<\/li>\n<\/ul>\n<\/li>\n<li><strong>Potencia de salida:<\/strong> 150W<\/li>\n<li><strong>Pantalla de Visualizaci\u00f3n (Display Screen):<\/strong><\/li>\n<\/ul>\n<p>Muestra el porcentaje de bater\u00eda restante, estado de carga y funcionamiento de cada salida.<\/p>\n<ul>\n<li><strong>Botones de manipulaci\u00f3n:<\/strong>\n<ul>\n<li><strong>Bot\u00f3n de Encendido Principal:<\/strong><br \/>\nControla el encendido, apagado general de la estaci\u00f3n y manejar los 3 modos de luz lateral.<\/li>\n<li><strong>Interruptor de Salidas AC:<\/strong><br \/>\nActiva o desactiva las tomas de corriente alterna.<\/li>\n<li><strong>Interruptor de DC OUTPUT:<\/strong><br \/>\nPermite prender y apagar la salida corriente de las USB y DC<\/li>\n<\/ul>\n<\/li>\n<li><strong>Luces LED de Emergencia:<\/strong><br \/>\nCuenta con un panel solar independiente que te proporciona 18V y 30W de potencia para cargar el equipo.<\/li>\n<li><strong>Panel solar:<\/strong><br \/>\nProporcionan 3 modos de iluminaci\u00f3n en situaciones de baja visibilidad o cortes de energ\u00eda.<\/li>\n<li><strong>Iluminaci\u00f3n:<\/strong> Integraci\u00f3n de luz LED<\/li>\n<li><strong>Bater\u00eda interna:<\/strong> 12V 12AH<\/li>\n<li><strong>Carga corriente:<\/strong> 8 horas<\/li>\n<li><strong>Carga con panel solar:<\/strong> 11 horas<\/li>\n<li><strong>Material:<\/strong> ABS resistente<\/li>\n<\/ul>\n<p><strong>Funciones:<\/strong><\/p>\n<ul>\n<li>Proporciona energ\u00eda de respaldo para peque\u00f1os electrodom\u00e9sticos de hasta 150W.<\/li>\n<li>Ideal para uso en campamentos, exteriores, emergencias o cortes de energ\u00eda.<\/li>\n<li>Cuenta con pantalla digital para monitorear voltaje, porcentaje de carga y tiempo restante.<\/li>\n<li>Compatible con paneles solares para recarga ecol\u00f3gica.<\/li>\n<li>Puertos m\u00faltiples para cargar celulares, laptops, c\u00e1maras, luces LED, etc.<\/li>\n<li><strong>Protecci\u00f3n Inteligente:<\/strong>\n<ul>\n<li><strong>Protecci\u00f3n contra sobrecarga:<\/strong><br \/>\nSi la carga conectada supera los 150W, la estaci\u00f3n desconecta autom\u00e1ticamente las salidas AC hasta restablecer el consumo.<\/li>\n<\/ul>\n<\/li>\n<\/ul>\n<p><strong>Accesorios Incluidos:<\/strong><\/p>\n<ul>\n<li>Cargador DC<\/li>\n<li>Panel solar<\/li>\n<li>Bombilla LED (1 unidad)<\/li>\n<li>1 fusible de 20 amperios<\/li>\n<\/ul>\n","protected":false},"excerpt":{"rendered":"<p><strong>Condici\u00f3n del producto:\u00a0<\/strong>\u00a0Nuevo<\/p>\n<p><strong>Material:<\/strong>\u00a0ABS<\/p>\n<p><strong>Marca:\u00a0<\/strong>Sanci<\/p>\n<p><strong>Modelo:\u00a0<\/strong>Eg008pb<\/p>\n<p><strong>Pa\u00eds de origen:\u00a0<\/strong>China<\/p>\n<p><strong>Potencia:<\/strong> 150w<\/p>\n<p><strong>Uso de la herramienta: <\/strong>Multiuso<\/p>\n","protected":false},"featured_media":2515,"comment_status":"open","ping_status":"closed","template":"","meta":{"advanced_seo_description":"","jetpack_seo_html_title":"","jetpack_seo_noindex":false},"product_brand":[99],"product_cat":[52],"product_tag":[122,123],"class_list":{"0":"post-2514","1":"product","2":"type-product","3":"status-publish","4":"has-post-thumbnail","6":"product_brand-sanci","7":"product_cat-estacion-de-energia-portatil","8":"product_tag-estacion-de-carga","9":"product_tag-power-bank","10":"wzta-woo-product-list","11":"opn-qv-enable","12":"royal-shop-woo-hover-zoom","13":"royal-shop-single-product-tab-horizontal","14":"royal-shop-shadow-","15":"royal-shop-shadow-hover-","17":"first","18":"outofstock","19":"shipping-taxable","20":"purchasable","21":"product-type-simple"},"jetpack_sharing_enabled":true,"_links":{"self":[{"href":"https:\/\/multitiendaelectro.com\/index.php?rest_route=\/wp\/v2\/product\/2514","targetHints":{"allow":["GET"]}}],"collection":[{"href":"https:\/\/multitiendaelectro.com\/index.php?rest_route=\/wp\/v2\/product"}],"about":[{"href":"https:\/\/multitiendaelectro.com\/index.php?rest_route=\/wp\/v2\/types\/product"}],"replies":[{"embeddable":true,"href":"https:\/\/multitiendaelectro.com\/index.php?rest_route=%2Fwp%2Fv2%2Fcomments&post=2514"}],"wp:featuredmedia":[{"embeddable":true,"href":"https:\/\/multitiendaelectro.com\/index.php?rest_route=\/wp\/v2\/media\/2515"}],"wp:attachment":[{"href":"https:\/\/multitiendaelectro.com\/index.php?rest_route=%2Fwp%2Fv2%2Fmedia&parent=2514"}],"wp:term":[{"taxonomy":"product_brand","embeddable":true,"href":"https:\/\/multitiendaelectro.com\/index.php?rest_route=%2Fwp%2Fv2%2Fproduct_brand&post=2514"},{"taxonomy":"product_cat","embeddable":true,"href":"https:\/\/multitiendaelectro.com\/index.php?rest_route=%2Fwp%2Fv2%2Fproduct_cat&post=2514"},{"taxonomy":"product_tag","embeddable":true,"href":"https:\/\/multitiendaelectro.com\/index.php?rest_route=%2Fwp%2Fv2%2Fproduct_tag&post=2514"}],"curies":[{"name":"wp","href":"https:\/\/api.w.org\/{rel}","templated":true}]}}