{"id":2369,"date":"2025-04-29T12:49:46","date_gmt":"2025-04-29T17:49:46","guid":{"rendered":"https:\/\/multitiendaelectro.com\/?post_type=product&#038;p=2369"},"modified":"2025-09-19T14:41:40","modified_gmt":"2025-09-19T19:41:40","slug":"sc-ty2632-estacion-portatil-de-energia-sanci","status":"publish","type":"product","link":"https:\/\/multitiendaelectro.com\/?product=sc-ty2632-estacion-portatil-de-energia-sanci","title":{"rendered":"SC-TY2632 Estaci\u00f3n Port\u00e1til de Energ\u00eda Sanci"},"content":{"rendered":"<h3 class=\"\" data-start=\"86\" data-end=\"122\">Estaci\u00f3n de carga Sanci SC-TY2632:<\/h3>\n<p class=\"\" data-start=\"123\" data-end=\"443\">La estaci\u00f3n de energ\u00eda port\u00e1til SANCI SC-TY2632 es una soluci\u00f3n confiable y compacta para quienes buscan energ\u00eda en situaciones de emergencia, viajes, campamentos o trabajo en exteriores. Con una potencia de 500W y bater\u00eda interna de 12.8V 28Ah, es ideal para mantener cargados m\u00faltiples dispositivos esenciales en cualquier entorno.<\/p>\n<h3 class=\"\" data-start=\"450\" data-end=\"486\"><strong data-start=\"457\" data-end=\"486\">Caracter\u00edsticas:<\/strong><\/h3>\n<ul data-start=\"487\" data-end=\"823\">\n<li><strong>Medidas y Peso:<\/strong>\n<ul>\n<li><strong>Dimensiones del equipo:<\/strong><br \/>\n32 \u00d7 17.5 \u00d7 17.5 cm<\/li>\n<li><strong>Dimensiones del equipo empaquetado:<\/strong><br \/>\n32 \u00d7 17.5 \u00d7 17.5 cm<\/li>\n<li><strong>Peso del equipo:<\/strong><br \/>\n4.9 Kg<\/li>\n<li><strong>Peso del equipo empaquetado:<\/strong><br \/>\n5 Kg<\/li>\n<\/ul>\n<\/li>\n<li class=\"\" data-start=\"513\" data-end=\"566\">\n<p class=\"\" data-start=\"515\" data-end=\"566\"><strong>Entrada de Carga:<\/strong><\/p>\n<ul>\n<li><strong data-start=\"804\" data-end=\"833\">Puerto de Carga DC Input:<\/strong><br data-start=\"833\" data-end=\"836\" \/>Permite cargar la estaci\u00f3n mediante un cargador de 12-28V o con panel solar de hasta 100W.<\/li>\n<\/ul>\n<\/li>\n<li data-start=\"567\" data-end=\"599\"><strong>Salidas de corriente:<\/strong>\n<ul>\n<li><strong>Puerto USB (USB holder):<\/strong><br data-start=\"1196\" data-end=\"1199\" \/>Incluye 2 salidas USB de 5V que permiten cargar celulares y otros equipos USB.<\/li>\n<li class=\"\" data-start=\"1077\" data-end=\"1206\">\n<p class=\"\" data-start=\"1079\" data-end=\"1206\"><strong data-start=\"1079\" data-end=\"1097\">Puerto Tipo-C:<\/strong><br data-start=\"1097\" data-end=\"1100\" \/>1 Salida con soporte para carga r\u00e1pida (PD) para tel\u00e9fonos m\u00f3viles, tablets y otros dispositivos modernos.<\/p>\n<\/li>\n<li class=\"\" data-start=\"1208\" data-end=\"1344\">\n<p class=\"\" data-start=\"1210\" data-end=\"1344\"><strong data-start=\"1210\" data-end=\"1255\">Salida de Corriente Continua (DC Output):<\/strong><br data-start=\"1255\" data-end=\"1258\" \/>1 salida de 12V para alimentar l\u00e1mparas LED, routers u otros dispositivos compatibles.<\/p>\n<\/li>\n<li class=\"\" data-start=\"1346\" data-end=\"1515\">\n<p class=\"\" data-start=\"1348\" data-end=\"1515\"><strong data-start=\"1348\" data-end=\"1398\">Tomas de Corriente Alterna (AC Output Socket):<\/strong><br data-start=\"1398\" data-end=\"1401\" \/>2 salidas de 220V\/110V 50\/60Hz, con una carga m\u00e1xima de <strong data-start=\"1457\" data-end=\"1465\">500W<\/strong>. (No conectar equipos que superen esta potencia).<\/p>\n<\/li>\n<\/ul>\n<\/li>\n<li data-start=\"567\" data-end=\"599\"><strong data-start=\"1519\" data-end=\"1563\">Cargador Inal\u00e1mbrico (Wireless Charger):<\/strong><br data-start=\"1563\" data-end=\"1566\" \/>Carga tel\u00e9fonos compatibles con una salida m\u00e1xima de 15W, sin necesidad de cables.<\/li>\n<li class=\"\" data-start=\"567\" data-end=\"599\">\n<p class=\"\" data-start=\"569\" data-end=\"599\"><strong data-start=\"569\" data-end=\"592\">Potencia de salida:<\/strong> 500W<\/p>\n<\/li>\n<li data-start=\"600\" data-end=\"643\">\n<p data-start=\"1659\" data-end=\"1712\"><strong data-start=\"1663\" data-end=\"1710\">Pantalla de Visualizaci\u00f3n (Display Screen):<\/strong><\/p>\n<p class=\"\" data-start=\"1713\" data-end=\"1804\">Muestra el porcentaje de bater\u00eda restante, estado de carga y funcionamiento de cada salida.<\/p>\n<\/li>\n<li data-start=\"600\" data-end=\"643\"><strong>Botones de manipulaci\u00f3n:<\/strong>\n<ul>\n<li><strong>Bot\u00f3n de Encendido Principal:<\/strong><br \/>\nControla el encendido y apagado general de la estaci\u00f3n.<\/li>\n<li><strong data-start=\"1942\" data-end=\"1972\">Interruptor de Salidas AC:<\/strong><br data-start=\"1972\" data-end=\"1975\" \/>Activa o desactiva las tomas de corriente alterna.<\/li>\n<li><strong data-start=\"2029\" data-end=\"2056\">Interruptor de Luz LED:<\/strong><br data-start=\"2056\" data-end=\"2059\" \/>Permite activar o cambiar el modo de iluminaci\u00f3n LED integrada.<\/li>\n<\/ul>\n<\/li>\n<li data-start=\"603\" data-end=\"636\"><strong data-start=\"944\" data-end=\"972\">Luces LED de Emergencia:<\/strong><br data-start=\"972\" data-end=\"975\" \/>Proporcionan 2 modos de iluminaci\u00f3n en situaciones de baja visibilidad o cortes de energ\u00eda.<\/li>\n<li><strong data-start=\"697\" data-end=\"713\">Iluminaci\u00f3n:<\/strong> Integraci\u00f3n de luz LED<\/li>\n<li class=\"\" data-start=\"600\" data-end=\"643\">\n<p class=\"\" data-start=\"602\" data-end=\"643\"><strong data-start=\"602\" data-end=\"622\">Bater\u00eda interna:<\/strong> 12.8V 28Ah (358Wh)<\/p>\n<\/li>\n<li class=\"\" data-start=\"739\" data-end=\"782\">\n<p class=\"\" data-start=\"741\" data-end=\"782\"><strong data-start=\"741\" data-end=\"765\">Material:<\/strong> ABS resistente<\/p>\n<\/li>\n<\/ul>\n<h3 class=\"\" data-start=\"830\" data-end=\"863\"><strong data-start=\"837\" data-end=\"863\">Funciones:<\/strong><\/h3>\n<ul data-start=\"864\" data-end=\"1270\">\n<li class=\"\" data-start=\"864\" data-end=\"948\">\n<p class=\"\" data-start=\"866\" data-end=\"948\">Proporciona energ\u00eda de respaldo para peque\u00f1os electrodom\u00e9sticos de hasta 500W.<\/p>\n<\/li>\n<li class=\"\" data-start=\"949\" data-end=\"1030\">\n<p class=\"\" data-start=\"951\" data-end=\"1030\">Ideal para uso en campamentos, exteriores, emergencias o cortes de energ\u00eda.<\/p>\n<\/li>\n<li class=\"\" data-start=\"1031\" data-end=\"1128\">\n<p class=\"\" data-start=\"1033\" data-end=\"1128\">Cuenta con pantalla digital para monitorear voltaje, porcentaje de carga y tiempo restante.<\/p>\n<\/li>\n<li class=\"\" data-start=\"1129\" data-end=\"1189\">\n<p class=\"\" data-start=\"1131\" data-end=\"1189\">Compatible con paneles solares para recarga ecol\u00f3gica.<\/p>\n<\/li>\n<li class=\"\" data-start=\"1190\" data-end=\"1270\">\n<p class=\"\" data-start=\"1192\" data-end=\"1270\">Puertos m\u00faltiples para cargar celulares, laptops, c\u00e1maras, luces LED, etc.<\/p>\n<\/li>\n<li data-start=\"1190\" data-end=\"1270\">\n<p data-start=\"2964\" data-end=\"2995\"><strong data-start=\"2968\" data-end=\"2995\">Protecci\u00f3n Inteligente:<\/strong><\/p>\n<ul data-start=\"2997\" data-end=\"3323\">\n<li class=\"\" data-start=\"2997\" data-end=\"3157\">\n<p class=\"\" data-start=\"2999\" data-end=\"3157\"><strong data-start=\"2999\" data-end=\"3032\">Protecci\u00f3n contra sobrecarga:<\/strong><br data-start=\"3032\" data-end=\"3035\" \/>Si la carga conectada supera los 500W, la estaci\u00f3n desconecta autom\u00e1ticamente las salidas AC hasta restablecer el consumo.<\/p>\n<\/li>\n<li class=\"\" data-start=\"3159\" data-end=\"3323\">\n<p class=\"\" data-start=\"3161\" data-end=\"3323\"><strong data-start=\"3161\" data-end=\"3193\">Advertencia de baja presi\u00f3n:<\/strong><br data-start=\"3193\" data-end=\"3196\" \/>Cuando el voltaje de la bater\u00eda interna baja de 10V, el sistema muestra una alerta. Al llegar a 0%, requiere recarga inmediata.<\/p>\n<\/li>\n<\/ul>\n<\/li>\n<\/ul>\n<h3 class=\"\" data-start=\"1277\" data-end=\"1309\"><strong data-start=\"1284\" data-end=\"1309\">Accesorios Incluidos:<\/strong><\/h3>\n<ul data-start=\"1310\" data-end=\"1441\">\n<li class=\"\" data-start=\"1310\" data-end=\"1334\">\n<p class=\"\" data-start=\"1313\" data-end=\"1334\">Cable para cargar<\/p>\n<\/li>\n<li class=\"\" data-start=\"1335\" data-end=\"1380\">\n<p class=\"\" data-start=\"1338\" data-end=\"1380\">Cable de conexi\u00f3n para paneles solares<\/p>\n<\/li>\n<li class=\"\" data-start=\"1381\" data-end=\"1411\">\n<p class=\"\" data-start=\"1384\" data-end=\"1411\">Bombilla LED (1 unidad)<\/p>\n<\/li>\n<li class=\"\" data-start=\"1412\" data-end=\"1441\">\n<p class=\"\" data-start=\"1415\" data-end=\"1441\">Adaptador de corriente<\/p>\n<\/li>\n<\/ul>\n<h3 class=\"\" data-start=\"3469\" data-end=\"3518\"><strong data-start=\"3473\" data-end=\"3518\">Tiempo de uso aproximado por dispositivo:<\/strong><\/h3>\n<div class=\"_tableContainer_16hzy_1\">\n<div class=\"_tableWrapper_16hzy_14 group flex w-fit flex-col-reverse\">\n<table class=\"w-fit min-w-(--thread-content-width)\" style=\"height: 233px\" width=\"808\" data-start=\"3520\" data-end=\"3966\">\n<thead data-start=\"3520\" data-end=\"3574\">\n<tr data-start=\"3520\" data-end=\"3574\">\n<th data-start=\"3520\" data-end=\"3547\" data-col-size=\"sm\">Dispositivo<\/th>\n<th data-start=\"3547\" data-end=\"3574\" data-col-size=\"sm\">Tiempo aproximado<\/th>\n<\/tr>\n<\/thead>\n<tbody data-start=\"3631\" data-end=\"3966\">\n<tr data-start=\"3631\" data-end=\"3686\">\n<td data-start=\"3631\" data-end=\"3658\" data-col-size=\"sm\">Tel\u00e9fono (celular)<\/td>\n<td data-col-size=\"sm\" data-start=\"3658\" data-end=\"3686\">Hasta 20 cargas<\/td>\n<\/tr>\n<tr data-start=\"3687\" data-end=\"3742\">\n<td data-start=\"3687\" data-end=\"3714\" data-col-size=\"sm\">Luz LED 12V 3W<\/td>\n<td data-col-size=\"sm\" data-start=\"3714\" data-end=\"3742\">Hasta 100 horas<\/td>\n<\/tr>\n<tr data-start=\"3743\" data-end=\"3798\">\n<td data-start=\"3743\" data-end=\"3770\" data-col-size=\"sm\">Laptop de 13\u201d<\/td>\n<td data-col-size=\"sm\" data-start=\"3770\" data-end=\"3798\">Hasta 6 horas<\/td>\n<\/tr>\n<tr data-start=\"3799\" data-end=\"3854\">\n<td data-start=\"3799\" data-end=\"3826\" data-col-size=\"sm\">Ventilador de 40W<\/td>\n<td data-col-size=\"sm\" data-start=\"3826\" data-end=\"3854\">Hasta 8 horas<\/td>\n<\/tr>\n<tr data-start=\"3855\" data-end=\"3910\">\n<td data-start=\"3855\" data-end=\"3882\" data-col-size=\"sm\">Foco ahorrador de 20W<\/td>\n<td data-col-size=\"sm\" data-start=\"3882\" data-end=\"3910\">Hasta 15 horas<\/td>\n<\/tr>\n<tr data-start=\"3911\" data-end=\"3966\">\n<td data-start=\"3911\" data-end=\"3938\" data-col-size=\"sm\">TV LCD de 32\u201d<\/td>\n<td data-col-size=\"sm\" data-start=\"3938\" data-end=\"3966\">Hasta 5 horas<\/td>\n<\/tr>\n<\/tbody>\n<\/table>\n<div class=\"sticky end-(--thread-content-margin) h-0 self-end select-none\">\n<div class=\"absolute end-0 flex items-end\"><\/div>\n<\/div>\n<\/div>\n<\/div>\n<blockquote data-start=\"3968\" data-end=\"4055\">\n<p class=\"\" data-start=\"3970\" data-end=\"4055\"><em data-start=\"3970\" data-end=\"4055\">Estos tiempos son aproximados y pueden variar seg\u00fan el consumo real de cada equipo.<\/em><\/p>\n<\/blockquote>\n","protected":false},"excerpt":{"rendered":"<p><strong>Condici\u00f3n del producto:\u00a0<\/strong>\u00a0Nuevo<\/p>\n<p><strong>Material:<\/strong> ABS<\/p>\n<p><strong>Marca:\u00a0<\/strong>Sanci<\/p>\n<p><strong>Modelo:\u00a0<\/strong>SC-TY2632<\/p>\n<p><strong>Pa\u00eds de origen:\u00a0<\/strong>China<\/p>\n<p><strong>Potencia:<\/strong> 500w<\/p>\n<p><strong>Uso de la herramienta:\u00a0<\/strong>\u00a0B\u00e1sico<\/p>\n","protected":false},"featured_media":2374,"comment_status":"open","ping_status":"closed","template":"","meta":{"advanced_seo_description":"","jetpack_seo_html_title":"","jetpack_seo_noindex":false},"product_brand":[99],"product_cat":[52],"product_tag":[],"class_list":{"0":"post-2369","1":"product","2":"type-product","3":"status-publish","4":"has-post-thumbnail","6":"product_brand-sanci","7":"product_cat-estacion-de-energia-portatil","8":"wzta-woo-product-list","9":"opn-qv-enable","10":"royal-shop-woo-hover-zoom","11":"royal-shop-single-product-tab-horizontal","12":"royal-shop-shadow-","13":"royal-shop-shadow-hover-","15":"first","16":"outofstock","17":"shipping-taxable","18":"purchasable","19":"product-type-simple"},"jetpack_sharing_enabled":true,"_links":{"self":[{"href":"https:\/\/multitiendaelectro.com\/index.php?rest_route=\/wp\/v2\/product\/2369","targetHints":{"allow":["GET"]}}],"collection":[{"href":"https:\/\/multitiendaelectro.com\/index.php?rest_route=\/wp\/v2\/product"}],"about":[{"href":"https:\/\/multitiendaelectro.com\/index.php?rest_route=\/wp\/v2\/types\/product"}],"replies":[{"embeddable":true,"href":"https:\/\/multitiendaelectro.com\/index.php?rest_route=%2Fwp%2Fv2%2Fcomments&post=2369"}],"wp:featuredmedia":[{"embeddable":true,"href":"https:\/\/multitiendaelectro.com\/index.php?rest_route=\/wp\/v2\/media\/2374"}],"wp:attachment":[{"href":"https:\/\/multitiendaelectro.com\/index.php?rest_route=%2Fwp%2Fv2%2Fmedia&parent=2369"}],"wp:term":[{"taxonomy":"product_brand","embeddable":true,"href":"https:\/\/multitiendaelectro.com\/index.php?rest_route=%2Fwp%2Fv2%2Fproduct_brand&post=2369"},{"taxonomy":"product_cat","embeddable":true,"href":"https:\/\/multitiendaelectro.com\/index.php?rest_route=%2Fwp%2Fv2%2Fproduct_cat&post=2369"},{"taxonomy":"product_tag","embeddable":true,"href":"https:\/\/multitiendaelectro.com\/index.php?rest_route=%2Fwp%2Fv2%2Fproduct_tag&post=2369"}],"curies":[{"name":"wp","href":"https:\/\/api.w.org\/{rel}","templated":true}]}}