{"id":2351,"date":"2025-04-29T10:01:25","date_gmt":"2025-04-29T15:01:25","guid":{"rendered":"https:\/\/multitiendaelectro.com\/?post_type=product&#038;p=2351"},"modified":"2026-03-30T15:14:57","modified_gmt":"2026-03-30T20:14:57","slug":"sc-ty2611-estacion-de-energia-portatil-sanci","status":"publish","type":"product","link":"https:\/\/multitiendaelectro.com\/?product=sc-ty2611-estacion-de-energia-portatil-sanci","title":{"rendered":"SC-TY2611 Estaci\u00f3n de Energ\u00eda Port\u00e1til Sanci"},"content":{"rendered":"<h3 data-start=\"100\" data-end=\"501\"><strong>La Estaci\u00f3n de Energ\u00eda Port\u00e1til SANCI SC-TY2611:<\/strong><\/h3>\n<p class=\"\" data-start=\"100\" data-end=\"501\">Es una soluci\u00f3n pr\u00e1ctica y eficiente para suministrar energ\u00eda en situaciones de emergencia, actividades al aire libre o en lugares sin acceso a electricidad. Con su potente bater\u00eda de 896 Wh, dise\u00f1o compacto y m\u00faltiples salidas, permite recargar y alimentar peque\u00f1os electrodom\u00e9sticos, dispositivos electr\u00f3nicos y sistemas de iluminaci\u00f3n f\u00e1cilmente.<\/p>\n<h3 class=\"\" data-start=\"508\" data-end=\"531\"><strong data-start=\"512\" data-end=\"531\">Caracter\u00edsticas:<\/strong><\/h3>\n<ul>\n<li><strong>Medidas y Peso:<\/strong>\n<ul>\n<li><strong>Dimensiones del equipo:<\/strong><br \/>\n37 \u00d7 23 \u00d7 20.5 cm<\/li>\n<li><strong>Dimensiones del equipo empaquetado:<\/strong><br \/>\n44 x 31.5 x 30 cm<\/li>\n<li><strong>Peso del equipo:<\/strong><br \/>\n8.828 Kg<\/li>\n<li><strong>Peso del equipo empaquetado:<\/strong><br \/>\n11.618 Kg<\/li>\n<\/ul>\n<\/li>\n<li><strong>Entrada de Carga:<\/strong>\n<ul>\n<li><strong>Puerto de Carga R\u00e1pida XT60:<\/strong><br data-start=\"1963\" data-end=\"1966\" \/>Permite cargar r\u00e1pidamente la estaci\u00f3n con corriente alta (hasta 10A) o mediante un panel solar de 36V.<\/li>\n<li><strong>Puerto de carga DC:<\/strong><br \/>\nCuenta con un cargador de 29.2V \u2013 8A<\/li>\n<\/ul>\n<\/li>\n<li><strong>Salidas de corriente:<\/strong>\n<ul>\n<li><strong>Puerto USB (USB holder):<\/strong><br data-start=\"1196\" data-end=\"1199\" \/>5 salidas que sirve para cargar celulares y alimentar otros equipos USB<\/li>\n<li><strong>Puerto Tipo-C:<\/strong><br data-start=\"1081\" data-end=\"1084\" \/>1 Salida que te permite cargar tel\u00e9fonos m\u00f3viles, tabletas y otros dispositivos compatibles.<\/li>\n<li><strong>Salida de Corriente Continua (DC Output):<\/strong><br data-start=\"1310\" data-end=\"1313\" \/>Ofrece 2 salidas DC de 12V 10A (corriente m\u00e1xima de 5A por puerto)<\/li>\n<li><strong>Soporte para Encendedor de Cigarrillos (Cigarette Lighter Holder):<\/strong><br data-start=\"1455\" data-end=\"1458\" \/>Proporciona salida de 12V 10A DC para dispositivos automotrices o adaptadores que normalmente se conectan en el encendedor de un carro.<\/li>\n<li><strong>Tomas de Corriente Alterna (AC Output Socket):<\/strong><br data-start=\"1796\" data-end=\"1799\" \/>2 Salidas de 220V\/110V 50\/60Hz, soportando una carga m\u00e1xima de 1200W. (No usar con dispositivos que sobrepasen este l\u00edmite).<\/li>\n<\/ul>\n<\/li>\n<\/ul>\n<ul data-start=\"532\" data-end=\"886\">\n<li data-start=\"603\" data-end=\"636\"><strong data-start=\"2261\" data-end=\"2305\">Cargador Inal\u00e1mbrico (Wireless Charger):<\/strong><br data-start=\"2305\" data-end=\"2308\" \/>Ofrece una salida de 15W para cargar celulares compatibles sin necesidad de cables.<\/li>\n<li data-start=\"603\" data-end=\"636\"><strong data-start=\"605\" data-end=\"628\">Potencia de salida:<\/strong> 1200W<\/li>\n<li data-start=\"603\" data-end=\"636\"><strong data-start=\"1602\" data-end=\"1649\">Pantalla de Visualizaci\u00f3n (Display Screen):<\/strong><br data-start=\"1649\" data-end=\"1652\" \/>Muestra el estado de entrada\/salida de energ\u00eda y el estado de cada funci\u00f3n activada.<\/li>\n<li><strong>Botones de manipulaci\u00f3n:<\/strong>\n<ul>\n<li><strong>Bot\u00f3n de Encendido Principal:<\/strong><br \/>\nPermite encender o apagar toda la estaci\u00f3n de carga.<\/li>\n<li><strong>Interruptor USB:<\/strong><br \/>\nControla la activaci\u00f3n o desactivaci\u00f3n de las salidas USB y Tipo-C.<\/li>\n<li><strong>Interruptor de Corriente Alterna (AC):<\/strong><br \/>\nPermite habilitar o deshabilitar las salidas de corriente alterna (AC 220V\/110V).<\/li>\n<li><strong>Interruptor de Luz LED:<\/strong><br \/>\nActiva o ajusta la intensidad de las luces LED integradas para iluminaci\u00f3n de emergencia.<\/li>\n<\/ul>\n<\/li>\n<li data-start=\"603\" data-end=\"636\"><strong data-start=\"944\" data-end=\"972\">Luces LED de Emergencia:<\/strong><br data-start=\"972\" data-end=\"975\" \/>Proporcionan 2 modos de iluminaci\u00f3n en situaciones de baja visibilidad o cortes de energ\u00eda.<\/li>\n<li><strong data-start=\"683\" data-end=\"707\">Tipo de iluminaci\u00f3n:<\/strong> LED<\/li>\n<li data-start=\"603\" data-end=\"636\"><strong data-start=\"2079\" data-end=\"2148\">Ventilaci\u00f3n para Disipaci\u00f3n de Calor (Fan Heat Dissipation Hole):<\/strong><br data-start=\"2148\" data-end=\"2151\" \/>Permite liberar el calor generado por los componentes internos, asegurando un funcionamiento seguro.<\/li>\n<li data-start=\"603\" data-end=\"636\"><strong data-start=\"639\" data-end=\"659\">Bater\u00eda interna:<\/strong> lion-litio 25.6V 35A (896 Wh)<\/li>\n<li data-start=\"603\" data-end=\"636\"><strong data-start=\"716\" data-end=\"729\">Material:<\/strong> Resistente y port\u00e1til, ideal para uso en exteriores.<\/li>\n<\/ul>\n<h3 class=\"\" data-start=\"893\" data-end=\"910\"><strong data-start=\"897\" data-end=\"910\">Funciones:<\/strong><\/h3>\n<ul data-start=\"911\" data-end=\"1286\">\n<li class=\"\" data-start=\"911\" data-end=\"981\">\n<p class=\"\" data-start=\"913\" data-end=\"981\">Recarga de emergencia para peque\u00f1os electrodom\u00e9sticos (hasta 1200W).<\/p>\n<\/li>\n<li class=\"\" data-start=\"982\" data-end=\"1110\">\n<p class=\"\" data-start=\"984\" data-end=\"1110\">Suministro de energ\u00eda continua para campamentos, viajes, actividades al aire libre, oficinas m\u00f3viles y emergencias dom\u00e9sticas.<\/p>\n<\/li>\n<li class=\"\" data-start=\"1111\" data-end=\"1186\">\n<p class=\"\" data-start=\"1113\" data-end=\"1186\">Iluminaci\u00f3n LED incorporada para mejorar la visibilidad en zonas oscuras.<\/p>\n<\/li>\n<li class=\"\" data-start=\"1187\" data-end=\"1286\">\n<p class=\"\" data-start=\"1189\" data-end=\"1286\">Compatible con paneles solares para carga ecol\u00f3gica (se muestra en la imagen, panel no incluido).<\/p>\n<\/li>\n<\/ul>\n<p class=\"\" data-start=\"1189\" data-end=\"1286\"><strong data-start=\"1368\" data-end=\"1397\">Protecci\u00f3n Inteligente:<\/strong><\/p>\n<ul data-start=\"1398\" data-end=\"1711\">\n<li class=\"\" data-start=\"1398\" data-end=\"1557\">\n<p class=\"\" data-start=\"1400\" data-end=\"1557\">Protecci\u00f3n contra sobrecarga: Si se sobrepasa la capacidad, el sistema desconecta la salida AC autom\u00e1ticamente y la restablece al eliminar la carga excesiva.<\/p>\n<\/li>\n<li class=\"\" data-start=\"1558\" data-end=\"1711\">\n<p class=\"\" data-start=\"1560\" data-end=\"1711\">Advertencia de baja presi\u00f3n: Cuando la bater\u00eda interna baja de 10V, el sistema avisa con un indicador. Al llegar a 0%, debe apagarse para recargar.<\/p>\n<\/li>\n<\/ul>\n<h3 class=\"\" data-start=\"1293\" data-end=\"1321\"><strong data-start=\"1297\" data-end=\"1321\">Accesorios Incluidos<\/strong><\/h3>\n<ul data-start=\"1322\" data-end=\"1448\">\n<li class=\"\" data-start=\"1322\" data-end=\"1347\">\n<p class=\"\" data-start=\"1324\" data-end=\"1347\">Cargador de corriente<\/p>\n<\/li>\n<li class=\"\" data-start=\"1348\" data-end=\"1393\">\n<p class=\"\" data-start=\"1350\" data-end=\"1393\">2 Cables de conexi\u00f3n de paneles solares<\/p>\n<\/li>\n<li class=\"\" data-start=\"1394\" data-end=\"1417\">\n<p class=\"\" data-start=\"1396\" data-end=\"1417\">2 Bombillas LED de 5W<\/p>\n<\/li>\n<li class=\"\" data-start=\"1418\" data-end=\"1448\">\n<p class=\"\" data-start=\"1420\" data-end=\"1448\">Adaptador de corriente<\/p>\n<\/li>\n<\/ul>\n<h3 data-start=\"1883\" data-end=\"1933\"><strong data-start=\"1889\" data-end=\"1933\">Tiempo de uso aproximado por dispositivo:<\/strong><\/h3>\n<div class=\"_tableContainer_16hzy_1\">\n<div class=\"_tableWrapper_16hzy_14 group flex w-fit flex-col-reverse\">\n<table class=\"w-fit min-w-(--thread-content-width)\" style=\"height: 197px\" width=\"801\" data-start=\"1935\" data-end=\"2335\">\n<thead data-start=\"1935\" data-end=\"1985\">\n<tr data-start=\"1935\" data-end=\"1985\">\n<th data-start=\"1935\" data-end=\"1964\" data-col-size=\"sm\">Dispositivo<\/th>\n<th data-start=\"1964\" data-end=\"1985\" data-col-size=\"sm\">Tiempo aproximado<\/th>\n<\/tr>\n<\/thead>\n<tbody data-start=\"2036\" data-end=\"2335\">\n<tr data-start=\"2036\" data-end=\"2085\">\n<td data-start=\"2036\" data-end=\"2064\" data-col-size=\"sm\">Tel\u00e9fono (celular)<\/td>\n<td data-col-size=\"sm\" data-start=\"2064\" data-end=\"2085\">Hasta 42 cargas<\/td>\n<\/tr>\n<tr data-start=\"2086\" data-end=\"2135\">\n<td data-start=\"2086\" data-end=\"2114\" data-col-size=\"sm\">Luz LED 12V3W<\/td>\n<td data-col-size=\"sm\" data-start=\"2114\" data-end=\"2135\">Hasta 200 horas<\/td>\n<\/tr>\n<tr data-start=\"2136\" data-end=\"2185\">\n<td data-start=\"2136\" data-end=\"2164\" data-col-size=\"sm\">Laptop de 13\u201d<\/td>\n<td data-col-size=\"sm\" data-start=\"2164\" data-end=\"2185\">Hasta 24 horas<\/td>\n<\/tr>\n<tr data-start=\"2186\" data-end=\"2235\">\n<td data-start=\"2186\" data-end=\"2214\" data-col-size=\"sm\">Ventilador de 40W<\/td>\n<td data-col-size=\"sm\" data-start=\"2214\" data-end=\"2235\">Hasta 16 horas<\/td>\n<\/tr>\n<tr data-start=\"2236\" data-end=\"2285\">\n<td data-start=\"2236\" data-end=\"2264\" data-col-size=\"sm\">Foco ahorrador de 20W<\/td>\n<td data-col-size=\"sm\" data-start=\"2264\" data-end=\"2285\">Hasta 30 horas<\/td>\n<\/tr>\n<tr data-start=\"2286\" data-end=\"2335\">\n<td data-start=\"2286\" data-end=\"2314\" data-col-size=\"sm\">TV LCD de 32\u201d<\/td>\n<td data-col-size=\"sm\" data-start=\"2314\" data-end=\"2335\">Hasta 14 horas<\/td>\n<\/tr>\n<\/tbody>\n<\/table>\n<div class=\"sticky end-(--thread-content-margin) h-0 self-end select-none\">\n<div class=\"absolute end-0 flex items-end\"><\/div>\n<\/div>\n<\/div>\n<\/div>\n<blockquote data-start=\"2337\" data-end=\"2424\">\n<p class=\"\" data-start=\"2339\" data-end=\"2424\"><em data-start=\"2339\" data-end=\"2424\">Estos tiempos son aproximados y pueden variar seg\u00fan el consumo real de cada equipo.<\/em><\/p>\n<\/blockquote>\n","protected":false},"excerpt":{"rendered":"<p><strong>Condici\u00f3n del producto:\u00a0<\/strong>\u00a0Nuevo<\/p>\n<p><strong>Material:\u00a0<\/strong>Metal pl\u00e1stico<\/p>\n<p><strong>Marca:\u00a0<\/strong>Sanci<\/p>\n<p><strong>Modelo:\u00a0<\/strong>SC-TY2611<\/p>\n<p><strong>Pa\u00eds de origen:\u00a0<\/strong>China<\/p>\n<p><strong>Potencia:<\/strong> 1200w<\/p>\n<p><strong>Uso de la herramienta:\u00a0<\/strong> Multiuso<\/p>\n","protected":false},"featured_media":2356,"comment_status":"open","ping_status":"closed","template":"","meta":{"advanced_seo_description":"","jetpack_seo_html_title":"","jetpack_seo_noindex":false},"product_brand":[99],"product_cat":[52],"product_tag":[],"class_list":{"0":"post-2351","1":"product","2":"type-product","3":"status-publish","4":"has-post-thumbnail","6":"product_brand-sanci","7":"product_cat-estacion-de-energia-portatil","8":"wzta-woo-product-list","9":"opn-qv-enable","10":"royal-shop-woo-hover-zoom","11":"royal-shop-single-product-tab-horizontal","12":"royal-shop-shadow-","13":"royal-shop-shadow-hover-","15":"first","16":"outofstock","17":"shipping-taxable","18":"purchasable","19":"product-type-simple"},"jetpack_sharing_enabled":true,"_links":{"self":[{"href":"https:\/\/multitiendaelectro.com\/index.php?rest_route=\/wp\/v2\/product\/2351","targetHints":{"allow":["GET"]}}],"collection":[{"href":"https:\/\/multitiendaelectro.com\/index.php?rest_route=\/wp\/v2\/product"}],"about":[{"href":"https:\/\/multitiendaelectro.com\/index.php?rest_route=\/wp\/v2\/types\/product"}],"replies":[{"embeddable":true,"href":"https:\/\/multitiendaelectro.com\/index.php?rest_route=%2Fwp%2Fv2%2Fcomments&post=2351"}],"wp:featuredmedia":[{"embeddable":true,"href":"https:\/\/multitiendaelectro.com\/index.php?rest_route=\/wp\/v2\/media\/2356"}],"wp:attachment":[{"href":"https:\/\/multitiendaelectro.com\/index.php?rest_route=%2Fwp%2Fv2%2Fmedia&parent=2351"}],"wp:term":[{"taxonomy":"product_brand","embeddable":true,"href":"https:\/\/multitiendaelectro.com\/index.php?rest_route=%2Fwp%2Fv2%2Fproduct_brand&post=2351"},{"taxonomy":"product_cat","embeddable":true,"href":"https:\/\/multitiendaelectro.com\/index.php?rest_route=%2Fwp%2Fv2%2Fproduct_cat&post=2351"},{"taxonomy":"product_tag","embeddable":true,"href":"https:\/\/multitiendaelectro.com\/index.php?rest_route=%2Fwp%2Fv2%2Fproduct_tag&post=2351"}],"curies":[{"name":"wp","href":"https:\/\/api.w.org\/{rel}","templated":true}]}}