{"id":2326,"date":"2025-04-25T14:46:31","date_gmt":"2025-04-25T19:46:31","guid":{"rendered":"https:\/\/multitiendaelectro.com\/?post_type=product&#038;p=2326"},"modified":"2026-03-02T10:07:12","modified_gmt":"2026-03-02T15:07:12","slug":"sc-ty2628-bateria-sanci","status":"publish","type":"product","link":"https:\/\/multitiendaelectro.com\/?product=sc-ty2628-bateria-sanci","title":{"rendered":"SC-TY2628 Bater\u00eda Sanci"},"content":{"rendered":"<h3 data-start=\"77\" data-end=\"96\">Bater\u00eda Sanci SC-TY2628:<\/h3>\n<p class=\"\" data-start=\"97\" data-end=\"435\">La bater\u00eda SANCI SC-TY2628 es una soluci\u00f3n de almacenamiento de energ\u00eda de alta eficiencia dise\u00f1ada para aplicaciones exigentes como sistemas solares, caravanas, embarcaciones y m\u00e1s. Gracias a su avanzada tecnolog\u00eda de litio hierro fosfato (LiFePO4), ofrece una potencia confiable, larga vida \u00fatil y m\u00e1xima seguridad en cualquier entorno.<\/p>\n<h3 data-start=\"442\" data-end=\"465\"><strong data-start=\"445\" data-end=\"465\">Caracter\u00edsticas:<\/strong><\/h3>\n<ul data-start=\"466\" data-end=\"901\">\n<li class=\"\" data-start=\"466\" data-end=\"491\">\n<p class=\"\" data-start=\"468\" data-end=\"491\"><strong data-start=\"468\" data-end=\"479\">Modelo:<\/strong> SC-TY2628<\/p>\n<\/li>\n<li class=\"\" data-start=\"492\" data-end=\"517\">\n<p class=\"\" data-start=\"494\" data-end=\"517\"><strong data-start=\"494\" data-end=\"508\">Capacidad:<\/strong> 100 Ah<\/p>\n<\/li>\n<li class=\"\" data-start=\"518\" data-end=\"548\">\n<p class=\"\" data-start=\"520\" data-end=\"548\"><strong data-start=\"520\" data-end=\"540\">Voltaje nominal:<\/strong> 25.6V<\/p>\n<\/li>\n<li class=\"\" data-start=\"549\" data-end=\"610\">\n<p class=\"\" data-start=\"551\" data-end=\"610\"><strong data-start=\"551\" data-end=\"566\">Tecnolog\u00eda:<\/strong> Bater\u00eda de Litio Hierro Fosfato (LiFePO4)<\/p>\n<\/li>\n<li class=\"\" data-start=\"611\" data-end=\"669\">\n<p class=\"\" data-start=\"613\" data-end=\"669\"><strong data-start=\"613\" data-end=\"642\">Dimensiones del producto:<\/strong> 48 cm x 17 cm x 24.5 cm<\/p>\n<\/li>\n<li class=\"\" data-start=\"670\" data-end=\"724\">\n<p class=\"\" data-start=\"672\" data-end=\"724\"><strong data-start=\"672\" data-end=\"696\">Dimensiones de caja:<\/strong> 48.5 cm x 17 cm x 24.5 cm<\/p>\n<\/li>\n<li class=\"\" data-start=\"725\" data-end=\"767\">\n<p class=\"\" data-start=\"727\" data-end=\"767\"><strong data-start=\"727\" data-end=\"745\">Configuraci\u00f3n:<\/strong> 8 cadenas de celdas<\/p>\n<\/li>\n<li class=\"\" data-start=\"768\" data-end=\"855\">\n<p class=\"\" data-start=\"770\" data-end=\"855\"><strong data-start=\"770\" data-end=\"801\">Cuadro de protecci\u00f3n (BMS):<\/strong> Integrado para mayor seguridad y gesti\u00f3n de energ\u00eda<\/p>\n<\/li>\n<\/ul>\n<h3 data-start=\"908\" data-end=\"937\"><strong data-start=\"911\" data-end=\"937\">Funciones principales:<\/strong><\/h3>\n<ul data-start=\"938\" data-end=\"1441\">\n<li class=\"\" data-start=\"938\" data-end=\"996\">\n<p class=\"\" data-start=\"940\" data-end=\"996\"><strong data-start=\"940\" data-end=\"958\">Alta duraci\u00f3n:<\/strong> M\u00e1s de 2000 ciclos de carga\/descarga.<\/p>\n<\/li>\n<li class=\"\" data-start=\"997\" data-end=\"1123\">\n<p class=\"\" data-start=\"999\" data-end=\"1123\"><strong data-start=\"999\" data-end=\"1023\">Protecci\u00f3n completa:<\/strong> Sistema BMS para protecci\u00f3n contra sobrecarga, sobre descarga, sobre corriente y temperatura extrema.<\/p>\n<\/li>\n<li class=\"\" data-start=\"1124\" data-end=\"1189\">\n<p class=\"\" data-start=\"1126\" data-end=\"1189\"><strong data-start=\"1126\" data-end=\"1143\">Carga r\u00e1pida:<\/strong> Compatible con cargadores de alta eficiencia.<\/p>\n<\/li>\n<li class=\"\" data-start=\"1190\" data-end=\"1319\">\n<p class=\"\" data-start=\"1192\" data-end=\"1319\"><strong data-start=\"1192\" data-end=\"1219\">Resistente y confiable:<\/strong> Ideal para exteriores, entornos de movimiento constante o condiciones de alta exigencia energ\u00e9tica.<\/p>\n<\/li>\n<li class=\"\" data-start=\"1320\" data-end=\"1441\">\n<p class=\"\" data-start=\"1322\" data-end=\"1441\"><strong data-start=\"1322\" data-end=\"1341\">Compatibilidad:<\/strong> Perfecta para sistemas solares, veh\u00edculos recreativos, botes, casas rodantes y respaldo de energ\u00eda.<\/p>\n<\/li>\n<\/ul>\n<h3 data-start=\"1448\" data-end=\"1476\"><strong data-start=\"1451\" data-end=\"1476\">Accesorios incluidos:<\/strong><\/h3>\n<ul data-start=\"1477\" data-end=\"1582\">\n<li class=\"\" data-start=\"1477\" data-end=\"1504\">\n<p class=\"\" data-start=\"1479\" data-end=\"1504\">Bater\u00eda SANCI SC-TY2628<\/p>\n<\/li>\n<li class=\"\" data-start=\"1505\" data-end=\"1524\">\n<p class=\"\" data-start=\"1507\" data-end=\"1524\">Manual de usuario<\/p>\n<\/li>\n<\/ul>\n","protected":false},"excerpt":{"rendered":"<p><strong>Condici\u00f3n del producto:\u00a0<\/strong>\u00a0Nuevo<\/p>\n<p><strong>Material:\u00a0<\/strong>\u00a0Metal pl\u00e1stico<\/p>\n<p><strong data-start=\"565\" data-end=\"573\">Tipo<\/strong>: Bater\u00eda de litio hierro fosfato<\/p>\n<p><strong>Marca:\u00a0<\/strong>Sanci<\/p>\n<p><strong>Modelo:\u00a0<\/strong> SC-TY2628<\/p>\n<p><strong>Pa\u00eds de origen:\u00a0<\/strong>China<\/p>\n","protected":false},"featured_media":2337,"comment_status":"open","ping_status":"closed","template":"","meta":{"advanced_seo_description":"","jetpack_seo_html_title":"","jetpack_seo_noindex":false},"product_brand":[99],"product_cat":[100],"product_tag":[],"class_list":{"0":"post-2326","1":"product","2":"type-product","3":"status-publish","4":"has-post-thumbnail","6":"product_brand-sanci","7":"product_cat-baterias","8":"wzta-woo-product-list","9":"opn-qv-enable","10":"royal-shop-woo-hover-zoom","11":"royal-shop-single-product-tab-horizontal","12":"royal-shop-shadow-","13":"royal-shop-shadow-hover-","15":"first","16":"instock","17":"shipping-taxable","18":"purchasable","19":"product-type-simple"},"jetpack_sharing_enabled":true,"_links":{"self":[{"href":"https:\/\/multitiendaelectro.com\/index.php?rest_route=\/wp\/v2\/product\/2326","targetHints":{"allow":["GET"]}}],"collection":[{"href":"https:\/\/multitiendaelectro.com\/index.php?rest_route=\/wp\/v2\/product"}],"about":[{"href":"https:\/\/multitiendaelectro.com\/index.php?rest_route=\/wp\/v2\/types\/product"}],"replies":[{"embeddable":true,"href":"https:\/\/multitiendaelectro.com\/index.php?rest_route=%2Fwp%2Fv2%2Fcomments&post=2326"}],"wp:featuredmedia":[{"embeddable":true,"href":"https:\/\/multitiendaelectro.com\/index.php?rest_route=\/wp\/v2\/media\/2337"}],"wp:attachment":[{"href":"https:\/\/multitiendaelectro.com\/index.php?rest_route=%2Fwp%2Fv2%2Fmedia&parent=2326"}],"wp:term":[{"taxonomy":"product_brand","embeddable":true,"href":"https:\/\/multitiendaelectro.com\/index.php?rest_route=%2Fwp%2Fv2%2Fproduct_brand&post=2326"},{"taxonomy":"product_cat","embeddable":true,"href":"https:\/\/multitiendaelectro.com\/index.php?rest_route=%2Fwp%2Fv2%2Fproduct_cat&post=2326"},{"taxonomy":"product_tag","embeddable":true,"href":"https:\/\/multitiendaelectro.com\/index.php?rest_route=%2Fwp%2Fv2%2Fproduct_tag&post=2326"}],"curies":[{"name":"wp","href":"https:\/\/api.w.org\/{rel}","templated":true}]}}