{"id":2316,"date":"2025-04-25T11:41:40","date_gmt":"2025-04-25T16:41:40","guid":{"rendered":"https:\/\/multitiendaelectro.com\/?post_type=product&#038;p=2316"},"modified":"2026-04-11T12:36:38","modified_gmt":"2026-04-11T17:36:38","slug":"ld-ty39000-kit-solar-lidimi","status":"publish","type":"product","link":"https:\/\/multitiendaelectro.com\/?product=ld-ty39000-kit-solar-lidimi","title":{"rendered":"LD-TY39000 Kit solar Lidimi"},"content":{"rendered":"<h3 class=\"\" data-start=\"155\" data-end=\"190\">Bater\u00eda LIDIMI LD-TY39000:<\/h3>\n<p class=\"\" data-start=\"191\" data-end=\"505\">El LIDIMI LD-TY39000 es un sistema port\u00e1til de energ\u00eda con inversor de potencia, ideal para emergencias, campamentos, actividades al aire libre o como respaldo energ\u00e9tico en el hogar. Su dise\u00f1o compacto incluye m\u00faltiples salidas de corriente, pantalla LCD, linterna incorporada y es compatible con panel solar.<\/p>\n<h3 class=\"\" data-start=\"512\" data-end=\"547\"><strong data-start=\"519\" data-end=\"547\">Caracter\u00edsticas:<\/strong><\/h3>\n<ul data-start=\"548\" data-end=\"924\">\n<li class=\"\" data-start=\"548\" data-end=\"574\">\n<p class=\"\" data-start=\"550\" data-end=\"574\"><strong data-start=\"550\" data-end=\"561\">Modelo:<\/strong> LD-TY39000<\/p>\n<\/li>\n<li class=\"\" data-start=\"575\" data-end=\"617\">\n<p class=\"\" data-start=\"577\" data-end=\"617\"><strong data-start=\"577\" data-end=\"602\">Capacidad de bater\u00eda:<\/strong> 12V 9000 mAh<\/p>\n<\/li>\n<li class=\"\" data-start=\"618\" data-end=\"664\">\n<p class=\"\" data-start=\"620\" data-end=\"664\"><strong data-start=\"620\" data-end=\"633\">Inversor:<\/strong> 300W (salida AC 220V \/ 50Hz)<\/p>\n<\/li>\n<li class=\"\" data-start=\"665\" data-end=\"717\">\n<p class=\"\" data-start=\"667\" data-end=\"717\"><strong data-start=\"667\" data-end=\"696\">Dimensiones del producto:<\/strong> 25 x 18 x 15.5 cm<\/p>\n<\/li>\n<li class=\"\" data-start=\"718\" data-end=\"766\">\n<p class=\"\" data-start=\"720\" data-end=\"766\"><strong data-start=\"720\" data-end=\"745\">Panel solar incluido:<\/strong> 35 x 17.5 x 19.5 cm<\/p>\n<\/li>\n<li class=\"\" data-start=\"767\" data-end=\"816\">\n<p class=\"\" data-start=\"769\" data-end=\"816\"><strong data-start=\"769\" data-end=\"805\">Cargador de encendedor de coche:<\/strong> 12V 10Ah<\/p>\n<\/li>\n<li class=\"\" data-start=\"817\" data-end=\"844\">\n<p class=\"\" data-start=\"819\" data-end=\"844\"><strong data-start=\"819\" data-end=\"834\">Entrada AC:<\/strong> 90-260V<\/p>\n<\/li>\n<\/ul>\n<h3 class=\"\" data-start=\"931\" data-end=\"951\"><strong data-start=\"938\" data-end=\"951\">Funciones:<\/strong><\/h3>\n<ul data-start=\"952\" data-end=\"1560\">\n<li class=\"\" data-start=\"952\" data-end=\"1050\">\n<p class=\"\" data-start=\"954\" data-end=\"1050\"><strong data-start=\"954\" data-end=\"980\">Inversor de corriente:<\/strong> Permite convertir energ\u00eda de DC a AC para conectar equipos de 220V.<\/p>\n<\/li>\n<li class=\"\" data-start=\"1051\" data-end=\"1123\">\n<p class=\"\" data-start=\"1053\" data-end=\"1123\"><strong data-start=\"1053\" data-end=\"1070\">Pantalla LCD:<\/strong> Muestra el estado de la bater\u00eda y otras funciones.<\/p>\n<\/li>\n<li class=\"\" data-start=\"1124\" data-end=\"1260\">\n<p class=\"\" data-start=\"1126\" data-end=\"1150\"><strong data-start=\"1126\" data-end=\"1148\">Puertos m\u00faltiples:<\/strong><\/p>\n<ul data-start=\"1153\" data-end=\"1260\">\n<li class=\"\" data-start=\"1153\" data-end=\"1160\">\n<p class=\"\" data-start=\"1155\" data-end=\"1160\">USB<\/p>\n<\/li>\n<li class=\"\" data-start=\"1163\" data-end=\"1190\">\n<p class=\"\" data-start=\"1165\" data-end=\"1190\">TF (tarjeta de memoria)<\/p>\n<\/li>\n<li class=\"\" data-start=\"1193\" data-end=\"1207\">\n<p class=\"\" data-start=\"1195\" data-end=\"1207\">FM (radio)<\/p>\n<\/li>\n<li class=\"\" data-start=\"1210\" data-end=\"1228\">\n<p class=\"\" data-start=\"1212\" data-end=\"1228\">Bluetooth (BT)<\/p>\n<\/li>\n<li class=\"\" data-start=\"1231\" data-end=\"1260\">\n<p class=\"\" data-start=\"1233\" data-end=\"1260\">2 Puertos USB adicionales<\/p>\n<\/li>\n<\/ul>\n<\/li>\n<li class=\"\" data-start=\"1261\" data-end=\"1354\">\n<p class=\"\" data-start=\"1263\" data-end=\"1291\"><strong data-start=\"1263\" data-end=\"1289\">Iluminaci\u00f3n integrada:<\/strong><\/p>\n<ul data-start=\"1294\" data-end=\"1354\">\n<li class=\"\" data-start=\"1294\" data-end=\"1318\">\n<p class=\"\" data-start=\"1296\" data-end=\"1318\">Linterna LED de 3.5W<\/p>\n<\/li>\n<li class=\"\" data-start=\"1321\" data-end=\"1354\">\n<p class=\"\" data-start=\"1323\" data-end=\"1354\">L\u00e1mparas laterales de 8W o 4W<\/p>\n<\/li>\n<\/ul>\n<\/li>\n<li class=\"\" data-start=\"1355\" data-end=\"1397\">\n<p class=\"\" data-start=\"1357\" data-end=\"1397\"><strong data-start=\"1357\" data-end=\"1395\">Encendido de emergencia para autos<\/strong><\/p>\n<\/li>\n<li class=\"\" data-start=\"1398\" data-end=\"1464\">\n<p class=\"\" data-start=\"1400\" data-end=\"1464\"><strong data-start=\"1400\" data-end=\"1419\">Cargador solar:<\/strong> Compatible con panel solar de 18V incluido<\/p>\n<\/li>\n<li class=\"\" data-start=\"1465\" data-end=\"1560\">\n<p class=\"\" data-start=\"1467\" data-end=\"1560\"><strong data-start=\"1467\" data-end=\"1491\">Alta compatibilidad:<\/strong> Para m\u00f3viles, laptops, focos LED, routers, mini refrigeradores, etc.<\/p>\n<\/li>\n<\/ul>\n<h3 class=\"\" data-start=\"1567\" data-end=\"1598\"><strong data-start=\"1574\" data-end=\"1598\">Accesorios Incluidos:<\/strong><\/h3>\n<ul data-start=\"1599\" data-end=\"1841\">\n<li class=\"\" data-start=\"1599\" data-end=\"1629\">\n<p class=\"\" data-start=\"1601\" data-end=\"1629\">Panel solar de 18V<\/p>\n<\/li>\n<li class=\"\" data-start=\"1630\" data-end=\"1677\">\n<p class=\"\" data-start=\"1632\" data-end=\"1677\">4\u00a0 bombillas LED con cable (tipo foco)<\/p>\n<\/li>\n<li class=\"\" data-start=\"1678\" data-end=\"1706\">\n<p class=\"\" data-start=\"1680\" data-end=\"1706\">Cable USB 5 en 1<\/p>\n<\/li>\n<li class=\"\" data-start=\"1707\" data-end=\"1763\">\n<p class=\"\" data-start=\"1709\" data-end=\"1763\">1 par de pinzas cocodrilo para bater\u00eda de auto<\/p>\n<\/li>\n<li class=\"\" data-start=\"1764\" data-end=\"1805\">\n<p class=\"\" data-start=\"1766\" data-end=\"1805\">Cargador solar\/cable de carga<\/p>\n<\/li>\n<\/ul>\n","protected":false},"excerpt":{"rendered":"<p><strong>Condici\u00f3n del producto:\u00a0<\/strong>\u00a0Nuevo<\/p>\n<p><strong>Material:\u00a0<\/strong>\u00a0Metal pl\u00e1stico<\/p>\n<p><strong>Marca:<\/strong> Lidimi<\/p>\n<p><strong>Modelo:\u00a0<\/strong> LD-TY39000<\/p>\n<p><strong>Potencia:<\/strong> 300W<\/p>\n<p><strong>Pa\u00eds de origen:\u00a0<\/strong>China<\/p>\n","protected":false},"featured_media":2317,"comment_status":"open","ping_status":"closed","template":"","meta":{"advanced_seo_description":"","jetpack_seo_html_title":"","jetpack_seo_noindex":false},"product_brand":[97],"product_cat":[100,37],"product_tag":[],"class_list":{"0":"post-2316","1":"product","2":"type-product","3":"status-publish","4":"has-post-thumbnail","6":"product_brand-lidimi","7":"product_cat-baterias","8":"product_cat-kit-solar","9":"wzta-woo-product-list","10":"opn-qv-enable","11":"royal-shop-woo-hover-zoom","12":"royal-shop-single-product-tab-horizontal","13":"royal-shop-shadow-","14":"royal-shop-shadow-hover-","16":"first","17":"outofstock","18":"shipping-taxable","19":"purchasable","20":"product-type-simple"},"jetpack_sharing_enabled":true,"_links":{"self":[{"href":"https:\/\/multitiendaelectro.com\/index.php?rest_route=\/wp\/v2\/product\/2316","targetHints":{"allow":["GET"]}}],"collection":[{"href":"https:\/\/multitiendaelectro.com\/index.php?rest_route=\/wp\/v2\/product"}],"about":[{"href":"https:\/\/multitiendaelectro.com\/index.php?rest_route=\/wp\/v2\/types\/product"}],"replies":[{"embeddable":true,"href":"https:\/\/multitiendaelectro.com\/index.php?rest_route=%2Fwp%2Fv2%2Fcomments&post=2316"}],"wp:featuredmedia":[{"embeddable":true,"href":"https:\/\/multitiendaelectro.com\/index.php?rest_route=\/wp\/v2\/media\/2317"}],"wp:attachment":[{"href":"https:\/\/multitiendaelectro.com\/index.php?rest_route=%2Fwp%2Fv2%2Fmedia&parent=2316"}],"wp:term":[{"taxonomy":"product_brand","embeddable":true,"href":"https:\/\/multitiendaelectro.com\/index.php?rest_route=%2Fwp%2Fv2%2Fproduct_brand&post=2316"},{"taxonomy":"product_cat","embeddable":true,"href":"https:\/\/multitiendaelectro.com\/index.php?rest_route=%2Fwp%2Fv2%2Fproduct_cat&post=2316"},{"taxonomy":"product_tag","embeddable":true,"href":"https:\/\/multitiendaelectro.com\/index.php?rest_route=%2Fwp%2Fv2%2Fproduct_tag&post=2316"}],"curies":[{"name":"wp","href":"https:\/\/api.w.org\/{rel}","templated":true}]}}