{"id":2298,"date":"2025-04-25T10:45:43","date_gmt":"2025-04-25T15:45:43","guid":{"rendered":"https:\/\/multitiendaelectro.com\/?post_type=product&#038;p=2298"},"modified":"2026-03-02T10:14:03","modified_gmt":"2026-03-02T15:14:03","slug":"sc-ty2629-bateria-sanci","status":"publish","type":"product","link":"https:\/\/multitiendaelectro.com\/?product=sc-ty2629-bateria-sanci","title":{"rendered":"SC-TY2629 Bater\u00eda Sanci"},"content":{"rendered":"<h3 class=\"\" data-start=\"101\" data-end=\"135\"><strong data-start=\"107\" data-end=\"135\">Descripci\u00f3n:<\/strong><\/h3>\n<p class=\"\" data-start=\"137\" data-end=\"492\">La SANCI SC-TY2629 es una fuente de energ\u00eda confiable, duradera y segura, ideal para aplicaciones en exteriores, como casas rodantes, embarcaciones, paneles solares y m\u00e1s. Su dise\u00f1o compacto y tecnolog\u00eda avanzada la convierten en una excelente opci\u00f3n para quienes necesitan potencia continua sin comprometer el espacio.<\/p>\n<h3 class=\"\" data-start=\"499\" data-end=\"535\"><strong data-start=\"507\" data-end=\"535\">Caracter\u00edsticas:<\/strong><\/h3>\n<ul data-start=\"537\" data-end=\"928\">\n<li class=\"\" data-start=\"537\" data-end=\"562\">\n<p class=\"\" data-start=\"539\" data-end=\"562\"><strong data-start=\"539\" data-end=\"549\">Modelo<\/strong>: SC-TY2629<\/p>\n<\/li>\n<li class=\"\" data-start=\"563\" data-end=\"618\">\n<p class=\"\" data-start=\"565\" data-end=\"618\"><strong data-start=\"565\" data-end=\"573\">Tipo<\/strong>: Bater\u00eda de litio hierro fosfato (LiFePO4)<\/p>\n<\/li>\n<li class=\"\" data-start=\"619\" data-end=\"643\">\n<p class=\"\" data-start=\"621\" data-end=\"643\"><strong data-start=\"621\" data-end=\"634\">Capacidad<\/strong>: 100Ah<\/p>\n<\/li>\n<li class=\"\" data-start=\"644\" data-end=\"674\">\n<p class=\"\" data-start=\"646\" data-end=\"674\"><strong data-start=\"646\" data-end=\"665\">Voltaje nominal<\/strong>: 12.8V<\/p>\n<\/li>\n<li class=\"\" data-start=\"675\" data-end=\"727\">\n<p class=\"\" data-start=\"677\" data-end=\"727\"><strong data-start=\"677\" data-end=\"705\">Dimensiones del producto<\/strong>: 26 \u00d7 16.8 \u00d7 22 cm<\/p>\n<\/li>\n<li class=\"\" data-start=\"728\" data-end=\"779\">\n<p class=\"\" data-start=\"730\" data-end=\"779\"><strong data-start=\"730\" data-end=\"757\">Dimensiones del empaque<\/strong>: 31.2 \u00d7 21.2 \u00d7 27.7 cm<\/p>\n<\/li>\n<li class=\"\" data-start=\"827\" data-end=\"866\">\n<p class=\"\" data-start=\"829\" data-end=\"866\"><strong data-start=\"829\" data-end=\"854\">Configuraci\u00f3n interna<\/strong>: 8 celdas<\/p>\n<\/li>\n<li class=\"\" data-start=\"867\" data-end=\"928\">\n<p class=\"\" data-start=\"869\" data-end=\"928\"><strong data-start=\"869\" data-end=\"894\">Sistema de protecci\u00f3n<\/strong>: Cuadro de protecci\u00f3n integrado<\/p>\n<\/li>\n<\/ul>\n<h3 class=\"\" data-start=\"935\" data-end=\"970\"><strong data-start=\"942\" data-end=\"970\">Funciones:<\/strong><\/h3>\n<ul data-start=\"972\" data-end=\"1401\">\n<li class=\"\" data-start=\"972\" data-end=\"1032\">\n<p class=\"\" data-start=\"974\" data-end=\"1032\"><strong data-start=\"974\" data-end=\"992\">Alta capacidad<\/strong>: 100Ah para un rendimiento prolongado<\/p>\n<\/li>\n<li class=\"\" data-start=\"1033\" data-end=\"1130\">\n<p class=\"\" data-start=\"1035\" data-end=\"1130\"><strong data-start=\"1035\" data-end=\"1057\">Tecnolog\u00eda LiFePO4<\/strong>: M\u00e1s segura, estable y con mayor vida \u00fatil que bater\u00edas convencionales<\/p>\n<\/li>\n<li class=\"\" data-start=\"1131\" data-end=\"1234\">\n<p class=\"\" data-start=\"1133\" data-end=\"1234\"><strong data-start=\"1133\" data-end=\"1155\">Protecci\u00f3n interna<\/strong>: Sistema de protecci\u00f3n contra sobrecarga, sobrecalentamiento y cortocircuito<\/p>\n<\/li>\n<li class=\"\" data-start=\"1235\" data-end=\"1401\">\n<p class=\"\" data-start=\"1237\" data-end=\"1256\"><strong data-start=\"1237\" data-end=\"1253\">Aplicaciones<\/strong>:<\/p>\n<ul data-start=\"1259\" data-end=\"1401\">\n<li class=\"\" data-start=\"1259\" data-end=\"1290\">\n<p class=\"\" data-start=\"1261\" data-end=\"1290\">Energ\u00eda para casas rodantes<\/p>\n<\/li>\n<li class=\"\" data-start=\"1293\" data-end=\"1313\">\n<p class=\"\" data-start=\"1295\" data-end=\"1313\">Sistemas solares<\/p>\n<\/li>\n<li class=\"\" data-start=\"1316\" data-end=\"1347\">\n<p class=\"\" data-start=\"1318\" data-end=\"1347\">Botes el\u00e9ctricos o de pesca<\/p>\n<\/li>\n<li class=\"\" data-start=\"1350\" data-end=\"1401\">\n<p class=\"\" data-start=\"1352\" data-end=\"1401\">Equipos electr\u00f3nicos port\u00e1tiles de alto consumo<\/p>\n<\/li>\n<\/ul>\n<\/li>\n<\/ul>\n<h3 class=\"\" data-start=\"1408\" data-end=\"1440\"><strong data-start=\"1415\" data-end=\"1440\">Accesorios incluidos<\/strong><\/h3>\n<ul data-start=\"1442\" data-end=\"1542\">\n<li class=\"\" data-start=\"1442\" data-end=\"1471\">\n<p class=\"\" data-start=\"1444\" data-end=\"1471\">Bater\u00eda SANCI SC-TY2629<\/p>\n<\/li>\n<\/ul>\n","protected":false},"excerpt":{"rendered":"<p><strong>Condici\u00f3n del producto:\u00a0<\/strong>\u00a0Nuevo<\/p>\n<p><strong>Material:\u00a0<\/strong>\u00a0Metal pl\u00e1stico<\/p>\n<p><strong data-start=\"565\" data-end=\"573\">Tipo<\/strong>: Bater\u00eda de litio hierro fosfato<\/p>\n<p><strong>Marca:\u00a0<\/strong>Sanci<\/p>\n<p><strong>Modelo:\u00a0<\/strong> SC-TY2629<\/p>\n<p><strong>Pa\u00eds de origen:\u00a0<\/strong>China<\/p>\n","protected":false},"featured_media":2304,"comment_status":"open","ping_status":"closed","template":"","meta":{"advanced_seo_description":"","jetpack_seo_html_title":"","jetpack_seo_noindex":false},"product_brand":[99],"product_cat":[100],"product_tag":[],"class_list":{"0":"post-2298","1":"product","2":"type-product","3":"status-publish","4":"has-post-thumbnail","6":"product_brand-sanci","7":"product_cat-baterias","8":"wzta-woo-product-list","9":"opn-qv-enable","10":"royal-shop-woo-hover-zoom","11":"royal-shop-single-product-tab-horizontal","12":"royal-shop-shadow-","13":"royal-shop-shadow-hover-","15":"first","16":"instock","17":"shipping-taxable","18":"purchasable","19":"product-type-simple"},"jetpack_sharing_enabled":true,"_links":{"self":[{"href":"https:\/\/multitiendaelectro.com\/index.php?rest_route=\/wp\/v2\/product\/2298","targetHints":{"allow":["GET"]}}],"collection":[{"href":"https:\/\/multitiendaelectro.com\/index.php?rest_route=\/wp\/v2\/product"}],"about":[{"href":"https:\/\/multitiendaelectro.com\/index.php?rest_route=\/wp\/v2\/types\/product"}],"replies":[{"embeddable":true,"href":"https:\/\/multitiendaelectro.com\/index.php?rest_route=%2Fwp%2Fv2%2Fcomments&post=2298"}],"wp:featuredmedia":[{"embeddable":true,"href":"https:\/\/multitiendaelectro.com\/index.php?rest_route=\/wp\/v2\/media\/2304"}],"wp:attachment":[{"href":"https:\/\/multitiendaelectro.com\/index.php?rest_route=%2Fwp%2Fv2%2Fmedia&parent=2298"}],"wp:term":[{"taxonomy":"product_brand","embeddable":true,"href":"https:\/\/multitiendaelectro.com\/index.php?rest_route=%2Fwp%2Fv2%2Fproduct_brand&post=2298"},{"taxonomy":"product_cat","embeddable":true,"href":"https:\/\/multitiendaelectro.com\/index.php?rest_route=%2Fwp%2Fv2%2Fproduct_cat&post=2298"},{"taxonomy":"product_tag","embeddable":true,"href":"https:\/\/multitiendaelectro.com\/index.php?rest_route=%2Fwp%2Fv2%2Fproduct_tag&post=2298"}],"curies":[{"name":"wp","href":"https:\/\/api.w.org\/{rel}","templated":true}]}}