{"id":2253,"date":"2025-04-24T12:12:46","date_gmt":"2025-04-24T17:12:46","guid":{"rendered":"https:\/\/multitiendaelectro.com\/?post_type=product&#038;p=2253"},"modified":"2025-12-23T12:52:26","modified_gmt":"2025-12-23T17:52:26","slug":"ld-s836-parlante-portatil-con-extra-bass-lidimi","status":"publish","type":"product","link":"https:\/\/multitiendaelectro.com\/?product=ld-s836-parlante-portatil-con-extra-bass-lidimi","title":{"rendered":"LD-S836 Parlante Port\u00e1til con Extra Bass Lidimi 60W"},"content":{"rendered":"<p class=\"\" data-start=\"134\" data-end=\"574\"><strong data-start=\"134\" data-end=\"150\">Descripci\u00f3n:<\/strong><br data-start=\"150\" data-end=\"153\" \/>El LIDIMI LD-S836 es un parlante port\u00e1til de gran potencia dise\u00f1ado para ofrecer una experiencia sonora envolvente en todo tipo de ambientes, desde reuniones al aire libre hasta sesiones musicales en interiores. Su estructura robusta y su asa ergon\u00f3mica permiten transportarlo c\u00f3modamente, mientras que sus m\u00faltiples funciones lo convierten en una opci\u00f3n vers\u00e1til para quienes buscan calidad, potencia y conectividad.<\/p>\n<p class=\"\" data-start=\"581\" data-end=\"655\"><strong data-start=\"581\" data-end=\"601\">Caracter\u00edsticas:<\/strong><br data-start=\"623\" data-end=\"626\" \/><strong data-start=\"626\" data-end=\"637\">Tama\u00f1o:<\/strong> 31.5 x 12.5 x 17 cm<\/p>\n<p class=\"\" data-start=\"657\" data-end=\"734\"><strong data-start=\"657\" data-end=\"671\">Parlantes:<\/strong><br data-start=\"671\" data-end=\"674\" \/>2 parlantes de 3 pulgadas<br data-start=\"699\" data-end=\"702\" \/>Potencia:60W<\/p>\n<p class=\"\" data-start=\"736\" data-end=\"781\"><strong data-start=\"736\" data-end=\"748\">Bater\u00eda:<\/strong><br data-start=\"748\" data-end=\"751\" \/>7.4V 6000 mAh (S3)<\/p>\n<p data-start=\"736\" data-end=\"781\"><strong>Tiempo de reproducci\u00f3n:<\/strong> 6 a 8 horas<\/p>\n<p data-start=\"736\" data-end=\"781\"><strong>Distancia de transmisi\u00f3n:<\/strong> 10 metros<\/p>\n<p class=\"\" data-start=\"783\" data-end=\"810\"><strong data-start=\"783\" data-end=\"808\">Puertos y conexiones:<\/strong><\/p>\n<ul data-start=\"811\" data-end=\"949\">\n<li class=\"\" data-start=\"811\" data-end=\"828\">\n<p class=\"\" data-start=\"813\" data-end=\"828\">Puerto USB<\/p>\n<\/li>\n<li class=\"\" data-start=\"829\" data-end=\"853\">\n<p class=\"\" data-start=\"831\" data-end=\"853\">Lector de tarjeta TF<\/p>\n<\/li>\n<li class=\"\" data-start=\"854\" data-end=\"869\">\n<p class=\"\" data-start=\"856\" data-end=\"869\">Entrada AUX<\/p>\n<\/li>\n<li class=\"\" data-start=\"870\" data-end=\"896\">\n<p class=\"\" data-start=\"872\" data-end=\"896\">Puerto de carga Tipo-C<\/p>\n<\/li>\n<li class=\"\" data-start=\"897\" data-end=\"919\">\n<p class=\"\" data-start=\"899\" data-end=\"919\">Radio FM integrada<\/p>\n<\/li>\n<li class=\"\" data-start=\"920\" data-end=\"949\">\n<p class=\"\" data-start=\"922\" data-end=\"949\">Conectividad Bluetooth (BT)<\/p>\n<\/li>\n<\/ul>\n<p class=\"\" data-start=\"956\" data-end=\"972\"><strong data-start=\"956\" data-end=\"970\">Funciones:<\/strong><\/p>\n<ul data-start=\"973\" data-end=\"1347\">\n<li class=\"\" data-start=\"973\" data-end=\"1049\">\n<p class=\"\" data-start=\"975\" data-end=\"1049\"><strong data-start=\"975\" data-end=\"994\">Bluetooth (BT):<\/strong>\u00a0Reproducci\u00f3n inal\u00e1mbrica desde dispositivos m\u00f3viles.<\/p>\n<\/li>\n<li class=\"\" data-start=\"1050\" data-end=\"1098\">\n<p class=\"\" data-start=\"1052\" data-end=\"1098\"><strong data-start=\"1052\" data-end=\"1059\">FM:<\/strong>\u00a0Sintoniza emisoras de radio locales.<\/p>\n<\/li>\n<li class=\"\" data-start=\"1099\" data-end=\"1171\">\n<p class=\"\" data-start=\"1101\" data-end=\"1171\"><strong data-start=\"1101\" data-end=\"1114\">USB y TF:<\/strong>\u00a0Reproducci\u00f3n de m\u00fasica desde memoria USB o tarjeta TF.<\/p>\n<\/li>\n<li class=\"\" data-start=\"1172\" data-end=\"1232\">\n<p class=\"\" data-start=\"1174\" data-end=\"1232\"><strong data-start=\"1174\" data-end=\"1182\">AUX:<\/strong>\u00a0Conexi\u00f3n directa a otros dispositivos de audio.<\/p>\n<\/li>\n<li class=\"\" data-start=\"1233\" data-end=\"1282\">\n<p class=\"\" data-start=\"1235\" data-end=\"1282\"><strong data-start=\"1235\" data-end=\"1246\">Tipo-C:<\/strong>\u00a0Puerto de carga r\u00e1pida y moderna.<\/p>\n<\/li>\n<li class=\"\" data-start=\"1283\" data-end=\"1347\">\n<p class=\"\" data-start=\"1285\" data-end=\"1347\"><strong data-start=\"1285\" data-end=\"1305\">Dise\u00f1o port\u00e1til:<\/strong>\u00a0Con asa superior para f\u00e1cil transporte.<\/p>\n<\/li>\n<\/ul>\n<p class=\"\" data-start=\"1354\" data-end=\"1381\"><strong data-start=\"1354\" data-end=\"1379\">Accesorios Incluidos:<\/strong><\/p>\n<ul data-start=\"1382\" data-end=\"1459\">\n<li class=\"\" data-start=\"1382\" data-end=\"1411\">\n<p class=\"\" data-start=\"1384\" data-end=\"1411\">Cable de carga USB Tipo-C<\/p>\n<\/li>\n<li class=\"\" data-start=\"1438\" data-end=\"1459\">\n<p class=\"\" data-start=\"1440\" data-end=\"1459\">Manual de usuario<\/p>\n<\/li>\n<\/ul>\n","protected":false},"excerpt":{"rendered":"<p><strong>Condici\u00f3n del producto:\u00a0<\/strong>\u00a0Nuevo<\/p>\n<p><strong>Material:\u00a0<\/strong>\u00a0ABS<\/p>\n<p><strong>Marca:\u00a0<\/strong>Lidimi<\/p>\n<p><strong>Modelo:\u00a0<\/strong> LD-S836<\/p>\n<p><strong>Pa\u00eds de origen:\u00a0<\/strong>China<\/p>\n<p><strong>Potencia:<\/strong> 60W<\/p>\n<p><strong>Entrada de micr\u00f3fono:<\/strong>\u00a0No<\/p>\n","protected":false},"featured_media":2257,"comment_status":"open","ping_status":"closed","template":"","meta":{"advanced_seo_description":"","jetpack_seo_html_title":"","jetpack_seo_noindex":false},"product_brand":[97],"product_cat":[128,53],"product_tag":[],"class_list":{"0":"post-2253","1":"product","2":"type-product","3":"status-publish","4":"has-post-thumbnail","6":"product_brand-lidimi","7":"product_cat-parlantes-medianos","8":"product_cat-parlantes","9":"product_shipping_class-paquete-s","10":"wzta-woo-product-list","11":"opn-qv-enable","12":"royal-shop-woo-hover-zoom","13":"royal-shop-single-product-tab-horizontal","14":"royal-shop-shadow-","15":"royal-shop-shadow-hover-","17":"first","18":"instock","19":"shipping-taxable","20":"purchasable","21":"product-type-simple"},"jetpack_sharing_enabled":true,"_links":{"self":[{"href":"https:\/\/multitiendaelectro.com\/index.php?rest_route=\/wp\/v2\/product\/2253","targetHints":{"allow":["GET"]}}],"collection":[{"href":"https:\/\/multitiendaelectro.com\/index.php?rest_route=\/wp\/v2\/product"}],"about":[{"href":"https:\/\/multitiendaelectro.com\/index.php?rest_route=\/wp\/v2\/types\/product"}],"replies":[{"embeddable":true,"href":"https:\/\/multitiendaelectro.com\/index.php?rest_route=%2Fwp%2Fv2%2Fcomments&post=2253"}],"wp:featuredmedia":[{"embeddable":true,"href":"https:\/\/multitiendaelectro.com\/index.php?rest_route=\/wp\/v2\/media\/2257"}],"wp:attachment":[{"href":"https:\/\/multitiendaelectro.com\/index.php?rest_route=%2Fwp%2Fv2%2Fmedia&parent=2253"}],"wp:term":[{"taxonomy":"product_brand","embeddable":true,"href":"https:\/\/multitiendaelectro.com\/index.php?rest_route=%2Fwp%2Fv2%2Fproduct_brand&post=2253"},{"taxonomy":"product_cat","embeddable":true,"href":"https:\/\/multitiendaelectro.com\/index.php?rest_route=%2Fwp%2Fv2%2Fproduct_cat&post=2253"},{"taxonomy":"product_tag","embeddable":true,"href":"https:\/\/multitiendaelectro.com\/index.php?rest_route=%2Fwp%2Fv2%2Fproduct_tag&post=2253"}],"curies":[{"name":"wp","href":"https:\/\/api.w.org\/{rel}","templated":true}]}}