{"id":2214,"date":"2025-04-23T16:34:10","date_gmt":"2025-04-23T21:34:10","guid":{"rendered":"https:\/\/multitiendaelectro.com\/?post_type=product&#038;p=2214"},"modified":"2026-02-09T12:01:25","modified_gmt":"2026-02-09T17:01:25","slug":"ld-s843-mini-parlante-portatil-con-extra-bass-lidimi","status":"publish","type":"product","link":"https:\/\/multitiendaelectro.com\/?product=ld-s843-mini-parlante-portatil-con-extra-bass-lidimi","title":{"rendered":"LD-S843 Mini Parlante Port\u00e1til con Extra Bass Lidimi 20W"},"content":{"rendered":"<h3 class=\"\" data-start=\"104\" data-end=\"154\">LIDIMI LD-S843:<\/h3>\n<p class=\"\" data-start=\"155\" data-end=\"428\">El LIDIMI LD-S843 es un parlante port\u00e1til de gran dise\u00f1o y potencia, ideal para uso personal o llevarlo a reuniones. Su dise\u00f1o moderno incorpora iluminaci\u00f3n LED y un Extra Bass que ofrece una experiencia sonora envolvente con \u00e9nfasis en los bajos.<\/p>\n<h3 class=\"\" data-start=\"435\" data-end=\"470\"><strong data-start=\"442\" data-end=\"470\">Caracter\u00edsticas:<\/strong><\/h3>\n<ul>\n<li class=\"\" data-start=\"471\" data-end=\"494\">\n<p class=\"\" data-start=\"473\" data-end=\"494\"><strong data-start=\"473\" data-end=\"484\">Modelo:<\/strong> LD-S843<\/p>\n<\/li>\n<li class=\"\" data-start=\"495\" data-end=\"528\">\n<p class=\"\" data-start=\"497\" data-end=\"528\"><strong data-start=\"497\" data-end=\"508\">Tama\u00f1o:<\/strong> 21.6 x 11.3 x 11.3 cm<\/p>\n<\/li>\n<li class=\"\" data-start=\"529\" data-end=\"609\">\n<p class=\"\" data-start=\"531\" data-end=\"547\"><strong data-start=\"531\" data-end=\"545\">Altavoces:<\/strong><\/p>\n<ul data-start=\"550\" data-end=\"609\">\n<li class=\"\" data-start=\"550\" data-end=\"576\">\n<p class=\"\" data-start=\"552\" data-end=\"576\">2 de 2.25 pulgadas<\/p>\n<\/li>\n<\/ul>\n<\/li>\n<li class=\"\" data-start=\"610\" data-end=\"631\">\n<p class=\"\" data-start=\"612\" data-end=\"631\"><strong data-start=\"612\" data-end=\"625\">Potencia:<\/strong> 20W<\/p>\n<\/li>\n<li class=\"\" data-start=\"632\" data-end=\"677\">\n<p class=\"\" data-start=\"634\" data-end=\"677\"><strong data-start=\"634\" data-end=\"646\">Bater\u00eda:<\/strong> 2 x 1500 mAh (3000 mAh)<\/p>\n<\/li>\n<li data-start=\"632\" data-end=\"677\"><strong>Tiempo de reproducci\u00f3n:<\/strong> 15 horas<\/li>\n<li data-start=\"632\" data-end=\"677\"><strong>Tiempo de carga:\u00a0<\/strong>3 a 5 horas<\/li>\n<li class=\"\" data-start=\"678\" data-end=\"791\">\n<p class=\"\" data-start=\"680\" data-end=\"707\"><strong data-start=\"680\" data-end=\"705\">Puertos y conexiones:<\/strong><\/p>\n<ul data-start=\"710\" data-end=\"791\">\n<li class=\"\" data-start=\"710\" data-end=\"717\">\n<p class=\"\" data-start=\"712\" data-end=\"717\">USB<\/p>\n<\/li>\n<li class=\"\" data-start=\"720\" data-end=\"727\">\n<p class=\"\" data-start=\"722\" data-end=\"727\">AUX<\/p>\n<\/li>\n<li class=\"\" data-start=\"730\" data-end=\"754\">\n<p class=\"\" data-start=\"732\" data-end=\"754\">Tarjeta TF<\/p>\n<\/li>\n<li class=\"\" data-start=\"757\" data-end=\"791\">\n<p class=\"\" data-start=\"759\" data-end=\"791\">Puerto de carga Tipo-C<\/p>\n<\/li>\n<\/ul>\n<\/li>\n<\/ul>\n<h3 class=\"\" data-start=\"844\" data-end=\"864\"><strong data-start=\"851\" data-end=\"864\">Funciones:<\/strong><\/h3>\n<ul data-start=\"865\" data-end=\"1285\">\n<li class=\"\" data-start=\"865\" data-end=\"936\">\n<p class=\"\" data-start=\"867\" data-end=\"936\"><strong data-start=\"867\" data-end=\"886\">Bluetooth (BT):<\/strong>\u00a0Para emparejar dispositivos m\u00f3viles sin cables.<\/p>\n<\/li>\n<li class=\"\" data-start=\"937\" data-end=\"965\">\n<p class=\"\" data-start=\"939\" data-end=\"965\"><strong data-start=\"939\" data-end=\"946\">FM:<\/strong>\u00a0Radio integrada.<\/p>\n<\/li>\n<li class=\"\" data-start=\"966\" data-end=\"1010\">\n<p class=\"\" data-start=\"968\" data-end=\"1010\"><strong data-start=\"968\" data-end=\"976\">USB:<\/strong>\u00a0Reproducci\u00f3n desde memoria USB.<\/p>\n<\/li>\n<li class=\"\" data-start=\"1011\" data-end=\"1087\">\n<p class=\"\" data-start=\"1013\" data-end=\"1087\"><strong data-start=\"1013\" data-end=\"1021\">AUX:<\/strong>\u00a0Conexi\u00f3n directa desde cualquier dispositivo con salida 3.5 mm.<\/p>\n<\/li>\n<li class=\"\" data-start=\"1088\" data-end=\"1147\">\n<p class=\"\" data-start=\"1090\" data-end=\"1147\"><strong data-start=\"1090\" data-end=\"1098\">RGB:<\/strong>\u00a0Efectos de luz decorativa en la parte frontal.<\/p>\n<\/li>\n<li class=\"\" data-start=\"1148\" data-end=\"1220\">\n<p class=\"\" data-start=\"1150\" data-end=\"1220\"><strong data-start=\"1150\" data-end=\"1159\">X-BASS:<\/strong>\u00a0Refuerzo de bajos para una experiencia sonora m\u00e1s potente.<\/p>\n<\/li>\n<li class=\"\" data-start=\"1221\" data-end=\"1285\">\n<p class=\"\" data-start=\"1223\" data-end=\"1285\"><strong data-start=\"1223\" data-end=\"1248\">TWS: <\/strong>Permite conectar dos parlantes inal\u00e1mbricos para reproducir sonido en est\u00e9reo sin cables.<\/p>\n<\/li>\n<\/ul>\n<h3 class=\"\" data-start=\"1292\" data-end=\"1323\"><strong data-start=\"1299\" data-end=\"1323\">Accesorios Incluidos:<\/strong><\/h3>\n<ul data-start=\"1324\" data-end=\"1443\">\n<li class=\"\" data-start=\"1324\" data-end=\"1349\">Cable de carga USB Tipo-C<\/li>\n<li class=\"\" data-start=\"1380\" data-end=\"1398\">\n<p class=\"\" data-start=\"1382\" data-end=\"1398\">Cable auxiliar<\/p>\n<\/li>\n<\/ul>\n","protected":false},"excerpt":{"rendered":"<p><strong>Condici\u00f3n del producto:\u00a0<\/strong>\u00a0Nuevo<\/p>\n<p><strong>Material:\u00a0<\/strong>\u00a0ABS<\/p>\n<p><strong>Marca:\u00a0<\/strong>Lidimi<\/p>\n<p><strong>Modelo:\u00a0<\/strong> LD-S843<\/p>\n<p><strong>Pa\u00eds de origen:\u00a0<\/strong>China<\/p>\n<p><strong>Potencia:<\/strong>\u00a020W<\/p>\n<p><strong>Entrada de micr\u00f3fono:<\/strong>\u00a0No<\/p>\n","protected":false},"featured_media":2215,"comment_status":"open","ping_status":"closed","template":"","meta":{"advanced_seo_description":"","jetpack_seo_html_title":"","jetpack_seo_noindex":false},"product_brand":[97],"product_cat":[53,54],"product_tag":[],"class_list":{"0":"post-2214","1":"product","2":"type-product","3":"status-publish","4":"has-post-thumbnail","6":"product_brand-lidimi","7":"product_cat-parlantes","8":"product_cat-mini-parlantes","9":"product_shipping_class-paquete-xs","10":"wzta-woo-product-list","11":"opn-qv-enable","12":"royal-shop-woo-hover-zoom","13":"royal-shop-single-product-tab-horizontal","14":"royal-shop-shadow-","15":"royal-shop-shadow-hover-","17":"first","18":"outofstock","19":"shipping-taxable","20":"purchasable","21":"product-type-simple"},"jetpack_sharing_enabled":true,"_links":{"self":[{"href":"https:\/\/multitiendaelectro.com\/index.php?rest_route=\/wp\/v2\/product\/2214","targetHints":{"allow":["GET"]}}],"collection":[{"href":"https:\/\/multitiendaelectro.com\/index.php?rest_route=\/wp\/v2\/product"}],"about":[{"href":"https:\/\/multitiendaelectro.com\/index.php?rest_route=\/wp\/v2\/types\/product"}],"replies":[{"embeddable":true,"href":"https:\/\/multitiendaelectro.com\/index.php?rest_route=%2Fwp%2Fv2%2Fcomments&post=2214"}],"wp:featuredmedia":[{"embeddable":true,"href":"https:\/\/multitiendaelectro.com\/index.php?rest_route=\/wp\/v2\/media\/2215"}],"wp:attachment":[{"href":"https:\/\/multitiendaelectro.com\/index.php?rest_route=%2Fwp%2Fv2%2Fmedia&parent=2214"}],"wp:term":[{"taxonomy":"product_brand","embeddable":true,"href":"https:\/\/multitiendaelectro.com\/index.php?rest_route=%2Fwp%2Fv2%2Fproduct_brand&post=2214"},{"taxonomy":"product_cat","embeddable":true,"href":"https:\/\/multitiendaelectro.com\/index.php?rest_route=%2Fwp%2Fv2%2Fproduct_cat&post=2214"},{"taxonomy":"product_tag","embeddable":true,"href":"https:\/\/multitiendaelectro.com\/index.php?rest_route=%2Fwp%2Fv2%2Fproduct_tag&post=2214"}],"curies":[{"name":"wp","href":"https:\/\/api.w.org\/{rel}","templated":true}]}}