{"id":2177,"date":"2025-04-22T16:47:24","date_gmt":"2025-04-22T21:47:24","guid":{"rendered":"https:\/\/multitiendaelectro.com\/?post_type=product&#038;p=2177"},"modified":"2025-12-13T16:35:34","modified_gmt":"2025-12-13T21:35:34","slug":"ld-s920-parlante-torre-de-sonido-con-microfono-lidimi","status":"publish","type":"product","link":"https:\/\/multitiendaelectro.com\/?product=ld-s920-parlante-torre-de-sonido-con-microfono-lidimi","title":{"rendered":"LD-S920 Parlante Torre de sonido con Micr\u00f3fono Lidimi 40W"},"content":{"rendered":"<h2 data-start=\"111\" data-end=\"138\">Parlante Lidimi LD-S920<\/h2>\n<h3 data-start=\"140\" data-end=\"505\"><strong data-start=\"140\" data-end=\"156\">Descripci\u00f3n:<\/strong><\/h3>\n<p class=\"\" data-start=\"140\" data-end=\"505\">El LD-S920 de LIDIMI es un parlante vers\u00e1til y potente, ideal para reuniones sociales, fiestas o sesiones de karaoke. Con un dise\u00f1o moderno, iluminaci\u00f3n LED din\u00e1mica y sonido envolvente, ofrece una experiencia auditiva de alto impacto. Sus m\u00faltiples opciones de conectividad lo convierten en una excelente elecci\u00f3n para todo tipo de usuarios.<\/p>\n<h3 class=\"\" data-start=\"512\" data-end=\"532\">Caracter\u00edsticas:<\/h3>\n<p data-start=\"534\" data-end=\"559\"><strong data-start=\"539\" data-end=\"559\">Dise\u00f1o y tama\u00f1o:<\/strong><\/p>\n<ul data-start=\"560\" data-end=\"749\">\n<li class=\"\" data-start=\"560\" data-end=\"596\">\n<p class=\"\" data-start=\"562\" data-end=\"596\">Dimensiones: 26.5 \u00d7 26.5 \u00d7 58.5 cm<\/p>\n<\/li>\n<li class=\"\" data-start=\"597\" data-end=\"633\">\n<p class=\"\" data-start=\"599\" data-end=\"633\">Dise\u00f1o vertical con estilo moderno<\/p>\n<\/li>\n<li class=\"\" data-start=\"634\" data-end=\"699\">\n<p class=\"\" data-start=\"636\" data-end=\"699\">Iluminaci\u00f3n LED integrada en los parlantes con efectos visuales<\/p>\n<\/li>\n<li class=\"\" data-start=\"700\" data-end=\"749\">\n<p class=\"\" data-start=\"702\" data-end=\"749\">Panel de control intuitivo en la parte superior<\/p>\n<\/li>\n<li class=\"\" data-start=\"700\" data-end=\"749\">\n<p class=\"\" data-start=\"702\" data-end=\"749\"><strong data-start=\"756\" data-end=\"767\">Sonido:<\/strong><\/p>\n<\/li>\n<\/ul>\n<ul data-start=\"768\" data-end=\"868\">\n<li style=\"list-style-type: none\">\n<ul data-start=\"768\" data-end=\"868\">\n<li class=\"\" data-start=\"768\" data-end=\"798\">\n<p class=\"\" data-start=\"770\" data-end=\"798\">Configuraci\u00f3n: 6.5\u2033 \u00d7 2 + 2.5\u2033<\/p>\n<\/li>\n<li class=\"\" data-start=\"799\" data-end=\"822\">\n<p class=\"\" data-start=\"801\" data-end=\"822\">Potencia m\u00e1xima: 40W<\/p>\n<\/li>\n<li class=\"\" data-start=\"823\" data-end=\"868\">\n<p class=\"\" data-start=\"825\" data-end=\"868\">Tecnolog\u00eda X-BASS para graves m\u00e1s profundos<\/p>\n<\/li>\n<\/ul>\n<\/li>\n<li class=\"\" data-start=\"823\" data-end=\"868\">\n<p class=\"\" data-start=\"825\" data-end=\"868\"><strong data-start=\"875\" data-end=\"892\">Conectividad:<\/strong><\/p>\n<\/li>\n<\/ul>\n<ul data-start=\"893\" data-end=\"1008\">\n<li style=\"list-style-type: none\">\n<ul data-start=\"893\" data-end=\"1008\">\n<li class=\"\" data-start=\"893\" data-end=\"967\">\n<p class=\"\" data-start=\"895\" data-end=\"967\">Compatible con USB, tarjeta TF, FM, Bluetooth, AUX, TWS, grabaci\u00f3n (REC)<\/p>\n<\/li>\n<li class=\"\" data-start=\"968\" data-end=\"1008\">\n<p class=\"\" data-start=\"970\" data-end=\"1008\">Pantalla LED para control de funciones<\/p>\n<\/li>\n<\/ul>\n<\/li>\n<li class=\"\" data-start=\"968\" data-end=\"1008\">\n<p class=\"\" data-start=\"970\" data-end=\"1008\"><strong data-start=\"1015\" data-end=\"1038\">Entradas y salidas:<\/strong><\/p>\n<\/li>\n<\/ul>\n<ul data-start=\"1039\" data-end=\"1129\">\n<li style=\"list-style-type: none\">\n<ul data-start=\"1039\" data-end=\"1129\">\n<li class=\"\" data-start=\"1039\" data-end=\"1067\">\n<p class=\"\" data-start=\"1041\" data-end=\"1067\">Entrada para micr\u00f3fono (2)<\/p>\n<\/li>\n<\/ul>\n<\/li>\n<li class=\"\" data-start=\"1039\" data-end=\"1067\">\n<p class=\"\" data-start=\"1041\" data-end=\"1067\"><strong data-start=\"1136\" data-end=\"1163\">Fuente de alimentaci\u00f3n:<\/strong><\/p>\n<\/li>\n<\/ul>\n<ul>\n<li style=\"list-style-type: none\">\n<ul data-start=\"1164\" data-end=\"1186\">\n<li class=\"\" data-start=\"1164\" data-end=\"1186\">\n<p class=\"\" data-start=\"1166\" data-end=\"1186\">7.4v 10800 mAh \/ AC 110\u2013240V<\/p>\n<\/li>\n<li data-start=\"1164\" data-end=\"1186\">4 a 7 horas de reproducci\u00f3n<\/li>\n<\/ul>\n<\/li>\n<\/ul>\n<h3 class=\"\" data-start=\"1193\" data-end=\"1218\">Accesorios incluidos:<\/h3>\n<ul data-start=\"1219\" data-end=\"1300\">\n<li class=\"\" data-start=\"1219\" data-end=\"1242\">\n<p class=\"\" data-start=\"1221\" data-end=\"1242\">Micr\u00f3fono inal\u00e1mbrico<\/p>\n<\/li>\n<li class=\"\" data-start=\"1243\" data-end=\"1259\">\n<p class=\"\" data-start=\"1245\" data-end=\"1259\">Control remoto<\/p>\n<\/li>\n<li class=\"\" data-start=\"1260\" data-end=\"1280\">\n<p class=\"\" data-start=\"1262\" data-end=\"1280\">Cables de conexi\u00f3n<\/p>\n<\/li>\n<li class=\"\" data-start=\"1281\" data-end=\"1300\">\n<p class=\"\" data-start=\"1283\" data-end=\"1300\">Manual de usuario<\/p>\n<\/li>\n<\/ul>\n","protected":false},"excerpt":{"rendered":"<p><strong>Condici\u00f3n del producto:\u00a0<\/strong>\u00a0Nuevo<\/p>\n<p><strong>Material:\u00a0<\/strong>\u00a0ABS<\/p>\n<p><strong>Marca:\u00a0<\/strong>Lidimi<\/p>\n<p><strong>Modelo:\u00a0<\/strong> LD-S920<\/p>\n<p><strong>Pa\u00eds de origen:\u00a0<\/strong>China<\/p>\n<p><strong>Potencia:<\/strong> 40W<\/p>\n<p><strong>Entrada de micr\u00f3fono:<\/strong>\u00a0Si<\/p>\n<p><strong>Entrada de guitarra:<\/strong>\u00a0Si<\/p>\n","protected":false},"featured_media":2182,"comment_status":"open","ping_status":"closed","template":"","meta":{"advanced_seo_description":"","jetpack_seo_html_title":"","jetpack_seo_noindex":false},"product_brand":[97],"product_cat":[128,53],"product_tag":[],"class_list":{"0":"post-2177","1":"product","2":"type-product","3":"status-publish","4":"has-post-thumbnail","6":"product_brand-lidimi","7":"product_cat-parlantes-medianos","8":"product_cat-parlantes","9":"wzta-woo-product-list","10":"opn-qv-enable","11":"royal-shop-woo-hover-zoom","12":"royal-shop-single-product-tab-horizontal","13":"royal-shop-shadow-","14":"royal-shop-shadow-hover-","16":"first","17":"instock","18":"shipping-taxable","19":"purchasable","20":"product-type-simple"},"jetpack_sharing_enabled":true,"_links":{"self":[{"href":"https:\/\/multitiendaelectro.com\/index.php?rest_route=\/wp\/v2\/product\/2177","targetHints":{"allow":["GET"]}}],"collection":[{"href":"https:\/\/multitiendaelectro.com\/index.php?rest_route=\/wp\/v2\/product"}],"about":[{"href":"https:\/\/multitiendaelectro.com\/index.php?rest_route=\/wp\/v2\/types\/product"}],"replies":[{"embeddable":true,"href":"https:\/\/multitiendaelectro.com\/index.php?rest_route=%2Fwp%2Fv2%2Fcomments&post=2177"}],"wp:featuredmedia":[{"embeddable":true,"href":"https:\/\/multitiendaelectro.com\/index.php?rest_route=\/wp\/v2\/media\/2182"}],"wp:attachment":[{"href":"https:\/\/multitiendaelectro.com\/index.php?rest_route=%2Fwp%2Fv2%2Fmedia&parent=2177"}],"wp:term":[{"taxonomy":"product_brand","embeddable":true,"href":"https:\/\/multitiendaelectro.com\/index.php?rest_route=%2Fwp%2Fv2%2Fproduct_brand&post=2177"},{"taxonomy":"product_cat","embeddable":true,"href":"https:\/\/multitiendaelectro.com\/index.php?rest_route=%2Fwp%2Fv2%2Fproduct_cat&post=2177"},{"taxonomy":"product_tag","embeddable":true,"href":"https:\/\/multitiendaelectro.com\/index.php?rest_route=%2Fwp%2Fv2%2Fproduct_tag&post=2177"}],"curies":[{"name":"wp","href":"https:\/\/api.w.org\/{rel}","templated":true}]}}