{"id":2070,"date":"2025-03-14T11:40:05","date_gmt":"2025-03-14T16:40:05","guid":{"rendered":"https:\/\/multitiendaelectro.com\/?post_type=product&#038;p=2070"},"modified":"2026-04-13T11:08:02","modified_gmt":"2026-04-13T16:08:02","slug":"2070","status":"publish","type":"product","link":"https:\/\/multitiendaelectro.com\/?product=2070","title":{"rendered":"LD-S703 Mini Parlante con Base Magn\u00e9tica 5W"},"content":{"rendered":"<h3 data-start=\"0\" data-end=\"57\"><strong data-start=\"4\" data-end=\"55\">Mini Parlante LIDIMI LD-S703 con Base Magn\u00e9tica<\/strong><\/h3>\n<p data-start=\"59\" data-end=\"223\">El LIDIMI LD-S703 es un mini parlante port\u00e1til con funci\u00f3n TWS y base magn\u00e9tica, ideal para quienes buscan un sonido compacto, inal\u00e1mbrico y pr\u00e1ctico.<\/p>\n<h4 data-start=\"225\" data-end=\"264\"><strong data-start=\"230\" data-end=\"262\">Caracter\u00edsticas:<\/strong><\/h4>\n<ul>\n<li data-start=\"265\" data-end=\"748\"><strong data-start=\"268\" data-end=\"284\">Dimensiones:<\/strong> 3.7 \u00d7 6.24 \u00d7 6.24 cm.<\/li>\n<li data-start=\"265\" data-end=\"748\"><strong data-start=\"312\" data-end=\"323\">Bocina:<\/strong> 40 mm con 5W de potencia.<\/li>\n<li data-start=\"265\" data-end=\"748\"><strong data-start=\"363\" data-end=\"375\">Bater\u00eda:<\/strong> 800 mAh.<\/li>\n<li data-start=\"265\" data-end=\"748\"><strong>Duraci\u00f3n de bater\u00eda:<\/strong> 5 horas.<\/li>\n<li data-start=\"265\" data-end=\"748\"><strong data-start=\"424\" data-end=\"438\">Bluetooth:<\/strong> Versi\u00f3n 5.3<\/li>\n<li data-start=\"265\" data-end=\"748\"><strong data-start=\"495\" data-end=\"506\">Sonido:<\/strong> Sensibilidad &gt; 80 dB, con distorsi\u00f3n m\u00ednima de <strong data-start=\"558\" data-end=\"566\">0.1%<\/strong>.<\/li>\n<li data-start=\"265\" data-end=\"748\"><strong data-start=\"573\" data-end=\"589\">Funci\u00f3n TWS:<\/strong> Posibilidad de emparejar dos unidades para sonido est\u00e9reo.<\/li>\n<li data-start=\"265\" data-end=\"748\"><strong data-start=\"654\" data-end=\"673\">Base magn\u00e9tica:<\/strong> Permite fijarlo a superficies met\u00e1licas y mejorar la experiencia de uso.<\/li>\n<li data-start=\"265\" data-end=\"748\"><strong>Potencia:\u00a0<\/strong>5W<\/li>\n<\/ul>\n<h4 data-start=\"750\" data-end=\"782\"><strong data-start=\"755\" data-end=\"780\">Funciones destacadas:<\/strong><\/h4>\n<ul>\n<li data-start=\"783\" data-end=\"1091\">Tama\u00f1o ultracompacto, perfecto para llevarlo a cualquier parte.<\/li>\n<li data-start=\"783\" data-end=\"1091\">Conexi\u00f3n Bluetooth avanzada, con menor consumo de energ\u00eda.<\/li>\n<li data-start=\"783\" data-end=\"1091\">Calidad de sonido n\u00edtida, a pesar de su peque\u00f1o tama\u00f1o.<\/li>\n<li data-start=\"783\" data-end=\"1091\">Base magn\u00e9tica, ideal para sujetarlo en superficies met\u00e1licas o en la parte trasera del tel\u00e9fono.<\/li>\n<\/ul>\n","protected":false},"excerpt":{"rendered":"<p><strong>Condici\u00f3n del producto:\u00a0<\/strong>\u00a0Nuevo<\/p>\n<p><strong>Material:\u00a0<\/strong>\u00a0ABS<\/p>\n<p><strong>Marca:\u00a0<\/strong>Lidimi<\/p>\n<p><strong>Modelo:\u00a0<\/strong> LD-S703<\/p>\n<p><strong>Pa\u00eds de origen:\u00a0<\/strong>China<\/p>\n<p><strong>Potencia:<\/strong> 5W<\/p>\n<p><strong>Resistente al agua:<\/strong> No<\/p>\n","protected":false},"featured_media":2071,"comment_status":"open","ping_status":"closed","template":"","meta":{"advanced_seo_description":"","jetpack_seo_html_title":"","jetpack_seo_noindex":false},"product_brand":[97],"product_cat":[53,54],"product_tag":[],"class_list":{"0":"post-2070","1":"product","2":"type-product","3":"status-publish","4":"has-post-thumbnail","6":"product_brand-lidimi","7":"product_cat-parlantes","8":"product_cat-mini-parlantes","9":"product_shipping_class-paquete-xxs","10":"wzta-woo-product-list","11":"opn-qv-enable","12":"royal-shop-woo-hover-zoom","13":"royal-shop-single-product-tab-horizontal","14":"royal-shop-shadow-","15":"royal-shop-shadow-hover-","17":"first","18":"instock","19":"sale","20":"shipping-taxable","21":"purchasable","22":"product-type-simple"},"jetpack_sharing_enabled":true,"_links":{"self":[{"href":"https:\/\/multitiendaelectro.com\/index.php?rest_route=\/wp\/v2\/product\/2070","targetHints":{"allow":["GET"]}}],"collection":[{"href":"https:\/\/multitiendaelectro.com\/index.php?rest_route=\/wp\/v2\/product"}],"about":[{"href":"https:\/\/multitiendaelectro.com\/index.php?rest_route=\/wp\/v2\/types\/product"}],"replies":[{"embeddable":true,"href":"https:\/\/multitiendaelectro.com\/index.php?rest_route=%2Fwp%2Fv2%2Fcomments&post=2070"}],"wp:featuredmedia":[{"embeddable":true,"href":"https:\/\/multitiendaelectro.com\/index.php?rest_route=\/wp\/v2\/media\/2071"}],"wp:attachment":[{"href":"https:\/\/multitiendaelectro.com\/index.php?rest_route=%2Fwp%2Fv2%2Fmedia&parent=2070"}],"wp:term":[{"taxonomy":"product_brand","embeddable":true,"href":"https:\/\/multitiendaelectro.com\/index.php?rest_route=%2Fwp%2Fv2%2Fproduct_brand&post=2070"},{"taxonomy":"product_cat","embeddable":true,"href":"https:\/\/multitiendaelectro.com\/index.php?rest_route=%2Fwp%2Fv2%2Fproduct_cat&post=2070"},{"taxonomy":"product_tag","embeddable":true,"href":"https:\/\/multitiendaelectro.com\/index.php?rest_route=%2Fwp%2Fv2%2Fproduct_tag&post=2070"}],"curies":[{"name":"wp","href":"https:\/\/api.w.org\/{rel}","templated":true}]}}