{"id":2056,"date":"2025-03-14T10:39:49","date_gmt":"2025-03-14T15:39:49","guid":{"rendered":"https:\/\/multitiendaelectro.com\/?post_type=product&#038;p=2056"},"modified":"2025-12-23T11:14:02","modified_gmt":"2025-12-23T16:14:02","slug":"ld-s004ac-parlante-lidimi","status":"publish","type":"product","link":"https:\/\/multitiendaelectro.com\/?product=ld-s004ac-parlante-lidimi","title":{"rendered":"LD-S004AC Parlante Bluetooth Lidimi 20W"},"content":{"rendered":"<h3 data-start=\"0\" data-end=\"35\"><strong data-start=\"4\" data-end=\"33\">Parlante LIDIMI LD-S004AC<\/strong><\/h3>\n<p data-start=\"37\" data-end=\"296\">El LIDIMI LD-S004AC es un parlante port\u00e1til potente y vers\u00e1til, dise\u00f1ado para ofrecer un sonido equilibrado y una gran autonom\u00eda. Su dise\u00f1o elegante y compacto lo hace ideal para cualquier entorno, desde el hogar hasta actividades al aire libre.<\/p>\n<h4 data-start=\"298\" data-end=\"337\"><strong data-start=\"303\" data-end=\"335\">Caracter\u00edsticas principales:<\/strong><\/h4>\n<ul>\n<li data-start=\"338\" data-end=\"757\"><strong data-start=\"341\" data-end=\"357\">Dimensiones:<\/strong> 23.2 \u00d7 11 \u00d7 9 cm.<\/li>\n<li data-start=\"338\" data-end=\"757\"><strong data-start=\"381\" data-end=\"395\">Altavoces:<\/strong> 2*2&#8243;<\/li>\n<li data-start=\"338\" data-end=\"757\"><strong data-start=\"443\" data-end=\"460\">Potencias:<\/strong> 20W<\/li>\n<li data-start=\"338\" data-end=\"757\"><strong data-start=\"532\" data-end=\"544\">Bater\u00eda:<\/strong> 1800 mAh con placa protectora.<\/li>\n<li data-start=\"338\" data-end=\"757\"><strong>Tiempo de carga:<\/strong> 3 a 5 horas<\/li>\n<li data-start=\"338\" data-end=\"757\"><strong>Duraci\u00f3n de bater\u00eda:<\/strong> 15 horas<\/li>\n<li data-start=\"338\" data-end=\"757\"><strong>Bluetooth:<\/strong> 5.1<\/li>\n<li data-start=\"338\" data-end=\"757\"><strong data-start=\"661\" data-end=\"675\">Otra conexi\u00f3n:<\/strong> USB, tarjeta TF, AUX, micr\u00f3fono, radio FM y entrada de corriente AC.<\/li>\n<\/ul>\n<h4 data-start=\"759\" data-end=\"791\"><strong data-start=\"764\" data-end=\"789\">Funciones:<\/strong><\/h4>\n<ul>\n<li data-start=\"792\" data-end=\"1071\">Sonido potente y claro, gracias a sus 20W y procesador DSP.<\/li>\n<li data-start=\"792\" data-end=\"1071\">Amplia conectividad, con opciones inal\u00e1mbricas y por cable.<\/li>\n<li data-start=\"792\" data-end=\"1071\">Larga duraci\u00f3n de bater\u00eda, ideal para eventos largos o uso continuo.<\/li>\n<\/ul>\n<p><strong>Accesorios incluido:<\/strong><\/p>\n<ul>\n<li>Parlante de 20W<\/li>\n<li>Cable auxiliar<\/li>\n<li>Cable a corriente<\/li>\n<li>Manual de usuario<\/li>\n<\/ul>\n","protected":false},"excerpt":{"rendered":"<p><strong>Condici\u00f3n del producto:\u00a0<\/strong>\u00a0Nuevo<\/p>\n<p><strong>Material:\u00a0<\/strong>\u00a0ABS<\/p>\n<p><strong>Marca:\u00a0<\/strong>Lidimi<\/p>\n<p><strong>Modelo:\u00a0<\/strong> LD-S004AC<\/p>\n<p><strong>Pa\u00eds de origen:\u00a0<\/strong>China<\/p>\n<p><strong>Potencia:<\/strong> 20W<\/p>\n<p><strong>Resistente al agua:<\/strong> No<\/p>\n","protected":false},"featured_media":2057,"comment_status":"open","ping_status":"closed","template":"","meta":{"advanced_seo_description":"","jetpack_seo_html_title":"","jetpack_seo_noindex":false},"product_brand":[97],"product_cat":[53,54],"product_tag":[],"class_list":{"0":"post-2056","1":"product","2":"type-product","3":"status-publish","4":"has-post-thumbnail","6":"product_brand-lidimi","7":"product_cat-parlantes","8":"product_cat-mini-parlantes","9":"product_shipping_class-paquete-xs","10":"wzta-woo-product-list","11":"opn-qv-enable","12":"royal-shop-woo-hover-zoom","13":"royal-shop-single-product-tab-horizontal","14":"royal-shop-shadow-","15":"royal-shop-shadow-hover-","17":"first","18":"instock","19":"shipping-taxable","20":"purchasable","21":"product-type-simple"},"jetpack_sharing_enabled":true,"_links":{"self":[{"href":"https:\/\/multitiendaelectro.com\/index.php?rest_route=\/wp\/v2\/product\/2056","targetHints":{"allow":["GET"]}}],"collection":[{"href":"https:\/\/multitiendaelectro.com\/index.php?rest_route=\/wp\/v2\/product"}],"about":[{"href":"https:\/\/multitiendaelectro.com\/index.php?rest_route=\/wp\/v2\/types\/product"}],"replies":[{"embeddable":true,"href":"https:\/\/multitiendaelectro.com\/index.php?rest_route=%2Fwp%2Fv2%2Fcomments&post=2056"}],"wp:featuredmedia":[{"embeddable":true,"href":"https:\/\/multitiendaelectro.com\/index.php?rest_route=\/wp\/v2\/media\/2057"}],"wp:attachment":[{"href":"https:\/\/multitiendaelectro.com\/index.php?rest_route=%2Fwp%2Fv2%2Fmedia&parent=2056"}],"wp:term":[{"taxonomy":"product_brand","embeddable":true,"href":"https:\/\/multitiendaelectro.com\/index.php?rest_route=%2Fwp%2Fv2%2Fproduct_brand&post=2056"},{"taxonomy":"product_cat","embeddable":true,"href":"https:\/\/multitiendaelectro.com\/index.php?rest_route=%2Fwp%2Fv2%2Fproduct_cat&post=2056"},{"taxonomy":"product_tag","embeddable":true,"href":"https:\/\/multitiendaelectro.com\/index.php?rest_route=%2Fwp%2Fv2%2Fproduct_tag&post=2056"}],"curies":[{"name":"wp","href":"https:\/\/api.w.org\/{rel}","templated":true}]}}