{"id":2055,"date":"2025-03-14T11:20:11","date_gmt":"2025-03-14T16:20:11","guid":{"rendered":"https:\/\/multitiendaelectro.com\/?post_type=product&#038;p=2055"},"modified":"2025-12-23T11:00:28","modified_gmt":"2025-12-23T16:00:28","slug":"ld-s826-mini-parlante-lidimi","status":"publish","type":"product","link":"https:\/\/multitiendaelectro.com\/?product=ld-s826-mini-parlante-lidimi","title":{"rendered":"LD-S826 Mini Parlante Port\u00e1til Lidimi 5W"},"content":{"rendered":"<h3 data-start=\"0\" data-end=\"38\"><strong data-start=\"4\" data-end=\"36\">Mini Parlante LIDIMI LD-S826<\/strong><\/h3>\n<p data-start=\"40\" data-end=\"299\">El LIDIMI LD-S826 es un parlante port\u00e1til compacto dise\u00f1ado para ofrecer gran sonido en un tama\u00f1o reducido. Perfecto para llevarlo a cualquier lugar, cuenta con conectividad avanzada y efectos de luz RGB para una experiencia auditiva envolvente.<\/p>\n<h4 data-start=\"301\" data-end=\"340\"><strong data-start=\"306\" data-end=\"338\">Caracter\u00edsticas:<\/strong><\/h4>\n<ul>\n<li data-start=\"341\" data-end=\"839\"><strong data-start=\"344\" data-end=\"360\">Dimensiones:<\/strong> 13 \u00d7 7.5 \u00d7 8 cm.<\/li>\n<li data-start=\"341\" data-end=\"839\"><strong data-start=\"383\" data-end=\"395\">Bater\u00eda:<\/strong> 1800 mAh<\/li>\n<li data-start=\"341\" data-end=\"839\"><strong>Tiempo de carga:<\/strong> 3 a 4 horas<\/li>\n<li data-start=\"341\" data-end=\"839\"><strong data-start=\"428\" data-end=\"455\">Duraci\u00f3n de bater\u00eda: <\/strong>10 horas de reproducci\u00f3n.<\/li>\n<li data-start=\"341\" data-end=\"839\"><strong data-start=\"462\" data-end=\"476\">Bluetooth:<\/strong> Versi\u00f3n Jili 5.3<\/li>\n<li data-start=\"341\" data-end=\"839\"><strong>Altavoz:<\/strong> 2&#8243;<\/li>\n<li data-start=\"341\" data-end=\"839\"><strong data-start=\"538\" data-end=\"551\">Potencia:<\/strong> 5W<\/li>\n<li data-start=\"341\" data-end=\"839\"><strong data-start=\"642\" data-end=\"659\">Sensibilidad:<\/strong> &gt; 95 dB con baja distorsi\u00f3n (0.1%).<\/li>\n<li data-start=\"341\" data-end=\"839\"><strong data-start=\"705\" data-end=\"719\">Conexiones:<\/strong> Radio FM, tarjeta TF, USB y luces RGB con tecnolog\u00eda TWS (se puede emparejar con otro igual para sonido est\u00e9reo).<\/li>\n<\/ul>\n<h4 data-start=\"841\" data-end=\"873\"><strong data-start=\"846\" data-end=\"871\">Funciones:<\/strong><\/h4>\n<ul>\n<li data-start=\"874\" data-end=\"1251\">Portabilidad total con su dise\u00f1o compacto y correa de agarre para transportarlo f\u00e1cilmente.<\/li>\n<li data-start=\"874\" data-end=\"1251\">Conectividad vers\u00e1til, ideal para escuchar m\u00fasica desde m\u00faltiples fuentes.<\/li>\n<li data-start=\"874\" data-end=\"1251\">Sonido de alta calidad con gran volumen y claridad pese a su tama\u00f1o reducido.<\/li>\n<li data-start=\"874\" data-end=\"1251\">Luces RGB TWS, agregando un toque din\u00e1mico y visualmente atractivo a la experiencia musical.<\/li>\n<\/ul>\n<p><strong>Accesorios incluidos:<\/strong><\/p>\n<ul>\n<li>Mini parlante de 10W<\/li>\n<li>Cable de carga USB tipo C<\/li>\n<\/ul>\n","protected":false},"excerpt":{"rendered":"<p><strong>Condici\u00f3n del producto:\u00a0<\/strong>\u00a0Nuevo<\/p>\n<p><strong>Material:\u00a0<\/strong>\u00a0ABS<\/p>\n<p><strong>Marca:\u00a0<\/strong>Lidimi<\/p>\n<p><strong>Modelo:\u00a0<\/strong> LD-S826<\/p>\n<p><strong>Pa\u00eds de origen:\u00a0<\/strong>China<\/p>\n<p><strong>Potencia:<\/strong> 5W<\/p>\n<p><strong>Resistente al agua:<\/strong> No<\/p>\n","protected":false},"featured_media":2067,"comment_status":"open","ping_status":"closed","template":"","meta":{"advanced_seo_description":"","jetpack_seo_html_title":"","jetpack_seo_noindex":false},"product_brand":[97],"product_cat":[53,54],"product_tag":[],"class_list":{"0":"post-2055","1":"product","2":"type-product","3":"status-publish","4":"has-post-thumbnail","6":"product_brand-lidimi","7":"product_cat-parlantes","8":"product_cat-mini-parlantes","9":"product_shipping_class-paquete-xxs","10":"wzta-woo-product-list","11":"opn-qv-enable","12":"royal-shop-woo-hover-zoom","13":"royal-shop-single-product-tab-horizontal","14":"royal-shop-shadow-","15":"royal-shop-shadow-hover-","17":"first","18":"instock","19":"shipping-taxable","20":"purchasable","21":"product-type-simple"},"jetpack_sharing_enabled":true,"_links":{"self":[{"href":"https:\/\/multitiendaelectro.com\/index.php?rest_route=\/wp\/v2\/product\/2055","targetHints":{"allow":["GET"]}}],"collection":[{"href":"https:\/\/multitiendaelectro.com\/index.php?rest_route=\/wp\/v2\/product"}],"about":[{"href":"https:\/\/multitiendaelectro.com\/index.php?rest_route=\/wp\/v2\/types\/product"}],"replies":[{"embeddable":true,"href":"https:\/\/multitiendaelectro.com\/index.php?rest_route=%2Fwp%2Fv2%2Fcomments&post=2055"}],"wp:featuredmedia":[{"embeddable":true,"href":"https:\/\/multitiendaelectro.com\/index.php?rest_route=\/wp\/v2\/media\/2067"}],"wp:attachment":[{"href":"https:\/\/multitiendaelectro.com\/index.php?rest_route=%2Fwp%2Fv2%2Fmedia&parent=2055"}],"wp:term":[{"taxonomy":"product_brand","embeddable":true,"href":"https:\/\/multitiendaelectro.com\/index.php?rest_route=%2Fwp%2Fv2%2Fproduct_brand&post=2055"},{"taxonomy":"product_cat","embeddable":true,"href":"https:\/\/multitiendaelectro.com\/index.php?rest_route=%2Fwp%2Fv2%2Fproduct_cat&post=2055"},{"taxonomy":"product_tag","embeddable":true,"href":"https:\/\/multitiendaelectro.com\/index.php?rest_route=%2Fwp%2Fv2%2Fproduct_tag&post=2055"}],"curies":[{"name":"wp","href":"https:\/\/api.w.org\/{rel}","templated":true}]}}