{"id":2001,"date":"2025-03-12T16:22:19","date_gmt":"2025-03-12T21:22:19","guid":{"rendered":"https:\/\/multitiendaelectro.com\/?post_type=product&#038;p=2001"},"modified":"2026-01-16T18:10:53","modified_gmt":"2026-01-16T23:10:53","slug":"ld-s030-mini-parlante-lidimi","status":"publish","type":"product","link":"https:\/\/multitiendaelectro.com\/?product=ld-s030-mini-parlante-lidimi","title":{"rendered":"LD-S030 Parlante Bluetooth Lidimi 40W"},"content":{"rendered":"<h3 data-start=\"0\" data-end=\"65\"><strong data-start=\"4\" data-end=\"63\">Descripci\u00f3n:<\/strong><\/h3>\n<p data-start=\"67\" data-end=\"511\">El LIDIMI LD-S030 es un parlante port\u00e1til con un dise\u00f1o cil\u00edndrico moderno y vers\u00e1til, ideal para interiores y exteriores. Su bater\u00eda de alta capacidad, conectividad Bluetooth y efectos de iluminaci\u00f3n RGB lo hacen perfecto para fiestas, reuniones o simplemente disfrutar de buena m\u00fasica. Adem\u00e1s, cuenta con la funci\u00f3n TWS (True Wireless Stereo), que permite enlazar dos parlantes para una experiencia de sonido est\u00e9reo m\u00e1s envolvente.<\/p>\n<h3 data-start=\"513\" data-end=\"539\"><strong data-start=\"517\" data-end=\"537\">Caracter\u00edsticas:<\/strong><\/h3>\n<ul data-start=\"541\" data-end=\"1517\">\n<li data-start=\"541\" data-end=\"577\">\n<p data-start=\"543\" data-end=\"577\"><strong data-start=\"543\" data-end=\"559\">Dimensiones:<\/strong> 31 x 12 x 12 cm<\/p>\n<\/li>\n<li data-start=\"578\" data-end=\"648\">\n<p data-start=\"580\" data-end=\"648\"><strong data-start=\"580\" data-end=\"592\">Bater\u00eda:<\/strong> 8000 mAh<\/p>\n<\/li>\n<li data-start=\"578\" data-end=\"648\"><strong>Duraci\u00f3n de la bater\u00eda:<\/strong> 15 horas<\/li>\n<li data-start=\"578\" data-end=\"648\"><strong>Tiempo de carga:<\/strong> 5 a 8 horas<\/li>\n<li data-start=\"578\" data-end=\"648\"><strong>Potencia:<\/strong> 40W<\/li>\n<li data-start=\"649\" data-end=\"737\">\n<p data-start=\"651\" data-end=\"737\"><strong data-start=\"651\" data-end=\"668\">Conectividad:<\/strong> Bluetooth para reproducci\u00f3n inal\u00e1mbrica desde dispositivos m\u00f3viles<\/p>\n<\/li>\n<li data-start=\"738\" data-end=\"827\">\n<p data-start=\"740\" data-end=\"827\"><strong data-start=\"740\" data-end=\"753\">Entradas:<\/strong> USB, Tarjeta TF (MicroSD) para reproducir m\u00fasica desde fuentes externas<\/p>\n<\/li>\n<li data-start=\"828\" data-end=\"899\">\n<p data-start=\"830\" data-end=\"899\"><strong data-start=\"830\" data-end=\"843\">Radio FM:<\/strong> Permite sintonizar emisoras sin necesidad de internet<\/p>\n<\/li>\n<li data-start=\"900\" data-end=\"986\">\n<p data-start=\"902\" data-end=\"986\"><strong data-start=\"902\" data-end=\"944\">DSP (Procesamiento Digital de Sonido):<\/strong> Mejora la claridad y potencia del audio<\/p>\n<\/li>\n<li data-start=\"987\" data-end=\"1162\">\n<p data-start=\"989\" data-end=\"1014\"><strong data-start=\"989\" data-end=\"1012\">Efectos de luz RGB:<\/strong><\/p>\n<ul data-start=\"1017\" data-end=\"1162\">\n<li data-start=\"1017\" data-end=\"1084\">Luces LED din\u00e1micas que cambian de color al ritmo de la m\u00fasica.<\/li>\n<li data-start=\"1087\" data-end=\"1162\">Crea un ambiente vibrante y moderno, ideal para fiestas o uso nocturno.<\/li>\n<\/ul>\n<\/li>\n<li data-start=\"1164\" data-end=\"1404\">\n<p data-start=\"1166\" data-end=\"1207\"><strong data-start=\"1166\" data-end=\"1205\">Funci\u00f3n TWS (True Wireless Stereo):<\/strong><\/p>\n<ul data-start=\"1210\" data-end=\"1404\">\n<li data-start=\"1210\" data-end=\"1281\">Permite enlazar dos LD-S030 para un sonido est\u00e9reo real.<\/li>\n<li data-start=\"1284\" data-end=\"1404\">Un parlante funciona como canal izquierdo y el otro como derecho, ofreciendo una experiencia de audio m\u00e1s inmersiva.<\/li>\n<\/ul>\n<\/li>\n<\/ul>\n<p><strong>Accesorios incluidos:<\/strong><\/p>\n<ul>\n<li>1 parlante de 10w<\/li>\n<li>Cable de carga USB tipo C<\/li>\n<li>Manual de uso<\/li>\n<\/ul>\n","protected":false},"excerpt":{"rendered":"<p><strong>Condici\u00f3n del producto:\u00a0<\/strong>\u00a0Nuevo<\/p>\n<p><strong>Material:\u00a0<\/strong>\u00a0ABS<\/p>\n<p><strong>Marca:\u00a0<\/strong>Lidimi<\/p>\n<p><strong>Modelo:\u00a0<\/strong> LD-S030<\/p>\n<p><strong>Pa\u00eds de origen:\u00a0<\/strong>China<\/p>\n<p><strong>Potencia:<\/strong> 40W<\/p>\n<p><strong>Resistente al agua:<\/strong>\u00a0No<\/p>\n","protected":false},"featured_media":2002,"comment_status":"open","ping_status":"closed","template":"","meta":{"advanced_seo_description":"","jetpack_seo_html_title":"","jetpack_seo_noindex":false},"product_brand":[97],"product_cat":[53,54],"product_tag":[],"class_list":{"0":"post-2001","1":"product","2":"type-product","3":"status-publish","4":"has-post-thumbnail","6":"product_brand-lidimi","7":"product_cat-parlantes","8":"product_cat-mini-parlantes","9":"product_shipping_class-paquete-s","10":"wzta-woo-product-list","11":"opn-qv-enable","12":"royal-shop-woo-hover-zoom","13":"royal-shop-single-product-tab-horizontal","14":"royal-shop-shadow-","15":"royal-shop-shadow-hover-","17":"first","18":"outofstock","19":"shipping-taxable","20":"purchasable","21":"product-type-simple"},"jetpack_sharing_enabled":true,"_links":{"self":[{"href":"https:\/\/multitiendaelectro.com\/index.php?rest_route=\/wp\/v2\/product\/2001","targetHints":{"allow":["GET"]}}],"collection":[{"href":"https:\/\/multitiendaelectro.com\/index.php?rest_route=\/wp\/v2\/product"}],"about":[{"href":"https:\/\/multitiendaelectro.com\/index.php?rest_route=\/wp\/v2\/types\/product"}],"replies":[{"embeddable":true,"href":"https:\/\/multitiendaelectro.com\/index.php?rest_route=%2Fwp%2Fv2%2Fcomments&post=2001"}],"wp:featuredmedia":[{"embeddable":true,"href":"https:\/\/multitiendaelectro.com\/index.php?rest_route=\/wp\/v2\/media\/2002"}],"wp:attachment":[{"href":"https:\/\/multitiendaelectro.com\/index.php?rest_route=%2Fwp%2Fv2%2Fmedia&parent=2001"}],"wp:term":[{"taxonomy":"product_brand","embeddable":true,"href":"https:\/\/multitiendaelectro.com\/index.php?rest_route=%2Fwp%2Fv2%2Fproduct_brand&post=2001"},{"taxonomy":"product_cat","embeddable":true,"href":"https:\/\/multitiendaelectro.com\/index.php?rest_route=%2Fwp%2Fv2%2Fproduct_cat&post=2001"},{"taxonomy":"product_tag","embeddable":true,"href":"https:\/\/multitiendaelectro.com\/index.php?rest_route=%2Fwp%2Fv2%2Fproduct_tag&post=2001"}],"curies":[{"name":"wp","href":"https:\/\/api.w.org\/{rel}","templated":true}]}}