{"id":2000,"date":"2025-03-12T17:07:27","date_gmt":"2025-03-12T22:07:27","guid":{"rendered":"https:\/\/multitiendaelectro.com\/?post_type=product&#038;p=2000"},"modified":"2026-01-06T10:37:47","modified_gmt":"2026-01-06T15:37:47","slug":"ld-s830-mini-parlante-lidimi","status":"publish","type":"product","link":"https:\/\/multitiendaelectro.com\/?product=ld-s830-mini-parlante-lidimi","title":{"rendered":"LD-S830 Mini Parlante Lidimi 20W"},"content":{"rendered":"<h3 data-start=\"106\" data-end=\"177\"><strong data-start=\"106\" data-end=\"177\">Descripci\u00f3n<\/strong><\/h3>\n<p data-start=\"179\" data-end=\"520\">Este parlante compacto y resistente es el compa\u00f1ero perfecto para tus aventuras al aire libre, fiestas o cualquier evento donde quieras disfrutar de un sonido incre\u00edble. Con luces RGB que se sincronizan con la m\u00fasica, cada canci\u00f3n se convierte en una experiencia visual y sonora \u00fanica. \u00a1Prep\u00e1rate para ser el centro de todas las miradas!<\/p>\n<h3 data-start=\"522\" data-end=\"554\"><strong data-start=\"522\" data-end=\"554\">Caracter\u00edsticas principales:<\/strong><\/h3>\n<ul>\n<li data-start=\"556\" data-end=\"709\"><strong data-start=\"559\" data-end=\"573\">Extra Bass<\/strong>: Siente los bajos profundos y vibrantes que llenar\u00e1n de energ\u00eda cualquier lugar, llevando la calidad del sonido a un nivel profesional.<\/li>\n<li data-start=\"711\" data-end=\"850\"><strong data-start=\"714\" data-end=\"727\">Bluetooth<\/strong>: Conecta tu dispositivo m\u00f3vil de manera r\u00e1pida y sencilla para reproducir tu m\u00fasica favorita sin cables ni complicaciones.<\/li>\n<li data-start=\"852\" data-end=\"1017\"><strong data-start=\"855\" data-end=\"883\">Memoria USB y Tarjeta TF<\/strong>: Reproduce tus canciones directamente desde un USB o tarjeta de memoria. Olv\u00eddate de depender de internet o dispositivos adicionales.<\/li>\n<li data-start=\"1019\" data-end=\"1145\"><strong data-start=\"1022\" data-end=\"1034\">Radio FM<\/strong>: Sintoniza tus emisoras favoritas sin necesidad de conexi\u00f3n a internet y disfruta de tus programas preferidos.<\/li>\n<li data-start=\"1147\" data-end=\"1282\"><strong data-start=\"1150\" data-end=\"1163\">Luces RGB<\/strong>: Crea una atm\u00f3sfera \u00fanica con efectos de iluminaci\u00f3n que cambian al ritmo de la m\u00fasica. La fiesta nunca ser\u00e1 la misma.<\/li>\n<li data-start=\"1284\" data-end=\"1428\"><strong data-start=\"1433\" data-end=\"1445\">Potencia<\/strong>: Con una potencia de 20W, disfruta de un sonido fuerte y n\u00edtido que ser\u00e1 el alma de la fiesta.<\/li>\n<li data-start=\"1558\" data-end=\"1710\"><strong data-start=\"1561\" data-end=\"1590\">Bater\u00eda de Larga Duraci\u00f3n<\/strong>: Con una bater\u00eda de 2000 mAh, disfruta 10 a 12 horas de m\u00fasica sin preocuparte por quedarte sin energ\u00eda en medio del evento.<\/li>\n<li data-start=\"1712\" data-end=\"1829\"><strong data-start=\"1715\" data-end=\"1742\">Altavoces de 2 pulgadas<\/strong>: Equipado con dos altavoces de alta calidad para un sonido claro, n\u00edtido y envolvente.<\/li>\n<li data-start=\"1712\" data-end=\"1829\"><strong>Conexi\u00f3n TWS:\u00a0<\/strong>Permite conectar un segundo parlante para mejorar la experiencia de sonido.<\/li>\n<\/ul>\n<h3 data-start=\"1831\" data-end=\"1856\"><strong data-start=\"1831\" data-end=\"1856\">Accesorios incluidos:<\/strong><\/h3>\n<ul data-start=\"1858\" data-end=\"1919\">\n<li data-start=\"1858\" data-end=\"1875\">Parlante de 20W<\/li>\n<li data-start=\"1876\" data-end=\"1903\">Cable de carga USB tipo C<\/li>\n<li data-start=\"1904\" data-end=\"1919\">Manual de uso<\/li>\n<\/ul>\n<hr data-start=\"1921\" data-end=\"1924\" \/>\n","protected":false},"excerpt":{"rendered":"<p><strong>Condici\u00f3n del producto:\u00a0<\/strong>\u00a0Nuevo<\/p>\n<p><strong>Material:\u00a0<\/strong>\u00a0ABS<\/p>\n<p><strong>Marca:\u00a0<\/strong>Lidimi<\/p>\n<p><strong>Modelo:\u00a0<\/strong> LD-S830<\/p>\n<p><strong>Pa\u00eds de origen:\u00a0<\/strong>China<\/p>\n<p><strong>Potencia:<\/strong> 20W<\/p>\n<p><strong>Resistente al agua:\u00a0<\/strong>No<\/p>\n","protected":false},"featured_media":2063,"comment_status":"open","ping_status":"closed","template":"","meta":{"advanced_seo_description":"","jetpack_seo_html_title":"","jetpack_seo_noindex":false},"product_brand":[97],"product_cat":[53,54],"product_tag":[],"class_list":{"0":"post-2000","1":"product","2":"type-product","3":"status-publish","4":"has-post-thumbnail","6":"product_brand-lidimi","7":"product_cat-parlantes","8":"product_cat-mini-parlantes","9":"wzta-woo-product-list","10":"opn-qv-enable","11":"royal-shop-woo-hover-zoom","12":"royal-shop-single-product-tab-horizontal","13":"royal-shop-shadow-","14":"royal-shop-shadow-hover-","16":"first","17":"instock","18":"shipping-taxable","19":"purchasable","20":"product-type-simple"},"jetpack_sharing_enabled":true,"_links":{"self":[{"href":"https:\/\/multitiendaelectro.com\/index.php?rest_route=\/wp\/v2\/product\/2000","targetHints":{"allow":["GET"]}}],"collection":[{"href":"https:\/\/multitiendaelectro.com\/index.php?rest_route=\/wp\/v2\/product"}],"about":[{"href":"https:\/\/multitiendaelectro.com\/index.php?rest_route=\/wp\/v2\/types\/product"}],"replies":[{"embeddable":true,"href":"https:\/\/multitiendaelectro.com\/index.php?rest_route=%2Fwp%2Fv2%2Fcomments&post=2000"}],"wp:featuredmedia":[{"embeddable":true,"href":"https:\/\/multitiendaelectro.com\/index.php?rest_route=\/wp\/v2\/media\/2063"}],"wp:attachment":[{"href":"https:\/\/multitiendaelectro.com\/index.php?rest_route=%2Fwp%2Fv2%2Fmedia&parent=2000"}],"wp:term":[{"taxonomy":"product_brand","embeddable":true,"href":"https:\/\/multitiendaelectro.com\/index.php?rest_route=%2Fwp%2Fv2%2Fproduct_brand&post=2000"},{"taxonomy":"product_cat","embeddable":true,"href":"https:\/\/multitiendaelectro.com\/index.php?rest_route=%2Fwp%2Fv2%2Fproduct_cat&post=2000"},{"taxonomy":"product_tag","embeddable":true,"href":"https:\/\/multitiendaelectro.com\/index.php?rest_route=%2Fwp%2Fv2%2Fproduct_tag&post=2000"}],"curies":[{"name":"wp","href":"https:\/\/api.w.org\/{rel}","templated":true}]}}