{"id":1938,"date":"2025-02-20T15:18:49","date_gmt":"2025-02-20T20:18:49","guid":{"rendered":"https:\/\/multitiendaelectro.com\/?post_type=product&#038;p=1938"},"modified":"2025-08-01T12:11:42","modified_gmt":"2025-08-01T17:11:42","slug":"ld-l1424a-linterna-de-500-metros-de-alcance-lidimi-de-20w","status":"publish","type":"product","link":"https:\/\/multitiendaelectro.com\/?product=ld-l1424a-linterna-de-500-metros-de-alcance-lidimi-de-20w","title":{"rendered":"LD-L1424A Linterna de 500 metros de alcance Lidimi de 20W"},"content":{"rendered":"<h3 data-start=\"0\" data-end=\"50\"><strong data-start=\"4\" data-end=\"48\">Descripci\u00f3n:<\/strong><\/h3>\n<p data-start=\"51\" data-end=\"321\">La LD-L1424A es una linterna compacta y potente, dise\u00f1ada para quienes buscan una fuente de luz confiable y port\u00e1til. Con 20W de potencia y una bater\u00eda recargable de 2500mAh, es ideal para uso t\u00e1ctico, actividades al aire libre y situaciones de emergencia.<\/p>\n<h3 data-start=\"328\" data-end=\"370\"><strong data-start=\"441\" data-end=\"491\">Lugares y actividades recomendadas para su uso<\/strong><\/h3>\n<ul>\n<li data-start=\"371\" data-end=\"684\"><strong data-start=\"373\" data-end=\"399\">Aventura y exploraci\u00f3n: <\/strong>Perfecta para camping, senderismo y pesca.<\/li>\n<li data-start=\"371\" data-end=\"684\"><strong data-start=\"449\" data-end=\"475\">Seguridad y patrullaje: <\/strong>\u00datil para fuerzas de seguridad y vigilancia nocturna.<\/li>\n<li data-start=\"371\" data-end=\"684\"><strong data-start=\"536\" data-end=\"555\">Uso profesional: <\/strong>Ideal para mec\u00e1nicos, electricistas y t\u00e9cnicos.<\/li>\n<li data-start=\"371\" data-end=\"684\"><strong data-start=\"610\" data-end=\"633\">Hogar y emergencias: <\/strong>Para cortes de luz, inspecciones y uso diario.<\/li>\n<\/ul>\n<h3 data-start=\"691\" data-end=\"722\"><strong data-start=\"695\" data-end=\"720\">Caracter\u00edsticas:<\/strong><\/h3>\n<ul>\n<li data-start=\"723\" data-end=\"1375\"><strong data-start=\"726\" data-end=\"746\">Alto rendimiento: <\/strong>LED blanco de 20W con gran alcance.<\/li>\n<li data-start=\"723\" data-end=\"1375\"><strong data-start=\"905\" data-end=\"926\">Bater\u00eda extra\u00edble<\/strong><span data-start=\"905\" data-end=\"926\">: <\/span>18650 de 2500mAh, recargable y reemplazable.<\/li>\n<li data-start=\"723\" data-end=\"1375\"><strong>Carga USB tipo C:<\/strong> ahora puedes recargar tu linterna gracias al cable de carga USB tipo C que trae.<\/li>\n<li data-start=\"723\" data-end=\"1375\"><strong data-start=\"1070\" data-end=\"1099\">Dise\u00f1o compacto y liviano:<\/strong>\u00a0Solo 14 cm de largo y 3 cm de di\u00e1metro, ideal para llevar en el bolsillo o mochila.<\/li>\n<li data-start=\"723\" data-end=\"1375\"><strong data-start=\"1196\" data-end=\"1220\">Construcci\u00f3n robusta:<\/strong> Aleaci\u00f3n de aluminio resistente a impactos y salpicaduras.<\/li>\n<li data-start=\"723\" data-end=\"1375\"><strong data-start=\"1287\" data-end=\"1310\">Interruptor trasero: <\/strong>Bot\u00f3n ergon\u00f3mico con luz LED integrada para f\u00e1cil encendido.<\/li>\n<li data-start=\"1309\" data-end=\"1390\"><strong>Alcance:<\/strong> 500 m<\/li>\n<li data-start=\"1309\" data-end=\"1390\"><strong>Duraci\u00f3n de bater\u00eda:<\/strong> 6 horas de uso continuo.<\/li>\n<\/ul>\n<h3 data-start=\"1382\" data-end=\"1417\"><strong data-start=\"1386\" data-end=\"1415\">Especificaciones:<\/strong><\/h3>\n<ul data-start=\"1418\" data-end=\"1668\">\n<li data-start=\"1444\" data-end=\"1477\"><strong data-start=\"1446\" data-end=\"1461\">Dimensiones<\/strong>: 14 x 3 cm<\/li>\n<li data-start=\"1515\" data-end=\"1564\"><strong data-start=\"1517\" data-end=\"1528\">Bater\u00eda<\/strong>: 18650 de 2600mAh, recargable<\/li>\n<li data-start=\"1565\" data-end=\"1629\"><strong data-start=\"1567\" data-end=\"1583\">Modos de luz<\/strong>: LED blanco<\/li>\n<li data-start=\"1630\" data-end=\"1668\"><strong data-start=\"1632\" data-end=\"1644\">Material<\/strong>: Aleaci\u00f3n de aluminio<\/li>\n<\/ul>\n<h3 data-start=\"1675\" data-end=\"1705\"><strong data-start=\"1679\" data-end=\"1703\">Accesorios incluidos<\/strong><\/h3>\n<ul>\n<li data-start=\"1706\" data-end=\"1846\">Linterna de 20W<\/li>\n<li data-start=\"1706\" data-end=\"1846\">Bater\u00eda recargable 18650 de 2600mAh<\/li>\n<li data-start=\"1706\" data-end=\"1846\">Cable de carga USB tipo C<\/li>\n<\/ul>\n","protected":false},"excerpt":{"rendered":"<p><strong>Condici\u00f3n del producto:\u00a0<\/strong>\u00a0Nuevo<\/p>\n<p><strong>Material:\u00a0<\/strong>\u00a0Aleaci\u00f3n de aluminio<\/p>\n<p><strong>Marca:\u00a0<\/strong>Lidimi<\/p>\n<p><strong>Modelo:\u00a0<\/strong> LD-L1424A<\/p>\n<p><strong>Pa\u00eds de origen:\u00a0<\/strong>China<\/p>\n<p><strong>Potencia:<\/strong> 20W<\/p>\n<p><strong>Resistente al agua:\u00a0<\/strong>Si<\/p>\n<p><strong>Duraci\u00f3n de bater\u00eda:<\/strong> 6 horas<\/p>\n","protected":false},"featured_media":1939,"comment_status":"open","ping_status":"closed","template":"","meta":{"advanced_seo_description":"","jetpack_seo_html_title":"","jetpack_seo_noindex":false},"product_brand":[],"product_cat":[48,51],"product_tag":[],"class_list":{"0":"post-1938","1":"product","2":"type-product","3":"status-publish","4":"has-post-thumbnail","6":"product_cat-linternas","7":"product_cat-linterna-alta-potencia","8":"wzta-woo-product-list","9":"opn-qv-enable","10":"royal-shop-woo-hover-zoom","11":"royal-shop-single-product-tab-horizontal","12":"royal-shop-shadow-","13":"royal-shop-shadow-hover-","15":"first","16":"instock","17":"shipping-taxable","18":"purchasable","19":"product-type-simple"},"jetpack_sharing_enabled":true,"_links":{"self":[{"href":"https:\/\/multitiendaelectro.com\/index.php?rest_route=\/wp\/v2\/product\/1938","targetHints":{"allow":["GET"]}}],"collection":[{"href":"https:\/\/multitiendaelectro.com\/index.php?rest_route=\/wp\/v2\/product"}],"about":[{"href":"https:\/\/multitiendaelectro.com\/index.php?rest_route=\/wp\/v2\/types\/product"}],"replies":[{"embeddable":true,"href":"https:\/\/multitiendaelectro.com\/index.php?rest_route=%2Fwp%2Fv2%2Fcomments&post=1938"}],"wp:featuredmedia":[{"embeddable":true,"href":"https:\/\/multitiendaelectro.com\/index.php?rest_route=\/wp\/v2\/media\/1939"}],"wp:attachment":[{"href":"https:\/\/multitiendaelectro.com\/index.php?rest_route=%2Fwp%2Fv2%2Fmedia&parent=1938"}],"wp:term":[{"taxonomy":"product_brand","embeddable":true,"href":"https:\/\/multitiendaelectro.com\/index.php?rest_route=%2Fwp%2Fv2%2Fproduct_brand&post=1938"},{"taxonomy":"product_cat","embeddable":true,"href":"https:\/\/multitiendaelectro.com\/index.php?rest_route=%2Fwp%2Fv2%2Fproduct_cat&post=1938"},{"taxonomy":"product_tag","embeddable":true,"href":"https:\/\/multitiendaelectro.com\/index.php?rest_route=%2Fwp%2Fv2%2Fproduct_tag&post=1938"}],"curies":[{"name":"wp","href":"https:\/\/api.w.org\/{rel}","templated":true}]}}