{"id":1862,"date":"2025-02-18T10:51:06","date_gmt":"2025-02-18T15:51:06","guid":{"rendered":"https:\/\/multitiendaelectro.com\/?post_type=product&#038;p=1862"},"modified":"2025-09-23T12:01:03","modified_gmt":"2025-09-23T17:01:03","slug":"sc-dy4942-power-bank-cargador-portatil-de-20000-mah-con-pantalla-digital","status":"publish","type":"product","link":"https:\/\/multitiendaelectro.com\/?product=sc-dy4942-power-bank-cargador-portatil-de-20000-mah-con-pantalla-digital","title":{"rendered":"SC-DY4942 Power bank Cargador Port\u00e1til de 20000 mAh con Pantalla Digital"},"content":{"rendered":"<h3 data-start=\"190\" data-end=\"215\"><strong data-start=\"194\" data-end=\"213\"> Descripci\u00f3n:<\/strong><\/h3>\n<p data-start=\"216\" data-end=\"362\">Este banco de energ\u00eda multifuncional destaca por su dise\u00f1o compacto y vers\u00e1til, permitiendo cargar dispositivos con rapidez y comodidad.<\/p>\n<h3 data-start=\"369\" data-end=\"410\"><strong data-start=\"373\" data-end=\"408\">Caracter\u00edsticas:<\/strong><\/h3>\n<ul>\n<li data-start=\"411\" data-end=\"696\"><strong data-start=\"413\" data-end=\"427\">Capacidad:<\/strong> 20000 mAh, ideal para varias cargas sin interrupciones.<\/li>\n<li data-start=\"411\" data-end=\"696\"><strong data-start=\"493\" data-end=\"510\">Carga r\u00e1pida:<\/strong> PD 20W + QC 22.5W para una carga eficiente.<\/li>\n<li data-start=\"411\" data-end=\"696\"><strong data-start=\"563\" data-end=\"581\">Dise\u00f1o 2 en 1:<\/strong> Funciona como power bank y cargador de pared con enchufe plegable.<\/li>\n<li data-start=\"411\" data-end=\"696\"><strong data-start=\"661\" data-end=\"694\">M\u00faltiples entradas y salidas:<\/strong>\n<ul>\n<li data-start=\"700\" data-end=\"730\">Entrada USB-C PD 22.5W<\/li>\n<li data-start=\"734\" data-end=\"967\">Salida Lightning 2.4A<\/li>\n<\/ul>\n<\/li>\n<li><strong data-start=\"766\" data-end=\"792\">Dimensiones compactas:<\/strong> 11.7 x 6.4 x 2.5 cm.<\/li>\n<li><strong data-start=\"884\" data-end=\"908\">Protecci\u00f3n avanzada:<\/strong> Contra sobrecargas, cortocircuitos y sobrecalentamiento.<\/li>\n<li><strong>Cables de salida integrado<\/strong><strong data-start=\"1283\" data-end=\"1307\">:<\/strong><\/li>\n<\/ul>\n<ul>\n<li style=\"list-style-type: none\">\n<ul>\n<li>Cable tipo C<\/li>\n<li>Cable Lightning<\/li>\n<\/ul>\n<\/li>\n<\/ul>\n<h3 data-start=\"974\" data-end=\"1003\"><strong data-start=\"978\" data-end=\"1001\">Funciones y usos:<\/strong><\/h3>\n<ul>\n<li data-start=\"1004\" data-end=\"1237\">Carga r\u00e1pida y eficiente para smartphones, tablets y otros dispositivos.<\/li>\n<li data-start=\"1004\" data-end=\"1237\">Perfecto para viajes gracias a su dise\u00f1o con enchufe plegable.<\/li>\n<li data-start=\"1004\" data-end=\"1237\">Dise\u00f1o compacto y elegante para llevarlo f\u00e1cilmente a cualquier lugar.<\/li>\n<\/ul>\n<h3 data-start=\"1004\" data-end=\"1237\"><strong>Accesorios incluidos:<\/strong><\/h3>\n<ul>\n<li data-start=\"1004\" data-end=\"1237\">Power bank<\/li>\n<li data-start=\"1004\" data-end=\"1237\">Cable de carga USB tipo C<\/li>\n<li data-start=\"1004\" data-end=\"1237\">Manual de usuario<\/li>\n<\/ul>\n","protected":false},"excerpt":{"rendered":"<p><strong>Condici\u00f3n del producto:\u00a0<\/strong>\u00a0Nuevo<\/p>\n<p><strong>Material:\u00a0<\/strong>\u00a0ABS<\/p>\n<p><strong>Marca:\u00a0<\/strong>\u00a0Sanci<\/p>\n<p><strong>Modelo:\u00a0<\/strong> SC-DY4942<\/p>\n<p><strong>Pa\u00eds de origen:\u00a0<\/strong>China<\/p>\n<p><strong>Salida de carga:\u00a0<\/strong>4 tipos<\/p>\n<p><strong>Capacidad:\u00a0<\/strong>20000 mAh<\/p>\n","protected":false},"featured_media":1863,"comment_status":"open","ping_status":"closed","template":"","meta":{"advanced_seo_description":"","jetpack_seo_html_title":"","jetpack_seo_noindex":false},"product_brand":[99],"product_cat":[141],"product_tag":[],"class_list":{"0":"post-1862","1":"product","2":"type-product","3":"status-publish","4":"has-post-thumbnail","6":"product_brand-sanci","7":"product_cat-power-bank-2","8":"wzta-woo-product-list","9":"opn-qv-enable","10":"royal-shop-woo-hover-zoom","11":"royal-shop-single-product-tab-horizontal","12":"royal-shop-shadow-","13":"royal-shop-shadow-hover-","15":"first","16":"instock","17":"shipping-taxable","18":"purchasable","19":"product-type-simple"},"jetpack_sharing_enabled":true,"_links":{"self":[{"href":"https:\/\/multitiendaelectro.com\/index.php?rest_route=\/wp\/v2\/product\/1862","targetHints":{"allow":["GET"]}}],"collection":[{"href":"https:\/\/multitiendaelectro.com\/index.php?rest_route=\/wp\/v2\/product"}],"about":[{"href":"https:\/\/multitiendaelectro.com\/index.php?rest_route=\/wp\/v2\/types\/product"}],"replies":[{"embeddable":true,"href":"https:\/\/multitiendaelectro.com\/index.php?rest_route=%2Fwp%2Fv2%2Fcomments&post=1862"}],"wp:featuredmedia":[{"embeddable":true,"href":"https:\/\/multitiendaelectro.com\/index.php?rest_route=\/wp\/v2\/media\/1863"}],"wp:attachment":[{"href":"https:\/\/multitiendaelectro.com\/index.php?rest_route=%2Fwp%2Fv2%2Fmedia&parent=1862"}],"wp:term":[{"taxonomy":"product_brand","embeddable":true,"href":"https:\/\/multitiendaelectro.com\/index.php?rest_route=%2Fwp%2Fv2%2Fproduct_brand&post=1862"},{"taxonomy":"product_cat","embeddable":true,"href":"https:\/\/multitiendaelectro.com\/index.php?rest_route=%2Fwp%2Fv2%2Fproduct_cat&post=1862"},{"taxonomy":"product_tag","embeddable":true,"href":"https:\/\/multitiendaelectro.com\/index.php?rest_route=%2Fwp%2Fv2%2Fproduct_tag&post=1862"}],"curies":[{"name":"wp","href":"https:\/\/api.w.org\/{rel}","templated":true}]}}