{"id":1786,"date":"2025-02-12T12:31:25","date_gmt":"2025-02-12T17:31:25","guid":{"rendered":"https:\/\/multitiendaelectro.com\/?post_type=product&#038;p=1786"},"modified":"2026-02-10T09:27:11","modified_gmt":"2026-02-10T14:27:11","slug":"ld-s834-parlante-portatil-con-tws-bluetooth-y-24w-de-potencia","status":"publish","type":"product","link":"https:\/\/multitiendaelectro.com\/?product=ld-s834-parlante-portatil-con-tws-bluetooth-y-24w-de-potencia","title":{"rendered":"LD-S834 Parlante Port\u00e1til con TWS, Bluetooth y 24W de Potencia"},"content":{"rendered":"<h2 data-start=\"150\" data-end=\"226\"><strong data-start=\"153\" data-end=\"224\">LIDIMI LD-S834 Parlante con Luces RGB:<\/strong><\/h2>\n<h3 data-start=\"286\" data-end=\"455\">Descripci\u00f3n:<\/h3>\n<p data-start=\"286\" data-end=\"455\">El <strong data-start=\"101\" data-end=\"119\">LIDIMI LD-S834<\/strong> es un altavoz port\u00e1til Bluetooth con un dise\u00f1o moderno y llamativo, ideal para fiestas y reuniones. Cuenta con efectos de luz RGB que se sincronizan con la m\u00fasica, brindando una experiencia visual envolvente. Su sonido potente y envolvente es gracias a su configuraci\u00f3n de doble bocina, adem\u00e1s de su compatibilidad con radio FM, USB y tarjeta TF. Su bater\u00eda de gran capacidad permite un uso prolongado.<\/p>\n<h3 data-start=\"457\" data-end=\"493\"><strong data-start=\"461\" data-end=\"491\">Caracter\u00edsticas:<\/strong><\/h3>\n<ul data-start=\"495\" data-end=\"1258\">\n<li data-start=\"495\" data-end=\"540\"><strong data-start=\"497\" data-end=\"516\">Dimensiones:<\/strong> 11.3 \u00d7 10.7 \u00d7 22.6 cm<\/li>\n<li data-start=\"541\" data-end=\"618\"><strong data-start=\"543\" data-end=\"559\">Potencia:<\/strong> 24W<\/li>\n<li data-start=\"541\" data-end=\"618\"><strong data-start=\"843\" data-end=\"854\">Tama\u00f1o de bocina:<\/strong> 2 \u00d7 2.25 pulgadas<\/li>\n<li data-start=\"619\" data-end=\"711\"><strong data-start=\"621\" data-end=\"641\">Conectividad:<\/strong> <strong data-start=\"642\" data-end=\"690\">Bluetooth, tarjeta TF, memoria USB, radio FM<\/strong> y funci\u00f3n <strong data-start=\"701\" data-end=\"708\">TWS<\/strong>.<\/li>\n<li data-start=\"712\" data-end=\"886\"><strong data-start=\"714\" data-end=\"759\">Tecnolog\u00eda TWS (True Wireless Stereo):<\/strong> Permite conectar dos parlantes simult\u00e1neamente para disfrutar de sonido est\u00e9reo real con m\u00e1s potencia y separaci\u00f3n de canales.<\/li>\n<li data-start=\"887\" data-end=\"1032\"><strong data-start=\"889\" data-end=\"921\">Iluminaci\u00f3n RGB din\u00e1mica:<\/strong> Luces LED que cambian de color al ritmo de la m\u00fasica, creando un ambiente vibrante para fiestas y reuniones.<\/li>\n<li data-start=\"1033\" data-end=\"1141\"><strong data-start=\"1035\" data-end=\"1058\">Bater\u00eda: <\/strong>2 \u00d7 2200mAh 18650 (S4000mAh)<\/li>\n<li data-start=\"1033\" data-end=\"1141\"><strong>Duraci\u00f3n de bater\u00eda:<\/strong> 15 horas<\/li>\n<li data-start=\"1142\" data-end=\"1258\"><strong data-start=\"1144\" data-end=\"1180\">Dise\u00f1o port\u00e1til y resistente:<\/strong> Compacto y f\u00e1cil de transportar, ideal para uso en interiores y exteriores.<\/li>\n<\/ul>\n<h3><strong>Accesorios incluidos:<\/strong><\/h3>\n<ul>\n<li>Cable de carga USB tipo C<\/li>\n<li>Cable auxiliar<\/li>\n<\/ul>\n","protected":false},"excerpt":{"rendered":"<p><strong>Condici\u00f3n del producto:\u00a0<\/strong>\u00a0Nuevo<\/p>\n<p><strong>Material:\u00a0<\/strong>\u00a0ABS<\/p>\n<p><strong>Marca:\u00a0<\/strong>Lidimi<\/p>\n<p><strong>Modelo:\u00a0<\/strong> LD-S834<\/p>\n<p><strong>Pa\u00eds de origen:\u00a0<\/strong>China<\/p>\n<p><strong>Potencia: <\/strong>24W<\/p>\n<p><strong>Resistente al agua:<\/strong> No<\/p>\n","protected":false},"featured_media":1787,"comment_status":"open","ping_status":"closed","template":"","meta":{"advanced_seo_description":"","jetpack_seo_html_title":"","jetpack_seo_noindex":false},"product_brand":[],"product_cat":[53,54],"product_tag":[],"class_list":{"0":"post-1786","1":"product","2":"type-product","3":"status-publish","4":"has-post-thumbnail","6":"product_cat-parlantes","7":"product_cat-mini-parlantes","8":"product_shipping_class-paquete-s","9":"wzta-woo-product-list","10":"opn-qv-enable","11":"royal-shop-woo-hover-zoom","12":"royal-shop-single-product-tab-horizontal","13":"royal-shop-shadow-","14":"royal-shop-shadow-hover-","16":"first","17":"outofstock","18":"shipping-taxable","19":"purchasable","20":"product-type-simple"},"jetpack_sharing_enabled":true,"_links":{"self":[{"href":"https:\/\/multitiendaelectro.com\/index.php?rest_route=\/wp\/v2\/product\/1786","targetHints":{"allow":["GET"]}}],"collection":[{"href":"https:\/\/multitiendaelectro.com\/index.php?rest_route=\/wp\/v2\/product"}],"about":[{"href":"https:\/\/multitiendaelectro.com\/index.php?rest_route=\/wp\/v2\/types\/product"}],"replies":[{"embeddable":true,"href":"https:\/\/multitiendaelectro.com\/index.php?rest_route=%2Fwp%2Fv2%2Fcomments&post=1786"}],"wp:featuredmedia":[{"embeddable":true,"href":"https:\/\/multitiendaelectro.com\/index.php?rest_route=\/wp\/v2\/media\/1787"}],"wp:attachment":[{"href":"https:\/\/multitiendaelectro.com\/index.php?rest_route=%2Fwp%2Fv2%2Fmedia&parent=1786"}],"wp:term":[{"taxonomy":"product_brand","embeddable":true,"href":"https:\/\/multitiendaelectro.com\/index.php?rest_route=%2Fwp%2Fv2%2Fproduct_brand&post=1786"},{"taxonomy":"product_cat","embeddable":true,"href":"https:\/\/multitiendaelectro.com\/index.php?rest_route=%2Fwp%2Fv2%2Fproduct_cat&post=1786"},{"taxonomy":"product_tag","embeddable":true,"href":"https:\/\/multitiendaelectro.com\/index.php?rest_route=%2Fwp%2Fv2%2Fproduct_tag&post=1786"}],"curies":[{"name":"wp","href":"https:\/\/api.w.org\/{rel}","templated":true}]}}