{"id":1767,"date":"2025-02-11T14:39:26","date_gmt":"2025-02-11T19:39:26","guid":{"rendered":"https:\/\/multitiendaelectro.com\/?post_type=product&#038;p=1767"},"modified":"2025-09-08T21:16:35","modified_gmt":"2025-09-09T02:16:35","slug":"cn-dc2620qskit-solar-portatil-cafini-con-bateria-25ah","status":"publish","type":"product","link":"https:\/\/multitiendaelectro.com\/?product=cn-dc2620qskit-solar-portatil-cafini-con-bateria-25ah","title":{"rendered":"CN-DC2620QSKit Solar Port\u00e1til Cafini con Bater\u00eda 25Ah"},"content":{"rendered":"<p><strong>Descripci\u00f3n:<\/strong><br \/>\nEl CN-DC2620QS es un sistema de energ\u00eda port\u00e1til con bater\u00eda de alta capacidad, iluminaci\u00f3n LED y carga solar, ideal para camping, emergencias y uso dom\u00e9stico. Su dise\u00f1o compacto y su asa port\u00e1til facilitan su transporte.<\/p>\n<p><strong>Caracter\u00edsticas:<\/strong><br \/>\nDimensiones: 21\u00d710\u00d7 21 cm<br \/>\nBater\u00eda: 25Ah<br \/>\nPanel Solar: 18V 40W<br \/>\nIluminaci\u00f3n LED: Integrada en los laterales<\/p>\n<p><strong>Funciones:<\/strong><br \/>\nCarga Solar para una fuente de energ\u00eda sostenible<br \/>\nPower Bank para cargar dispositivos electr\u00f3nicos<br \/>\nIluminaci\u00f3n de Emergencia con luces LED laterales<\/p>\n<p><strong>Accesorios incluidos:<\/strong><br \/>\nBater\u00eda (Power bank)<br \/>\nPanel solar<br \/>\nCargador<br \/>\n3 bombillas LED<\/p>\n","protected":false},"excerpt":{"rendered":"<p><strong>Condici\u00f3n del producto:\u00a0<\/strong>\u00a0Nuevo<\/p>\n<p><strong>Material:\u00a0<\/strong>\u00a0Metal pl\u00e1stico<\/p>\n<p><strong><span style=\"vertical-align: inherit\"><span style=\"vertical-align: inherit\">Marca:\u00a0<\/span><\/span><\/strong><span style=\"vertical-align: inherit\"><span style=\"vertical-align: inherit\"> Cafini<\/span><\/span><\/p>\n<p><strong><span style=\"vertical-align: inherit\"><span style=\"vertical-align: inherit\">Modelo:\u00a0<\/span><\/span><\/strong> <span style=\"vertical-align: inherit\"><span style=\"vertical-align: inherit\"> CN-DC2620QS<\/span><\/span><\/p>\n<p><strong>Pa\u00eds de origen:\u00a0<\/strong>China<\/p>\n<p><strong>Uso de la herramienta: <\/strong>Multiuso<\/p>\n","protected":false},"featured_media":1769,"comment_status":"open","ping_status":"closed","template":"","meta":{"advanced_seo_description":"","jetpack_seo_html_title":"","jetpack_seo_noindex":false},"product_brand":[],"product_cat":[37],"product_tag":[],"class_list":{"0":"post-1767","1":"product","2":"type-product","3":"status-publish","4":"has-post-thumbnail","6":"product_cat-kit-solar","7":"wzta-woo-product-list","8":"opn-qv-enable","9":"royal-shop-woo-hover-zoom","10":"royal-shop-single-product-tab-horizontal","11":"royal-shop-shadow-","12":"royal-shop-shadow-hover-","14":"first","15":"instock","16":"shipping-taxable","17":"purchasable","18":"product-type-simple"},"jetpack_sharing_enabled":true,"_links":{"self":[{"href":"https:\/\/multitiendaelectro.com\/index.php?rest_route=\/wp\/v2\/product\/1767","targetHints":{"allow":["GET"]}}],"collection":[{"href":"https:\/\/multitiendaelectro.com\/index.php?rest_route=\/wp\/v2\/product"}],"about":[{"href":"https:\/\/multitiendaelectro.com\/index.php?rest_route=\/wp\/v2\/types\/product"}],"replies":[{"embeddable":true,"href":"https:\/\/multitiendaelectro.com\/index.php?rest_route=%2Fwp%2Fv2%2Fcomments&post=1767"}],"wp:featuredmedia":[{"embeddable":true,"href":"https:\/\/multitiendaelectro.com\/index.php?rest_route=\/wp\/v2\/media\/1769"}],"wp:attachment":[{"href":"https:\/\/multitiendaelectro.com\/index.php?rest_route=%2Fwp%2Fv2%2Fmedia&parent=1767"}],"wp:term":[{"taxonomy":"product_brand","embeddable":true,"href":"https:\/\/multitiendaelectro.com\/index.php?rest_route=%2Fwp%2Fv2%2Fproduct_brand&post=1767"},{"taxonomy":"product_cat","embeddable":true,"href":"https:\/\/multitiendaelectro.com\/index.php?rest_route=%2Fwp%2Fv2%2Fproduct_cat&post=1767"},{"taxonomy":"product_tag","embeddable":true,"href":"https:\/\/multitiendaelectro.com\/index.php?rest_route=%2Fwp%2Fv2%2Fproduct_tag&post=1767"}],"curies":[{"name":"wp","href":"https:\/\/api.w.org\/{rel}","templated":true}]}}