{"id":1570,"date":"2024-12-20T16:19:24","date_gmt":"2024-12-20T21:19:24","guid":{"rendered":"https:\/\/multitiendaelectro.com\/?post_type=product&#038;p=1570"},"modified":"2026-03-04T11:45:53","modified_gmt":"2026-03-04T16:45:53","slug":"parlante-portatil-lidimi-ld-s910ac-con-iluminacion-led-bluetooth-y-diseno-compacto","status":"publish","type":"product","link":"https:\/\/multitiendaelectro.com\/?product=parlante-portatil-lidimi-ld-s910ac-con-iluminacion-led-bluetooth-y-diseno-compacto","title":{"rendered":"LD-S910AC Parlante Port\u00e1til LIDIMI con Iluminaci\u00f3n LED, Bluetooth y Dise\u00f1o Compacto 80W"},"content":{"rendered":"<p>Descubre el modelo LIDIMI LD-S910AC, una bocina port\u00e1til con dise\u00f1o compacto y vers\u00e1til, ideal para tus eventos y reuniones. Este dispositivo combina un sonido potente de 80W con una experiencia visual gracias a su iluminaci\u00f3n LED multicolor. Su tama\u00f1o pr\u00e1ctico y sistema de transporte con asa retr\u00e1ctil y ruedas la convierten en la compa\u00f1era perfecta para llevar m\u00fasica a todas partes. Adem\u00e1s, ofrece conectividad avanzada y m\u00faltiples funciones para adaptarse a tus necesidades.<\/p>\n<p><strong>Caracter\u00edsticas principales<\/strong>:<\/p>\n<ul>\n<li><strong>Dimensiones<\/strong>: 29.5 x 29.5 x 70.5 cm.<\/li>\n<li><strong>Sistema de sonido<\/strong>: Woofer de 8\u201d + 2 tweeters de 3\u201d.<\/li>\n<li><strong>Potencia<\/strong>: 80W<\/li>\n<li><strong>Voltaje:<\/strong> 12V<\/li>\n<li><strong>Bluetooth: <\/strong>para reproducci\u00f3n inal\u00e1mbrica.<\/li>\n<li><strong>Entradas: <\/strong>USB, TF (tarjeta MicroSD), y AUX.<\/li>\n<li><strong>Sintonizador FM:<\/strong> para escuchar radio.<\/li>\n<li><strong>Grabaci\u00f3n de audio<\/strong> (REC).<\/li>\n<li><strong>Entradas adicionales:\u00a0<\/strong>2 orificios para micr\u00f3fono y 1 orificio para guitarra.<\/li>\n<li><strong>Iluminaci\u00f3n LED<\/strong>: Efectos din\u00e1micos para ambientar tus eventos.<\/li>\n<li><strong>Alimentaci\u00f3n el\u00e9ctrica<\/strong>: Compatible con DC 15V y AC 110-240V.<\/li>\n<li><strong>Portabilidad<\/strong>: Equipado con ruedas y asa extensible para un transporte c\u00f3modo.<\/li>\n<\/ul>\n<p><strong>Accesorios incluidos:<\/strong><\/p>\n<ul>\n<li>Parlante de 80W<\/li>\n<li>Control remoto<\/li>\n<li>Cable de alimentaci\u00f3n<\/li>\n<li>Cable de carga<\/li>\n<li>Manual de uso<\/li>\n<\/ul>\n","protected":false},"excerpt":{"rendered":"<p><strong>Condici\u00f3n del producto:\u00a0<\/strong>\u00a0Nuevo<\/p>\n<p><strong>Material:\u00a0<\/strong>\u00a0ABS<\/p>\n<p><strong>Marca:\u00a0<\/strong>Lidimi<\/p>\n<p><strong>Modelo:\u00a0<\/strong> LD-S910AC<\/p>\n<p><strong>Pa\u00eds de origen:\u00a0<\/strong>China<\/p>\n<p><strong>Potencia:<\/strong>\u00a080W<\/p>\n<p><strong>Entrada de micr\u00f3fono:<\/strong>\u00a0Si<\/p>\n<p><strong>Entrada de guitarra:<\/strong>\u00a0Si<\/p>\n","protected":false},"featured_media":1571,"comment_status":"open","ping_status":"closed","template":"","meta":{"advanced_seo_description":"","jetpack_seo_html_title":"","jetpack_seo_noindex":false},"product_brand":[],"product_cat":[128,53],"product_tag":[],"class_list":{"0":"post-1570","1":"product","2":"type-product","3":"status-publish","4":"has-post-thumbnail","6":"product_cat-parlantes-medianos","7":"product_cat-parlantes","8":"wzta-woo-product-list","9":"opn-qv-enable","10":"royal-shop-woo-hover-zoom","11":"royal-shop-single-product-tab-horizontal","12":"royal-shop-shadow-","13":"royal-shop-shadow-hover-","15":"first","16":"instock","17":"shipping-taxable","18":"purchasable","19":"product-type-simple"},"jetpack_sharing_enabled":true,"_links":{"self":[{"href":"https:\/\/multitiendaelectro.com\/index.php?rest_route=\/wp\/v2\/product\/1570","targetHints":{"allow":["GET"]}}],"collection":[{"href":"https:\/\/multitiendaelectro.com\/index.php?rest_route=\/wp\/v2\/product"}],"about":[{"href":"https:\/\/multitiendaelectro.com\/index.php?rest_route=\/wp\/v2\/types\/product"}],"replies":[{"embeddable":true,"href":"https:\/\/multitiendaelectro.com\/index.php?rest_route=%2Fwp%2Fv2%2Fcomments&post=1570"}],"wp:featuredmedia":[{"embeddable":true,"href":"https:\/\/multitiendaelectro.com\/index.php?rest_route=\/wp\/v2\/media\/1571"}],"wp:attachment":[{"href":"https:\/\/multitiendaelectro.com\/index.php?rest_route=%2Fwp%2Fv2%2Fmedia&parent=1570"}],"wp:term":[{"taxonomy":"product_brand","embeddable":true,"href":"https:\/\/multitiendaelectro.com\/index.php?rest_route=%2Fwp%2Fv2%2Fproduct_brand&post=1570"},{"taxonomy":"product_cat","embeddable":true,"href":"https:\/\/multitiendaelectro.com\/index.php?rest_route=%2Fwp%2Fv2%2Fproduct_cat&post=1570"},{"taxonomy":"product_tag","embeddable":true,"href":"https:\/\/multitiendaelectro.com\/index.php?rest_route=%2Fwp%2Fv2%2Fproduct_tag&post=1570"}],"curies":[{"name":"wp","href":"https:\/\/api.w.org\/{rel}","templated":true}]}}