{"id":1569,"date":"2024-12-20T16:49:16","date_gmt":"2024-12-20T21:49:16","guid":{"rendered":"https:\/\/multitiendaelectro.com\/?post_type=product&#038;p=1569"},"modified":"2026-01-16T17:56:39","modified_gmt":"2026-01-16T22:56:39","slug":"parlante-portatil-lidimi-ld-s911ac-con-iluminacion-led-bluetooth-y-potencia-de-80w","status":"publish","type":"product","link":"https:\/\/multitiendaelectro.com\/?product=parlante-portatil-lidimi-ld-s911ac-con-iluminacion-led-bluetooth-y-potencia-de-80w","title":{"rendered":"LD-S911AC Parlante Port\u00e1til LIDIMI con Iluminaci\u00f3n LED, Bluetooth y Potencia de 80W"},"content":{"rendered":"<p>La bocina port\u00e1til LIDIMI LD-S911AC es la soluci\u00f3n ideal para disfrutar de un sonido potente y din\u00e1mico en cualquier lugar. Con un dise\u00f1o moderno, iluminaci\u00f3n LED multicolor y una incre\u00edble potencia de 80W, esta bocina combina estilo y funcionalidad. Ofrece una experiencia auditiva completa gracias a sus m\u00faltiples opciones de conectividad, como Bluetooth, USB, AUX, TF, y sintonizador FM. Ideal para fiestas, presentaciones o eventos al aire libre.<\/p>\n<ul>\n<li><strong>Dimensiones<\/strong>: 36 x 34.5 x 91 cm.<\/li>\n<li><strong>Sistema de sonido<\/strong>: Compuesto por un woofer de 10\u201d + 2 tweeters de 3\u201d.<\/li>\n<li><strong>Potencia<\/strong>: 80W<\/li>\n<li><strong>Voltaje:<\/strong> 12V<\/li>\n<li><strong>Conectividad<\/strong>: Bluetooth, USB, TF (tarjeta MicroSD), AUX, y radio FM.<\/li>\n<li><strong>Grabaci\u00f3n:<\/strong> (REC).<\/li>\n<li><strong>Iluminaci\u00f3n LED<\/strong>: Efectos visuales para crear ambiente.<\/li>\n<li><strong>Compatibilidad el\u00e9ctrica<\/strong>: Fuente de alimentaci\u00f3n DC 15V \/ AC 110-240V.<\/li>\n<li><strong>Portabilidad<\/strong>: Dise\u00f1o con ruedas y asa para un transporte sencillo.<\/li>\n<li><strong>Entradas adicionales:\u00a0<\/strong>2 orificios para micr\u00f3fono y 1 orificio para guitarra.<\/li>\n<\/ul>\n<p><strong>Accesorios incluidos:<\/strong><\/p>\n<ul>\n<li>Parlante de 80W<\/li>\n<li>Control remoto<\/li>\n<li>Micr\u00f3fono<\/li>\n<li>Cargador<\/li>\n<li>Manual de uso<\/li>\n<\/ul>\n","protected":false},"excerpt":{"rendered":"<p><strong>Condici\u00f3n del producto:\u00a0<\/strong>\u00a0Nuevo<\/p>\n<p><strong>Material:\u00a0<\/strong>\u00a0ABS<\/p>\n<p><strong>Marca:\u00a0<\/strong>Lidimi<\/p>\n<p><strong>Modelo:\u00a0<\/strong> LD-S911AC<\/p>\n<p><strong>Pa\u00eds de origen:\u00a0<\/strong>China<\/p>\n<p><strong>Potencia:<\/strong>\u00a080W<\/p>\n<p><strong>Entrada de micr\u00f3fono:<\/strong>\u00a0Si<\/p>\n<p><strong>Entrada de guitarra:<\/strong>\u00a0Si<\/p>\n","protected":false},"featured_media":1576,"comment_status":"open","ping_status":"closed","template":"","meta":{"advanced_seo_description":"","jetpack_seo_html_title":"","jetpack_seo_noindex":false},"product_brand":[97],"product_cat":[53,55],"product_tag":[],"class_list":{"0":"post-1569","1":"product","2":"type-product","3":"status-publish","4":"has-post-thumbnail","6":"product_brand-lidimi","7":"product_cat-parlantes","8":"product_cat-parlantes-torre","9":"wzta-woo-product-list","10":"opn-qv-enable","11":"royal-shop-woo-hover-zoom","12":"royal-shop-single-product-tab-horizontal","13":"royal-shop-shadow-","14":"royal-shop-shadow-hover-","16":"first","17":"outofstock","18":"shipping-taxable","19":"purchasable","20":"product-type-simple"},"jetpack_sharing_enabled":true,"_links":{"self":[{"href":"https:\/\/multitiendaelectro.com\/index.php?rest_route=\/wp\/v2\/product\/1569","targetHints":{"allow":["GET"]}}],"collection":[{"href":"https:\/\/multitiendaelectro.com\/index.php?rest_route=\/wp\/v2\/product"}],"about":[{"href":"https:\/\/multitiendaelectro.com\/index.php?rest_route=\/wp\/v2\/types\/product"}],"replies":[{"embeddable":true,"href":"https:\/\/multitiendaelectro.com\/index.php?rest_route=%2Fwp%2Fv2%2Fcomments&post=1569"}],"wp:featuredmedia":[{"embeddable":true,"href":"https:\/\/multitiendaelectro.com\/index.php?rest_route=\/wp\/v2\/media\/1576"}],"wp:attachment":[{"href":"https:\/\/multitiendaelectro.com\/index.php?rest_route=%2Fwp%2Fv2%2Fmedia&parent=1569"}],"wp:term":[{"taxonomy":"product_brand","embeddable":true,"href":"https:\/\/multitiendaelectro.com\/index.php?rest_route=%2Fwp%2Fv2%2Fproduct_brand&post=1569"},{"taxonomy":"product_cat","embeddable":true,"href":"https:\/\/multitiendaelectro.com\/index.php?rest_route=%2Fwp%2Fv2%2Fproduct_cat&post=1569"},{"taxonomy":"product_tag","embeddable":true,"href":"https:\/\/multitiendaelectro.com\/index.php?rest_route=%2Fwp%2Fv2%2Fproduct_tag&post=1569"}],"curies":[{"name":"wp","href":"https:\/\/api.w.org\/{rel}","templated":true}]}}