{"id":1556,"date":"2024-12-20T11:02:54","date_gmt":"2024-12-20T16:02:54","guid":{"rendered":"https:\/\/multitiendaelectro.com\/?post_type=product&#038;p=1556"},"modified":"2026-01-16T17:57:04","modified_gmt":"2026-01-16T22:57:04","slug":"parlante-bluetooth-lidimi-ld-s908ac-con-x-bass-luces-led-y-conexion-para-guitarra","status":"publish","type":"product","link":"https:\/\/multitiendaelectro.com\/?product=parlante-bluetooth-lidimi-ld-s908ac-con-x-bass-luces-led-y-conexion-para-guitarra","title":{"rendered":"LD-S908AC Parlante Bluetooth LIDIMI con X-BASS, Luces LED y Conexi\u00f3n para Guitarra"},"content":{"rendered":"<p>El LIDIMI LD-S908AC es un potente parlante port\u00e1til dise\u00f1ado para ofrecer un sonido envolvente con graves profundos gracias a su funci\u00f3n X-BASS. Su dise\u00f1o moderno incluye iluminaci\u00f3n LED din\u00e1mica que crea un ambiente perfecto para fiestas, karaoke o cualquier evento especial. Con m\u00faltiples opciones de conectividad y una estructura robusta, este modelo se adapta a tus necesidades de audio.<\/p>\n<ul>\n<li><strong>X-BASS:<\/strong> Siente cada golpe de ritmo con el poder extra de X-Bass Nuestros parlantes est\u00e1n dise\u00f1ados para ofrecer unos graves intensos y profundos que amplifican cada canci\u00f3n. Perfecto para quienes buscan una experiencia de sonido vibrante, donde cada nota grave se siente en el cuerpo. \u00a1Lleva tu m\u00fasica al l\u00edmite con el impresionante X-Bass<\/li>\n<li><strong>Dimensiones:<\/strong> 31 \u00d7 32.8 \u00d7 71 cm.<\/li>\n<li><strong>Tama\u00f1o de los parlantes:<\/strong> 8\u201d \u00d7 2 + 3\u201d \u00d7 1.<\/li>\n<li><strong>Potencia:<\/strong> 80W.<\/li>\n<li><strong>Voltaje:<\/strong> 12V.<\/li>\n<li><strong>Conectividad: <\/strong>USB, TF, FM, Bluetooth (BT), AUX.<\/li>\n<li><strong>Iluminaci\u00f3n LED integrada:<\/strong> para ambientar tus eventos.<\/li>\n<li><strong>Radio FM integrada:<\/strong>\u00a0Este parlante cuenta con radio FM para que no dejes de escuchar a tu emisora favorita.<\/li>\n<li><strong>Entradas adicionales: <\/strong>2 orificios para micr\u00f3fono y 1 orificio para guitarra.<\/li>\n<li><strong>Fuente de alimentaci\u00f3n: <\/strong>Compatible con corriente alterna (AC) de 110-240V.<\/li>\n<\/ul>\n<p><strong>Accesorios incluidos:<\/strong><\/p>\n<ul>\n<li>Parlante<\/li>\n<li>Micr\u00f3fono<\/li>\n<li>Control remoto<\/li>\n<li>Cable de alimentaci\u00f3n<\/li>\n<li>Manual de uso<\/li>\n<\/ul>\n<ol>\n<li style=\"list-style-type: none\"><\/li>\n<\/ol>\n","protected":false},"excerpt":{"rendered":"<p><strong>Condici\u00f3n del producto:\u00a0<\/strong>\u00a0Nuevo<\/p>\n<p><strong>Material:\u00a0<\/strong>\u00a0ABS<\/p>\n<p><strong>Marca:\u00a0<\/strong>Lidimi<\/p>\n<p><strong>Modelo:\u00a0<\/strong> LD-S908AC<\/p>\n<p><strong>Pa\u00eds de origen:\u00a0<\/strong>China<\/p>\n<p><strong>Potencia:<\/strong> 80W<\/p>\n<p><strong>Entrada de micr\u00f3fono:<\/strong>\u00a0Si<\/p>\n<p><strong>Entrada de guitarra:<\/strong>\u00a0 Si<\/p>\n","protected":false},"featured_media":1557,"comment_status":"open","ping_status":"closed","template":"","meta":{"advanced_seo_description":"","jetpack_seo_html_title":"","jetpack_seo_noindex":false},"product_brand":[97],"product_cat":[128,53],"product_tag":[],"class_list":{"0":"post-1556","1":"product","2":"type-product","3":"status-publish","4":"has-post-thumbnail","6":"product_brand-lidimi","7":"product_cat-parlantes-medianos","8":"product_cat-parlantes","9":"wzta-woo-product-list","10":"opn-qv-enable","11":"royal-shop-woo-hover-zoom","12":"royal-shop-single-product-tab-horizontal","13":"royal-shop-shadow-","14":"royal-shop-shadow-hover-","16":"first","17":"outofstock","18":"sale","19":"shipping-taxable","20":"purchasable","21":"product-type-simple"},"jetpack_sharing_enabled":true,"_links":{"self":[{"href":"https:\/\/multitiendaelectro.com\/index.php?rest_route=\/wp\/v2\/product\/1556","targetHints":{"allow":["GET"]}}],"collection":[{"href":"https:\/\/multitiendaelectro.com\/index.php?rest_route=\/wp\/v2\/product"}],"about":[{"href":"https:\/\/multitiendaelectro.com\/index.php?rest_route=\/wp\/v2\/types\/product"}],"replies":[{"embeddable":true,"href":"https:\/\/multitiendaelectro.com\/index.php?rest_route=%2Fwp%2Fv2%2Fcomments&post=1556"}],"wp:featuredmedia":[{"embeddable":true,"href":"https:\/\/multitiendaelectro.com\/index.php?rest_route=\/wp\/v2\/media\/1557"}],"wp:attachment":[{"href":"https:\/\/multitiendaelectro.com\/index.php?rest_route=%2Fwp%2Fv2%2Fmedia&parent=1556"}],"wp:term":[{"taxonomy":"product_brand","embeddable":true,"href":"https:\/\/multitiendaelectro.com\/index.php?rest_route=%2Fwp%2Fv2%2Fproduct_brand&post=1556"},{"taxonomy":"product_cat","embeddable":true,"href":"https:\/\/multitiendaelectro.com\/index.php?rest_route=%2Fwp%2Fv2%2Fproduct_cat&post=1556"},{"taxonomy":"product_tag","embeddable":true,"href":"https:\/\/multitiendaelectro.com\/index.php?rest_route=%2Fwp%2Fv2%2Fproduct_tag&post=1556"}],"curies":[{"name":"wp","href":"https:\/\/api.w.org\/{rel}","templated":true}]}}