{"id":1526,"date":"2024-12-17T17:04:17","date_gmt":"2024-12-17T22:04:17","guid":{"rendered":"https:\/\/multitiendaelectro.com\/?post_type=product&#038;p=1526"},"modified":"2025-12-26T15:12:34","modified_gmt":"2025-12-26T20:12:34","slug":"parlante-bluetooth-lidimi-con-microfono-y-excelente-calidad-de-sonido-lidimi-ld-s009ac","status":"publish","type":"product","link":"https:\/\/multitiendaelectro.com\/?product=parlante-bluetooth-lidimi-con-microfono-y-excelente-calidad-de-sonido-lidimi-ld-s009ac","title":{"rendered":"LD-S009AC Parlante Bluetooth Lidimi con Micr\u00f3fono y Excelente Calidad de Sonido 120W"},"content":{"rendered":"<div><b>DISFRUTA HASTA 8 HORAS DE REPRODUCCI\u00d3N SIN INTERRUPCI\u00d3N<\/b><\/div>\n<div>X-BASS: El X-BASS est\u00e1 dise\u00f1ado para llevarte al coraz\u00f3n del ritmo, ofreciendo una potencia de bajos que no solo se escucha, \u00a1sino que se siente! Act\u00edvalo y transforma cualquier canci\u00f3n en una experiencia vibrante, con graves profundos que llenan el espacio y hacen que cada golpe de ritmo cobre vida.<\/div>\n<div>\n<p>Bater\u00eda: 8000 mAh<\/p>\n<p>Radio FM integrada: Este parlante cuenta con radio FM para que no dejes de escuchar a tu emisora favorita.<\/p>\n<p>Luces RGB: Este parlante cuenta con diferentes colores de luces r\u00edtmicas<\/p>\n<p>Potencia: 120W<\/p>\n<p>Ecualizador: Convierte cada espacio en una experiencia sonora \u00fanica. Desde vibraciones poderosas que llenan la sala, hasta detalles cristalinos que te sumergen en cada canci\u00f3n o pel\u00edcula, el ecualizador te permite llevar el sonido m\u00e1s all\u00e1 de lo com\u00fan. \u00a1Haz que cada nota suene exactamente como a ti te gusta!<\/p>\n<p>Conectividad: Conecta tu m\u00fasica a este parlante desde bluetooth, USB, auxiliar, micr\u00f3fono y tarjeta memoria.<\/p>\n<p>Accesorios incluidos:<\/p>\n<ul>\n<li>1 Cargador<\/li>\n<li>1 Manual de uso<\/li>\n<li>1 Cable Auxiliar<\/li>\n<li>1 Micr\u00f3fono<\/li>\n<\/ul>\n<\/div>\n","protected":false},"excerpt":{"rendered":"<p><strong>Condici\u00f3n del producto:<\/strong>\u00a0 Nuevo<\/p>\n<p><strong>Material:<\/strong>\u00a0\u00a0ABS<\/p>\n<p><strong>Marca:<\/strong>\u00a0Lidimi<\/p>\n<p><strong>Modelo:\u00a0<\/strong> LD-S009<\/p>\n<p><strong>Pa\u00eds de origen:<\/strong>\u00a0China<\/p>\n<p><strong>Potencia:<\/strong> 120W<\/p>\n<p><strong>Resistente al agua:<\/strong>\u00a0Si<\/p>\n","protected":false},"featured_media":1529,"comment_status":"open","ping_status":"closed","template":"","meta":{"advanced_seo_description":"","jetpack_seo_html_title":"","jetpack_seo_noindex":false},"product_brand":[97],"product_cat":[53,54],"product_tag":[],"class_list":{"0":"post-1526","1":"product","2":"type-product","3":"status-publish","4":"has-post-thumbnail","6":"product_brand-lidimi","7":"product_cat-parlantes","8":"product_cat-mini-parlantes","9":"wzta-woo-product-list","10":"opn-qv-enable","11":"royal-shop-woo-hover-zoom","12":"royal-shop-single-product-tab-horizontal","13":"royal-shop-shadow-","14":"royal-shop-shadow-hover-","16":"first","17":"instock","18":"shipping-taxable","19":"purchasable","20":"product-type-simple"},"jetpack_sharing_enabled":true,"_links":{"self":[{"href":"https:\/\/multitiendaelectro.com\/index.php?rest_route=\/wp\/v2\/product\/1526","targetHints":{"allow":["GET"]}}],"collection":[{"href":"https:\/\/multitiendaelectro.com\/index.php?rest_route=\/wp\/v2\/product"}],"about":[{"href":"https:\/\/multitiendaelectro.com\/index.php?rest_route=\/wp\/v2\/types\/product"}],"replies":[{"embeddable":true,"href":"https:\/\/multitiendaelectro.com\/index.php?rest_route=%2Fwp%2Fv2%2Fcomments&post=1526"}],"wp:featuredmedia":[{"embeddable":true,"href":"https:\/\/multitiendaelectro.com\/index.php?rest_route=\/wp\/v2\/media\/1529"}],"wp:attachment":[{"href":"https:\/\/multitiendaelectro.com\/index.php?rest_route=%2Fwp%2Fv2%2Fmedia&parent=1526"}],"wp:term":[{"taxonomy":"product_brand","embeddable":true,"href":"https:\/\/multitiendaelectro.com\/index.php?rest_route=%2Fwp%2Fv2%2Fproduct_brand&post=1526"},{"taxonomy":"product_cat","embeddable":true,"href":"https:\/\/multitiendaelectro.com\/index.php?rest_route=%2Fwp%2Fv2%2Fproduct_cat&post=1526"},{"taxonomy":"product_tag","embeddable":true,"href":"https:\/\/multitiendaelectro.com\/index.php?rest_route=%2Fwp%2Fv2%2Fproduct_tag&post=1526"}],"curies":[{"name":"wp","href":"https:\/\/api.w.org\/{rel}","templated":true}]}}