{"id":1375,"date":"2024-11-11T16:57:18","date_gmt":"2024-11-11T21:57:18","guid":{"rendered":"https:\/\/multitiendaelectro.com\/?post_type=product&#038;p=1375"},"modified":"2026-01-06T10:57:31","modified_gmt":"2026-01-06T15:57:31","slug":"parlante-portatil-con-excelente-calidad-de-sonido-y-luces-rgb","status":"publish","type":"product","link":"https:\/\/multitiendaelectro.com\/?product=parlante-portatil-con-excelente-calidad-de-sonido-y-luces-rgb","title":{"rendered":"LD-S644 Parlante Port\u00e1til con excelente calidad de sonido y luces rgb Lidimi"},"content":{"rendered":"<h3>Excelente calidad de sonido:<\/h3>\n<p>El LIDIMI LD-S644 es un parlante port\u00e1til de alta potencia con un dise\u00f1o moderno y funcional. Incluye un micr\u00f3fono inal\u00e1mbrico y una entrada de carga tipo-C. Ideal para eventos, reuniones y actividades al aire libre, este parlante combina m\u00faltiples opciones de conectividad y una larga duraci\u00f3n de bater\u00eda en un tama\u00f1o compacto.<\/p>\n<h3><strong>Caracter\u00edsticas:\u00a0<\/strong><\/h3>\n<ul>\n<li><strong>X-BASS:<\/strong> Sum\u00e9rgete en un sonido profundo y envolvente con la tecnolog\u00eda X-Bass de nuestros parlantes. Disfruta de bajos potentes que vibran con cada nota, creando una experiencia auditiva impactante. Ideal para fiestas, reuniones o simplemente para disfrutar tu m\u00fasica favorita con la m\u00e1xima intensidad. \u00a1Siente la potencia del X-Bass y eleva tu sonido a otro nivel.<\/li>\n<li><strong>Micr\u00f3fono Inal\u00e1mbrico:<\/strong> Incluye un micr\u00f3fono con puerto de carga tipo-C.<\/li>\n<li><strong>Luces LED:<\/strong> Luces integradas que a\u00f1aden efectos visuales al ritmo de la m\u00fasica.<\/li>\n<li><strong>Portabilidad:<\/strong> Tiene una correa para facilitar su transporte y una base compatible con tr\u00edpode.<\/li>\n<li><strong>Tama\u00f1o port\u00e1til:<\/strong> 48 x 19 x 28 cm<\/li>\n<li><strong>Bater\u00eda:\u00a0<\/strong> 11.1V 24000mAh (8000 mAh x 3)<\/li>\n<li><strong>Entrada de carga:\u00a0<\/strong>USB tipo C<\/li>\n<li><strong>Potencia total combinada:<\/strong> 200W<\/li>\n<li><strong>Radio FM integrada:<\/strong> Este parlante cuenta con radio FM para que no dejes de escuchar a tu emisora favorita.<\/li>\n<li><strong>Conexi\u00f3n Bluetooth:<\/strong> Reproducci\u00f3n inal\u00e1mbrica desde cualquier tipo de dispositivo<\/li>\n<li><strong>Otras conexiones:<\/strong> USB, TF, EQ, AUX, LED<\/li>\n<\/ul>\n<h3><b>Accesorios incluidos:<\/b><\/h3>\n<div>\n<ul>\n<li>1 Cable de carga USB tipo C<\/li>\n<li>1 Cable auxiliar<\/li>\n<\/ul>\n<\/div>\n","protected":false},"excerpt":{"rendered":"<p><strong>Condici\u00f3n del producto:\u00a0<\/strong> Nuevo<\/p>\n<p><strong>Material: <\/strong>\u00a0ABS<\/p>\n<p><strong>Marca:\u00a0<\/strong>Lidimi<\/p>\n<p><strong>Modelo:\u00a0<\/strong> LD-S644<\/p>\n<p><strong>Pa\u00eds de origen: <\/strong>China<\/p>\n<p><strong>Potencia:<\/strong> 200W<\/p>\n<p><strong>Resistente al agua:\u00a0<\/strong>No<\/p>\n","protected":false},"featured_media":1376,"comment_status":"open","ping_status":"closed","template":"","meta":{"advanced_seo_description":"","jetpack_seo_html_title":"","jetpack_seo_noindex":false},"product_brand":[],"product_cat":[53],"product_tag":[],"class_list":{"0":"post-1375","1":"product","2":"type-product","3":"status-publish","4":"has-post-thumbnail","6":"product_cat-parlantes","7":"wzta-woo-product-list","8":"opn-qv-enable","9":"royal-shop-woo-hover-zoom","10":"royal-shop-single-product-tab-horizontal","11":"royal-shop-shadow-","12":"royal-shop-shadow-hover-","14":"first","15":"outofstock","16":"shipping-taxable","17":"purchasable","18":"product-type-simple"},"jetpack_sharing_enabled":true,"_links":{"self":[{"href":"https:\/\/multitiendaelectro.com\/index.php?rest_route=\/wp\/v2\/product\/1375","targetHints":{"allow":["GET"]}}],"collection":[{"href":"https:\/\/multitiendaelectro.com\/index.php?rest_route=\/wp\/v2\/product"}],"about":[{"href":"https:\/\/multitiendaelectro.com\/index.php?rest_route=\/wp\/v2\/types\/product"}],"replies":[{"embeddable":true,"href":"https:\/\/multitiendaelectro.com\/index.php?rest_route=%2Fwp%2Fv2%2Fcomments&post=1375"}],"wp:featuredmedia":[{"embeddable":true,"href":"https:\/\/multitiendaelectro.com\/index.php?rest_route=\/wp\/v2\/media\/1376"}],"wp:attachment":[{"href":"https:\/\/multitiendaelectro.com\/index.php?rest_route=%2Fwp%2Fv2%2Fmedia&parent=1375"}],"wp:term":[{"taxonomy":"product_brand","embeddable":true,"href":"https:\/\/multitiendaelectro.com\/index.php?rest_route=%2Fwp%2Fv2%2Fproduct_brand&post=1375"},{"taxonomy":"product_cat","embeddable":true,"href":"https:\/\/multitiendaelectro.com\/index.php?rest_route=%2Fwp%2Fv2%2Fproduct_cat&post=1375"},{"taxonomy":"product_tag","embeddable":true,"href":"https:\/\/multitiendaelectro.com\/index.php?rest_route=%2Fwp%2Fv2%2Fproduct_tag&post=1375"}],"curies":[{"name":"wp","href":"https:\/\/api.w.org\/{rel}","templated":true}]}}