{"id":1225,"date":"2024-11-05T15:29:45","date_gmt":"2024-11-05T20:29:45","guid":{"rendered":"https:\/\/multitiendaelectro.com\/?post_type=product&#038;p=1225"},"modified":"2026-01-16T17:51:03","modified_gmt":"2026-01-16T22:51:03","slug":"proyector-astronauta-de-luces-nebulosas-con-parlante-bluetooth-marca-cafini-cn-e7809","status":"publish","type":"product","link":"https:\/\/multitiendaelectro.com\/?product=proyector-astronauta-de-luces-nebulosas-con-parlante-bluetooth-marca-cafini-cn-e7809","title":{"rendered":"CN-E7809 Proyector Astronauta de luces nebulosas con parlante bluetooth marca Cafini"},"content":{"rendered":"<h3><strong>Proyector de Estrellas Astron\u00e1utico con Parlante Bluetooth:\u00a0<\/strong><\/h3>\n<ul>\n<li>Este producto es ideal para quienes desean un dispositivo vers\u00e1til que combine iluminaci\u00f3n decorativa y funcionalidad musical en un solo equipo. Su dise\u00f1o de astronauta lo hace especialmente atractivo para ni\u00f1os, pero su sofisticaci\u00f3n tambi\u00e9n cautiva a adultos, convirti\u00e9ndolo en una excelente adici\u00f3n a cualquier espacio. Ya sea para meditar, ambientar reuniones o simplemente crear un ambiente relajante, este proyector con parlante Bluetooth es una opci\u00f3n perfecta.<\/li>\n<\/ul>\n<h3>Caracter\u00edsticas:<\/h3>\n<ul>\n<li><strong>Dise\u00f1o \u00danico y Moderno:<\/strong> Este proyector tiene una apariencia de astronauta que no solo es est\u00e9tica, sino que tambi\u00e9n aporta un toque futurista y divertido a cualquier espacio, ideal para habitaciones infantiles, oficinas o \u00e1reas de descanso.<\/li>\n<li><strong>Control Remoto Incluido:<\/strong> Con el control remoto puedes manejar los efectos de luz, la intensidad, y seleccionar diferentes modos sin necesidad de acercarte al dispositivo, brindando comodidad total en su uso.<\/li>\n<li><strong>Bater\u00eda de Larga Duraci\u00f3n:<\/strong> Equipado con una bater\u00eda de 3.7V y capacidad de 800 mAh, el CN-S7809 asegura varias horas de reproducci\u00f3n continua, permiti\u00e9ndote disfrutar de tus canciones favoritas sin interrupciones.<\/li>\n<li><strong>Parlante Bluetooth Integrado:<\/strong> Este proyector cuenta con un sistema de altavoces Bluetooth, lo que permite reproducir m\u00fasica, sonidos relajantes o cualquier audio desde tu tel\u00e9fono u otro dispositivo compatible. Combina luz y sonido para una experiencia envolvente.<\/li>\n<li><strong>Modos de Iluminaci\u00f3n y Sonido Personalizables:<\/strong> Posee botones de control para ajustar\u00a0 el tipo de luz y el sonido, adapt\u00e1ndose a diferentes preferencias y necesidades de ambientaci\u00f3n.<\/li>\n<li><strong>Alimentaci\u00f3n USB tipo C:\u00a0<\/strong>Este parlante no cuenta con\u00a0 bater\u00eda por lo cual debe ser usado siempre conectado a corriente.<\/li>\n<li><strong>Materiales de Alta Calidad:<\/strong> Fabricado con materiales duraderos y seguros, este proyector astron\u00e1utico est\u00e1 dise\u00f1ado para un uso prolongado, ofreciendo no solo funcionalidad, sino tambi\u00e9n resistencia y estabilidad.<\/li>\n<\/ul>\n<h3><strong>Accesorios Incluidos:\u00a0<\/strong><\/h3>\n<ul>\n<li>1 Parlante<\/li>\n<li>1 Cable de carga USB<\/li>\n<\/ul>\n","protected":false},"excerpt":{"rendered":"<p><strong>Condici\u00f3n del producto:\u00a0<\/strong>Nuevo<\/p>\n<p><strong>Material:\u00a0<\/strong>ABS<\/p>\n<p><strong>Marca:\u00a0<\/strong>Cafini<\/p>\n<p><strong>Modelo:\u00a0<\/strong>CN-E7809<\/p>\n<p><strong>Pa\u00eds de origen:\u00a0<\/strong>China<\/p>\n<p><strong>Potencia:\u00a0<\/strong>5W<\/p>\n<p><strong>Resistente al agua:\u00a0<\/strong>No<\/p>\n","protected":false},"featured_media":3377,"comment_status":"closed","ping_status":"closed","template":"","meta":{"advanced_seo_description":"","jetpack_seo_html_title":"","jetpack_seo_noindex":false},"product_brand":[98],"product_cat":[53,54],"product_tag":[],"class_list":{"0":"post-1225","1":"product","2":"type-product","3":"status-publish","4":"has-post-thumbnail","6":"product_brand-cafini","7":"product_cat-parlantes","8":"product_cat-mini-parlantes","9":"wzta-woo-product-list","10":"opn-qv-enable","11":"royal-shop-woo-hover-zoom","12":"royal-shop-single-product-tab-horizontal","13":"royal-shop-shadow-","14":"royal-shop-shadow-hover-","16":"first","17":"outofstock","18":"sale","19":"shipping-taxable","20":"purchasable","21":"product-type-simple"},"jetpack_sharing_enabled":true,"_links":{"self":[{"href":"https:\/\/multitiendaelectro.com\/index.php?rest_route=\/wp\/v2\/product\/1225","targetHints":{"allow":["GET"]}}],"collection":[{"href":"https:\/\/multitiendaelectro.com\/index.php?rest_route=\/wp\/v2\/product"}],"about":[{"href":"https:\/\/multitiendaelectro.com\/index.php?rest_route=\/wp\/v2\/types\/product"}],"replies":[{"embeddable":true,"href":"https:\/\/multitiendaelectro.com\/index.php?rest_route=%2Fwp%2Fv2%2Fcomments&post=1225"}],"wp:featuredmedia":[{"embeddable":true,"href":"https:\/\/multitiendaelectro.com\/index.php?rest_route=\/wp\/v2\/media\/3377"}],"wp:attachment":[{"href":"https:\/\/multitiendaelectro.com\/index.php?rest_route=%2Fwp%2Fv2%2Fmedia&parent=1225"}],"wp:term":[{"taxonomy":"product_brand","embeddable":true,"href":"https:\/\/multitiendaelectro.com\/index.php?rest_route=%2Fwp%2Fv2%2Fproduct_brand&post=1225"},{"taxonomy":"product_cat","embeddable":true,"href":"https:\/\/multitiendaelectro.com\/index.php?rest_route=%2Fwp%2Fv2%2Fproduct_cat&post=1225"},{"taxonomy":"product_tag","embeddable":true,"href":"https:\/\/multitiendaelectro.com\/index.php?rest_route=%2Fwp%2Fv2%2Fproduct_tag&post=1225"}],"curies":[{"name":"wp","href":"https:\/\/api.w.org\/{rel}","templated":true}]}}