{"id":1199,"date":"2024-11-05T10:00:26","date_gmt":"2024-11-05T15:00:26","guid":{"rendered":"https:\/\/multitiendaelectro.com\/?post_type=product&#038;p=1199"},"modified":"2025-07-31T12:50:36","modified_gmt":"2025-07-31T17:50:36","slug":"1199","status":"publish","type":"product","link":"https:\/\/multitiendaelectro.com\/?product=1199","title":{"rendered":"CN-E7824 Proyector Astronauta de luces nebulosas con parlante bluetooth marca Cafini"},"content":{"rendered":"<h3><strong>Proyector de Estrellas Astron\u00e1utico con Parlante Bluetooth:\u00a0<\/strong><\/h3>\n<ul>\n<li>Este producto es ideal para quienes desean un dispositivo vers\u00e1til que combine iluminaci\u00f3n decorativa y funcionalidad musical en un solo equipo. Su dise\u00f1o de astronauta lo hace especialmente atractivo para ni\u00f1os, pero su sofisticaci\u00f3n tambi\u00e9n cautiva a adultos, convirti\u00e9ndolo en una excelente adici\u00f3n a cualquier espacio. Ya sea para meditar, ambientar reuniones o simplemente crear un ambiente relajante, este proyector con parlante Bluetooth es una opci\u00f3n perfecta.<\/li>\n<\/ul>\n<h3>Caracter\u00edsticas:<\/h3>\n<ul>\n<li><strong>Dise\u00f1o \u00danico y Moderno:<\/strong> Este proyector tiene una apariencia de astronauta que no solo es est\u00e9tica, sino que tambi\u00e9n aporta un toque futurista y divertido a cualquier espacio, ideal para habitaciones infantiles, oficinas o \u00e1reas de descanso.<\/li>\n<li><strong>Proyecci\u00f3n de Estrellas y Nebulosas:<\/strong> Con efectos de luz de estrellas y nebulosas, crea un ambiente relajante y atractivo. Es perfecto para quienes buscan ambientar sus espacios de manera creativa, transformando cualquier habitaci\u00f3n en un planetario personal.<\/li>\n<li><strong>Control Remoto Incluido:<\/strong> Con el control remoto puedes manejar los efectos de luz, la intensidad, y seleccionar diferentes modos sin necesidad de acercarte al dispositivo, brindando comodidad total en su uso.<\/li>\n<li><strong>Parlante Bluetooth Integrado:<\/strong> Este proyector cuenta con un sistema de altavoces Bluetooth, lo que permite reproducir m\u00fasica, sonidos relajantes o cualquier audio desde tu tel\u00e9fono u otro dispositivo compatible. Combina luz y sonido para una experiencia envolvente.<\/li>\n<li><strong>Modos de Iluminaci\u00f3n y Sonido Personalizables:<\/strong> Posee botones de control para ajustar el modo de proyecci\u00f3n, el tipo de luz y el sonido, adapt\u00e1ndose a diferentes preferencias y necesidades de ambientaci\u00f3n.<\/li>\n<li><strong>15 ruido blanco incorporado y velocidad ajustable: <\/strong>Gracias a este astronauta podr\u00e1s reproducir diferente colores y efectos de luces y cambiarlas a la velocidad que mejor te parezca.<\/li>\n<li><strong>Alimentaci\u00f3n USB tipo C:\u00a0<\/strong>Este parlante no cuenta con\u00a0 bater\u00eda por lo cual debe ser usado siempre conectado a corriente.<\/li>\n<li><strong>Materiales de Alta Calidad:<\/strong> Fabricado con materiales duraderos y seguros, este proyector astron\u00e1utico est\u00e1 dise\u00f1ado para un uso prolongado, ofreciendo no solo funcionalidad, sino tambi\u00e9n resistencia y estabilidad.<\/li>\n<\/ul>\n<h3><strong>Accesorios Incluidos:\u00a0<\/strong><\/h3>\n<ul>\n<li>1 Parlante<\/li>\n<li>1 Control remoto<\/li>\n<li>1 Cable de carga USB<\/li>\n<li>1 Manual de uso<\/li>\n<\/ul>\n","protected":false},"excerpt":{"rendered":"<p><strong>Condici\u00f3n del producto:\u00a0<\/strong>Nuevo<\/p>\n<p><strong>Material:\u00a0<\/strong>ABS<\/p>\n<p><strong>Marca:\u00a0<\/strong>Cafini<\/p>\n<p><strong>Modelo:\u00a0<\/strong>CN-E7824<\/p>\n<p><strong>Pa\u00eds de origen:\u00a0<\/strong>China<\/p>\n<p><strong>Potencia:\u00a0<\/strong>5W<\/p>\n<p><strong>Resistente al agua:\u00a0<\/strong>No<\/p>\n","protected":false},"featured_media":3389,"comment_status":"closed","ping_status":"closed","template":"","meta":{"advanced_seo_description":"","jetpack_seo_html_title":"","jetpack_seo_noindex":false},"product_brand":[],"product_cat":[67],"product_tag":[],"class_list":{"0":"post-1199","1":"product","2":"type-product","3":"status-publish","4":"has-post-thumbnail","6":"product_cat-proyector-astronauta","7":"wzta-woo-product-list","8":"opn-qv-enable","9":"royal-shop-woo-hover-zoom","10":"royal-shop-single-product-tab-horizontal","11":"royal-shop-shadow-","12":"royal-shop-shadow-hover-","14":"first","15":"instock","16":"sale","17":"shipping-taxable","18":"purchasable","19":"product-type-simple"},"jetpack_sharing_enabled":true,"_links":{"self":[{"href":"https:\/\/multitiendaelectro.com\/index.php?rest_route=\/wp\/v2\/product\/1199","targetHints":{"allow":["GET"]}}],"collection":[{"href":"https:\/\/multitiendaelectro.com\/index.php?rest_route=\/wp\/v2\/product"}],"about":[{"href":"https:\/\/multitiendaelectro.com\/index.php?rest_route=\/wp\/v2\/types\/product"}],"replies":[{"embeddable":true,"href":"https:\/\/multitiendaelectro.com\/index.php?rest_route=%2Fwp%2Fv2%2Fcomments&post=1199"}],"wp:featuredmedia":[{"embeddable":true,"href":"https:\/\/multitiendaelectro.com\/index.php?rest_route=\/wp\/v2\/media\/3389"}],"wp:attachment":[{"href":"https:\/\/multitiendaelectro.com\/index.php?rest_route=%2Fwp%2Fv2%2Fmedia&parent=1199"}],"wp:term":[{"taxonomy":"product_brand","embeddable":true,"href":"https:\/\/multitiendaelectro.com\/index.php?rest_route=%2Fwp%2Fv2%2Fproduct_brand&post=1199"},{"taxonomy":"product_cat","embeddable":true,"href":"https:\/\/multitiendaelectro.com\/index.php?rest_route=%2Fwp%2Fv2%2Fproduct_cat&post=1199"},{"taxonomy":"product_tag","embeddable":true,"href":"https:\/\/multitiendaelectro.com\/index.php?rest_route=%2Fwp%2Fv2%2Fproduct_tag&post=1199"}],"curies":[{"name":"wp","href":"https:\/\/api.w.org\/{rel}","templated":true}]}}