{"id":1038,"date":"2024-10-30T11:44:09","date_gmt":"2024-10-30T16:44:09","guid":{"rendered":"https:\/\/multitiendaelectro.com\/?post_type=product&#038;p=1038"},"modified":"2025-03-15T17:46:29","modified_gmt":"2025-03-15T22:46:29","slug":"linterna-de-largo-alcance-2000-metros-con-cintas-reflectivas-lidimi-ld-l671a","status":"publish","type":"product","link":"https:\/\/multitiendaelectro.com\/?product=linterna-de-largo-alcance-2000-metros-con-cintas-reflectivas-lidimi-ld-l671a","title":{"rendered":"LD-L671A Linterna de largo alcance 2000 metros con cintas reflectivas LIDIMI"},"content":{"rendered":"<h3><em><strong>La linterna perfecta para todos los amantes de actividades y aventuras al aire libre como:<\/strong><\/em><\/h3>\n<ul>\n<li><em>Pesca<\/em><\/li>\n<li><em>Campamento<\/em><\/li>\n<li><em>Caser\u00eda<\/em><\/li>\n<li><em>Construcci\u00f3n<\/em><\/li>\n<li><em>Vigilancia<\/em><\/li>\n<li><em>Viajes<\/em><\/li>\n<li>Rescates<\/li>\n<li><em>Exploraciones<\/em><\/li>\n<li><em>Caminatas<\/em><\/li>\n<li><em>Otras m\u00e1s.<\/em><\/li>\n<\/ul>\n<div><\/div>\n<h3><strong>Caracter\u00edsticas:\u00a0\u00a0<\/strong><\/h3>\n<div>\n<ul>\n<li>Luz brillante con 2000 metros de visualizaci\u00f3n<\/li>\n<li>Luz blanca l\u00e1ser potente de 10W<\/li>\n<li>Tama\u00f1o perfecto para llevarlo en bolsillo a todos lados<\/li>\n<li>800 l\u00famenes para iluminar grandes \u00e1reas a distancias largas<\/li>\n<li>3 modos de luz (fuerte, media y baja)<\/li>\n<li>Im\u00e1n en la parte inferior de la linterna<\/li>\n<li>Salida de carga USB para celulares (sirve para cargar dispositivos m\u00f3viles)<\/li>\n<li>Cintas reflectivas que brillan en la oscuridad y as\u00ed poder tener una mejor visibilidad<\/li>\n<li>Impermeable y resistente al polvo<\/li>\n<li>Bater\u00eda incorporada de larga duraci\u00f3n con 3500 mAh recargable v\u00eda cable USB<\/li>\n<li>Bater\u00eda desmontable de litio 21700<\/li>\n<\/ul>\n<h3><strong>Especificaciones:\u00a0<\/strong><\/h3>\n<ul>\n<li>Material: aleaci\u00f3n de aluminio con una resistencia aproximada de 90 MPa y liviana<\/li>\n<li>Duraci\u00f3n de bater\u00eda: 6 horas de uso continuo<\/li>\n<li>Luz indicador de carga y consumo de bater\u00eda<\/li>\n<li>Luz blanca laser<\/li>\n<\/ul>\n<h3><strong>Accesorios incluidos:<\/strong><\/h3>\n<ul>\n<li>1 linterna peque\u00f1a<\/li>\n<li>1 Bater\u00eda Lidimi de litio 21700<\/li>\n<li>1 Cable de carga r\u00e1pida USB tipo C<\/li>\n<\/ul>\n<\/div>\n","protected":false},"excerpt":{"rendered":"<p><strong>Condici\u00f3n del producto:\u00a0<\/strong> Nuevo<\/p>\n<p><strong>Material: <\/strong>\u00a0Aleaci\u00f3n de aluminio<\/p>\n<p><strong>Marca: <\/strong>Lidimi<\/p>\n<p><strong>Modelo:\u00a0<\/strong> LD-L671A<\/p>\n<p><strong>Pa\u00eds de origen: <\/strong>China<\/p>\n<p><strong>Potencia:<\/strong> 10W<\/p>\n<p><strong>Resistente al agua:\u00a0<\/strong>Si<\/p>\n<p><strong>Duraci\u00f3n de bater\u00eda:<\/strong> 6 horas de uso continuo<\/p>\n","protected":false},"featured_media":1097,"comment_status":"closed","ping_status":"closed","template":"","meta":{"advanced_seo_description":"","jetpack_seo_html_title":"","jetpack_seo_noindex":false},"product_brand":[],"product_cat":[48,51],"product_tag":[],"class_list":{"0":"post-1038","1":"product","2":"type-product","3":"status-publish","4":"has-post-thumbnail","6":"product_cat-linternas","7":"product_cat-linterna-alta-potencia","8":"wzta-woo-product-list","9":"opn-qv-enable","10":"royal-shop-woo-hover-zoom","11":"royal-shop-single-product-tab-horizontal","12":"royal-shop-shadow-","13":"royal-shop-shadow-hover-","15":"first","16":"instock","17":"sale","18":"shipping-taxable","19":"purchasable","20":"product-type-simple"},"jetpack_sharing_enabled":true,"_links":{"self":[{"href":"https:\/\/multitiendaelectro.com\/index.php?rest_route=\/wp\/v2\/product\/1038","targetHints":{"allow":["GET"]}}],"collection":[{"href":"https:\/\/multitiendaelectro.com\/index.php?rest_route=\/wp\/v2\/product"}],"about":[{"href":"https:\/\/multitiendaelectro.com\/index.php?rest_route=\/wp\/v2\/types\/product"}],"replies":[{"embeddable":true,"href":"https:\/\/multitiendaelectro.com\/index.php?rest_route=%2Fwp%2Fv2%2Fcomments&post=1038"}],"wp:featuredmedia":[{"embeddable":true,"href":"https:\/\/multitiendaelectro.com\/index.php?rest_route=\/wp\/v2\/media\/1097"}],"wp:attachment":[{"href":"https:\/\/multitiendaelectro.com\/index.php?rest_route=%2Fwp%2Fv2%2Fmedia&parent=1038"}],"wp:term":[{"taxonomy":"product_brand","embeddable":true,"href":"https:\/\/multitiendaelectro.com\/index.php?rest_route=%2Fwp%2Fv2%2Fproduct_brand&post=1038"},{"taxonomy":"product_cat","embeddable":true,"href":"https:\/\/multitiendaelectro.com\/index.php?rest_route=%2Fwp%2Fv2%2Fproduct_cat&post=1038"},{"taxonomy":"product_tag","embeddable":true,"href":"https:\/\/multitiendaelectro.com\/index.php?rest_route=%2Fwp%2Fv2%2Fproduct_tag&post=1038"}],"curies":[{"name":"wp","href":"https:\/\/api.w.org\/{rel}","templated":true}]}}