{"id":1018,"date":"2024-10-31T12:03:02","date_gmt":"2024-10-31T17:03:02","guid":{"rendered":"https:\/\/multitiendaelectro.com\/?post_type=product&#038;p=1018"},"modified":"2026-03-31T14:03:33","modified_gmt":"2026-03-31T19:03:33","slug":"linterna-de-largo-alcance-3000-metros-de-distancia-led-lidimi-ld-l406a","status":"publish","type":"product","link":"https:\/\/multitiendaelectro.com\/?product=linterna-de-largo-alcance-3000-metros-de-distancia-led-lidimi-ld-l406a","title":{"rendered":"LD-L406A Linterna de largo alcance 3000 metros de distancia LED LIDIMI"},"content":{"rendered":"<h3><em><strong>La linterna perfecta para todos los amantes de actividades y aventuras al aire libre como:<\/strong><\/em><\/h3>\n<ul>\n<li><em>Pesca<\/em><\/li>\n<li><em>Campamento<\/em><\/li>\n<li><em>Caser\u00eda<\/em><\/li>\n<li><em>Construcci\u00f3n<\/em><\/li>\n<li><em>Vigilancia<\/em><\/li>\n<li>Rescates<\/li>\n<li><em>Viajes<\/em><\/li>\n<li><em>Exploraciones <\/em><\/li>\n<li><em>Otras m\u00e1s.<\/em><\/li>\n<\/ul>\n<h3><strong>Caracter\u00edsticas:\u00a0\u00a0<\/strong><\/h3>\n<div>\n<ul>\n<li>Luz fuerte super brillante con 3000 metros de visualizaci\u00f3n<\/li>\n<li>Luz blanca l\u00e1ser potente de 60W<\/li>\n<li>5800 l\u00famenes para iluminar grandes \u00e1reas a distancias largas<\/li>\n<li>Zoom con regulaci\u00f3n manual para cortos y largas distancia para obtener mejor enfoque<\/li>\n<li>Enfoque retr\u00e1ctil<\/li>\n<li>Punto fijo y telesc\u00f3pico<\/li>\n<li>5 modos de luz (fuerte, media, baja, estrobosc\u00f3pica y SOS)<\/li>\n<li>Super brillante gracias a sus 5800 l\u00famenes que se pueden visualizar a mas de 3 Km<\/li>\n<li>Salida de carga USB para celulares (sirve para cargar dispositivos m\u00f3viles)<\/li>\n<li>Cintas reflectivas que brillan en la oscuridad y as\u00ed poder tener una mejor visibilidad<\/li>\n<li>Impermeable y resistente al polvo<\/li>\n<li>Bater\u00eda incorporada de larga duraci\u00f3n con 7000mAh recargable v\u00eda cable USB<\/li>\n<li>Bater\u00eda desmontable de litio 32850<\/li>\n<\/ul>\n<h3><strong>Especificaciones:\u00a0<\/strong><\/h3>\n<ul>\n<li>Material: aleaci\u00f3n de aluminio con una resistencia aproximada de 90 MPa y liviana<\/li>\n<li>Duraci\u00f3n de bater\u00eda: 6 horas de uso continuo<\/li>\n<li>Pantalla digital: muestra el nivel de carga y porcentaje de bater\u00eda<\/li>\n<li>Luz blanca laser<\/li>\n<\/ul>\n<h3><strong>Accesorios incluidos:<\/strong><\/h3>\n<ul>\n<li>1 linterna LED de alta potencia<\/li>\n<li>1 Bater\u00eda LIDIMI de litio 32850<\/li>\n<li>1 Cable de carga r\u00e1pida USB tipo C<\/li>\n<\/ul>\n<\/div>\n","protected":false},"excerpt":{"rendered":"<p><strong>Condici\u00f3n del producto:\u00a0<\/strong> Nuevo<\/p>\n<p><strong>Material: <\/strong>\u00a0Aleaci\u00f3n de aluminio<\/p>\n<p><strong>Marca:\u00a0<\/strong>Lidimi<\/p>\n<p><strong>Modelo:\u00a0<\/strong> LD-L406A<\/p>\n<p><strong>Pa\u00eds de origen: <\/strong>China<\/p>\n<p><strong>Potencia:<\/strong> 60W<\/p>\n<p><strong>Resistente al agua:\u00a0<\/strong>Si<\/p>\n<p><strong>Duraci\u00f3n de bater\u00eda:<\/strong> 6 horas<\/p>\n","protected":false},"featured_media":1051,"comment_status":"closed","ping_status":"closed","template":"","meta":{"advanced_seo_description":"","jetpack_seo_html_title":"","jetpack_seo_noindex":false},"product_brand":[],"product_cat":[48,51],"product_tag":[],"class_list":{"0":"post-1018","1":"product","2":"type-product","3":"status-publish","4":"has-post-thumbnail","6":"product_cat-linternas","7":"product_cat-linterna-alta-potencia","8":"wzta-woo-product-list","9":"opn-qv-enable","10":"royal-shop-woo-hover-zoom","11":"royal-shop-single-product-tab-horizontal","12":"royal-shop-shadow-","13":"royal-shop-shadow-hover-","15":"first","16":"instock","17":"sale","18":"shipping-taxable","19":"purchasable","20":"product-type-simple"},"jetpack_sharing_enabled":true,"_links":{"self":[{"href":"https:\/\/multitiendaelectro.com\/index.php?rest_route=\/wp\/v2\/product\/1018","targetHints":{"allow":["GET"]}}],"collection":[{"href":"https:\/\/multitiendaelectro.com\/index.php?rest_route=\/wp\/v2\/product"}],"about":[{"href":"https:\/\/multitiendaelectro.com\/index.php?rest_route=\/wp\/v2\/types\/product"}],"replies":[{"embeddable":true,"href":"https:\/\/multitiendaelectro.com\/index.php?rest_route=%2Fwp%2Fv2%2Fcomments&post=1018"}],"wp:featuredmedia":[{"embeddable":true,"href":"https:\/\/multitiendaelectro.com\/index.php?rest_route=\/wp\/v2\/media\/1051"}],"wp:attachment":[{"href":"https:\/\/multitiendaelectro.com\/index.php?rest_route=%2Fwp%2Fv2%2Fmedia&parent=1018"}],"wp:term":[{"taxonomy":"product_brand","embeddable":true,"href":"https:\/\/multitiendaelectro.com\/index.php?rest_route=%2Fwp%2Fv2%2Fproduct_brand&post=1018"},{"taxonomy":"product_cat","embeddable":true,"href":"https:\/\/multitiendaelectro.com\/index.php?rest_route=%2Fwp%2Fv2%2Fproduct_cat&post=1018"},{"taxonomy":"product_tag","embeddable":true,"href":"https:\/\/multitiendaelectro.com\/index.php?rest_route=%2Fwp%2Fv2%2Fproduct_tag&post=1018"}],"curies":[{"name":"wp","href":"https:\/\/api.w.org\/{rel}","templated":true}]}}