{"id":400,"date":"2024-09-27T21:55:20","date_gmt":"2024-09-28T01:55:20","guid":{"rendered":"https:\/\/multitiendaelectro.com\/?page_id=400"},"modified":"2025-06-30T11:03:48","modified_gmt":"2025-06-30T16:03:48","slug":"nosotros","status":"publish","type":"page","link":"https:\/\/multitiendaelectro.com\/?page_id=400","title":{"rendered":"Nosotros"},"content":{"rendered":"\n<p><\/p>\n\n\n\n<p>En Multitienda Electro, nos enorgullece ofrecer una amplia gama de productos electr\u00f3nicos de alta calidad, dise\u00f1ados para satisfacer las necesidades de nuestros clientes m\u00e1s exigentes. Desde el primer d\u00eda, nuestro compromiso ha sido brindar un servicio excepcional y una experiencia de compra inigualable.<\/p>\n\n\n\n<p>Nuestro Compromiso con los Clientes<\/p>\n\n\n\n<p>En Multitienda Electro, ponemos a nuestros clientes en el centro de todo lo que hacemos. Nos esforzamos por ofrecer un servicio personalizado y atento, asegur\u00e1ndonos de que cada interacci\u00f3n sea positiva y satisfactoria. Nuestro equipo de expertos est\u00e1 siempre disponible para asesorarte y ayudarte a encontrar el producto perfecto que se adapte a tus necesidades.<\/p>\n\n\n\n<p>Calidad del Servicio<\/p>\n\n\n\n<p>La calidad es nuestra prioridad. Trabajamos con los mejores fabricantes y proveedores para garantizar que todos nuestros productos cumplan con los m\u00e1s altos est\u00e1ndares de calidad y rendimiento. Adem\u00e1s, implementamos rigurosos controles de calidad en cada etapa del proceso, desde la selecci\u00f3n de productos hasta la entrega final.<\/p>\n\n\n\n<p>Innovaci\u00f3n y Tecnolog\u00eda<\/p>\n\n\n\n<p>En Multitienda Electro, estamos comprometidos con la innovaci\u00f3n y la tecnolog\u00eda. Nos mantenemos al d\u00eda con las \u00faltimas tendencias y avances tecnol\u00f3gicos para ofrecerte lo mejor del mercado. Creemos que la tecnolog\u00eda debe ser accesible para todos, y nos esforzamos por ofrecer productos que mejoren tu vida diaria.<\/p>\n\n\n\n<p>Satisfacci\u00f3n Garantizada<\/p>\n\n\n\n<p>Tu satisfacci\u00f3n es nuestra mayor recompensa. Si por alguna raz\u00f3n no est\u00e1s completamente satisfecho con tu compra, nuestro equipo de atenci\u00f3n al cliente estar\u00e1 encantado de ayudarte a resolver cualquier problema. En Multitienda Electro, tu felicidad es nuestra prioridad.<\/p>\n\n\n<div class=\"leadform-show-form-1 leadform-show-form  lf-form-default \"><div class=\"lead-head\"><\/div>\n               <form action=\"\" method=\"post\" class=\"lead-form-front\" id=\"form_1\" enctype=\"multipart\/form-data\">\n                <h2 class=\"lfb-heading\">Contactanos<\/h2><div class=\"name-type lf-field\"><label>Nombre<\/label>\n        <span><input id=\"name_1\" type=\"text\" name=\"name_1\" class=\"lf-form-name\" value=\"Name\" required placeholder=\"\" \/>\n        <\/span><\/div><div class=\"text-type lf-field\"><label>Correo electronico<\/label>\n        <span><input id=\"email_2\" type=\"email\" class=\"lf-form-text \" name=\"email_2\" required value=\"Email\" placeholder=\"\" \/>\n        <\/span><\/div><div class=\"text-type lf-field\"><label>Numero de contacto<\/label>\n        <span><input id=\"number_3\" type=\"number\" class=\"lf-form-text \" name=\"number_3\" required value=\"Contact number\" placeholder=\"\" \/>\n        <\/span><\/div><div class=\"textarea-type lf-field\"><label>Mensaje<\/label>\n            <span><textarea id=\"message_4\" name=\"message_4\" class=\"lf-form-textarea\" value=\"Message\" placeholder=\"\" required><\/textarea>\n            <\/span><\/div><div class=\"lf-form-panel\"><div id'fileUploadSave'><\/div><div class=\"submit-type lf-field\"><label><input id=\"0\" class=\"lf-form-submit\" type=\"submit\" name=\"submit\" value=\"Enviar\"\/>\n                <\/label><\/div><\/div>\n                <div class=\"captcha-field-area\" id=\"captcha-field-area\"><\/div>\n                <input type=\"hidden\" class=\"hidden_field\" name=\"hidden_field\" value=\"1\"\/>\n                <input type=\"hidden\" class=\"this_form_captcha_status\" value=\"disable\"\/>\n                <div class=\"leadform-show-loading front-loading leadform-show-message-form-1\" >\n                <\/div>\n                <div class=\"lf-loading\">\n                    <div class=\"spinner\" id=\"loading_image\" style=\"display: none;\">\n                        <div class=\"bounce1\"><\/div>\n                        <div class=\"bounce2\"><\/div>\n                        <div class=\"bounce3\"><\/div>\n                    <\/div>\n                <\/div>\n                <\/form><p style=\"display:none\" id=\"successmsg_1\" redirect=\"\" class=\"successmsg_1 successmsg\">Thank you for submitting form..!<a href=\"#lfb-submit\"><\/a><\/p><\/div>\n","protected":false},"excerpt":{"rendered":"<p>En Multitienda Electro, nos enorgullece ofrecer una amplia gama de productos electr\u00f3nicos de alta calidad, dise\u00f1ados para satisfacer las necesidades de nuestros clientes m\u00e1s exigentes. Desde el primer d\u00eda, nuestro compromiso ha sido brindar un servicio excepcional y una experiencia de compra inigualable. Nuestro Compromiso con los Clientes En Multitienda Electro, ponemos a nuestros clientes &hellip;<\/p>\n<p class=\"read-more\"> <a class=\" wzta-readmore button \" href=\"https:\/\/multitiendaelectro.com\/?page_id=400\"> <span class=\"screen-reader-text\">Nosotros<\/span>Ver m\u00e1s<\/a><\/p>\n","protected":false},"author":1,"featured_media":0,"parent":0,"menu_order":0,"comment_status":"closed","ping_status":"closed","template":"","meta":{"advanced_seo_description":"","jetpack_seo_html_title":"","jetpack_seo_noindex":false,"footnotes":""},"class_list":["post-400","page","type-page","status-publish","hentry","wzta-woo-product-list","opn-qv-enable","royal-shop-woo-hover-zoom","royal-shop-single-product-tab-horizontal","royal-shop-shadow-","royal-shop-shadow-hover-"],"jetpack_sharing_enabled":true,"_links":{"self":[{"href":"https:\/\/multitiendaelectro.com\/index.php?rest_route=\/wp\/v2\/pages\/400","targetHints":{"allow":["GET"]}}],"collection":[{"href":"https:\/\/multitiendaelectro.com\/index.php?rest_route=\/wp\/v2\/pages"}],"about":[{"href":"https:\/\/multitiendaelectro.com\/index.php?rest_route=\/wp\/v2\/types\/page"}],"author":[{"embeddable":true,"href":"https:\/\/multitiendaelectro.com\/index.php?rest_route=\/wp\/v2\/users\/1"}],"replies":[{"embeddable":true,"href":"https:\/\/multitiendaelectro.com\/index.php?rest_route=%2Fwp%2Fv2%2Fcomments&post=400"}],"version-history":[{"count":2,"href":"https:\/\/multitiendaelectro.com\/index.php?rest_route=\/wp\/v2\/pages\/400\/revisions"}],"predecessor-version":[{"id":2753,"href":"https:\/\/multitiendaelectro.com\/index.php?rest_route=\/wp\/v2\/pages\/400\/revisions\/2753"}],"wp:attachment":[{"href":"https:\/\/multitiendaelectro.com\/index.php?rest_route=%2Fwp%2Fv2%2Fmedia&parent=400"}],"curies":[{"name":"wp","href":"https:\/\/api.w.org\/{rel}","templated":true}]}}