{"id":394,"date":"2024-09-25T18:12:40","date_gmt":"2024-09-25T22:12:40","guid":{"rendered":"https:\/\/multitiendaelectro.com\/?page_id=394"},"modified":"2024-10-07T17:40:54","modified_gmt":"2024-10-07T21:40:54","slug":"politicas-de-cambios-y-devoluciones-multitienda","status":"publish","type":"page","link":"https:\/\/multitiendaelectro.com\/?page_id=394","title":{"rendered":"Pol\u00edticas de cambios y devouciones"},"content":{"rendered":"\n<div class=\"wp-block-group is-layout-constrained wp-block-group-is-layout-constrained\">\n<p>1.- Para cualquier cambio o devoluci\u00f3n de mercader\u00eda, el cliente deber\u00e1 presentar obligatoriamente el comprobante de pago <strong>art\u00edculo 1\u00b0 del Reglamento de Comprobantes de Pago.<\/strong> Se sugiere brindar su correo electr\u00f3nico al momento de realizar la compra y as\u00ed poder facilitarle una copia de su boleta de venta electr\u00f3nica en caso usted lo requiera.<\/p>\n\n\n\n<p>2.- Todo cambio o devoluci\u00f3n ser\u00e1 dentro de las <strong>72 horas<\/strong> de emitido el comprobante de pago en los puntos de recojo; en el caso canales de venta online este plazo se contabilizar\u00e1 desde la fecha de entrega del pedido. Los productos se deben encontrar <strong>OPERATIVOS, SELLADOS Y SIN SE\u00d1ALES DE USO<\/strong>, as\u00ed como sus accesorios y empaques, los cuales deben estar completos como se especifica en el manual. En el caso de productos en promoci\u00f3n, se requiere la entrega de todos los productos incluidos en la promoci\u00f3n correspondiente.<\/p>\n\n\n\n<p>3.- Para todo cambio o devoluci\u00f3n, de compras realizadas a trav\u00e9s de nuestros puntos de entrega y productos de nuestros canales de venta online, el cliente deber\u00e1 acercarse a cualquiera de nuestros puntos de entrega en donde se comprobar\u00e1 el estado del producto y si el mismo cumple con nuestras pol\u00edticas de cambios o devoluciones. Todo cambio de producto est\u00e1 sujeto a disponibilidad y stock en tienda.<\/p>\n\n\n\n<p>4.- Los productos en liquidaci\u00f3n y remate no podr\u00e1n ser cambiados ni devueltos y solo se aplicar\u00e1 la garant\u00eda correspondiente a cada uno de ellos, si la tuviesen.<\/p>\n<\/div>\n\n\n\n<p><\/p>\n","protected":false},"excerpt":{"rendered":"<p>1.- Para cualquier cambio o devoluci\u00f3n de mercader\u00eda, el cliente deber\u00e1 presentar obligatoriamente el comprobante de pago art\u00edculo 1\u00b0 del Reglamento de Comprobantes de Pago. Se sugiere brindar su correo electr\u00f3nico al momento de realizar la compra y as\u00ed poder facilitarle una copia de su boleta de venta electr\u00f3nica en caso usted lo requiera. 2.- &hellip;<\/p>\n<p class=\"read-more\"> <a class=\" wzta-readmore button \" href=\"https:\/\/multitiendaelectro.com\/?page_id=394\"> <span class=\"screen-reader-text\">Pol\u00edticas de cambios y devouciones<\/span>Ver m\u00e1s<\/a><\/p>\n","protected":false},"author":1,"featured_media":0,"parent":0,"menu_order":0,"comment_status":"closed","ping_status":"closed","template":"","meta":{"advanced_seo_description":"","jetpack_seo_html_title":"","jetpack_seo_noindex":false,"footnotes":""},"class_list":["post-394","page","type-page","status-publish","hentry","wzta-woo-product-list","opn-qv-enable","royal-shop-woo-hover-zoom","royal-shop-single-product-tab-horizontal","royal-shop-shadow-","royal-shop-shadow-hover-"],"jetpack_sharing_enabled":true,"_links":{"self":[{"href":"https:\/\/multitiendaelectro.com\/index.php?rest_route=\/wp\/v2\/pages\/394","targetHints":{"allow":["GET"]}}],"collection":[{"href":"https:\/\/multitiendaelectro.com\/index.php?rest_route=\/wp\/v2\/pages"}],"about":[{"href":"https:\/\/multitiendaelectro.com\/index.php?rest_route=\/wp\/v2\/types\/page"}],"author":[{"embeddable":true,"href":"https:\/\/multitiendaelectro.com\/index.php?rest_route=\/wp\/v2\/users\/1"}],"replies":[{"embeddable":true,"href":"https:\/\/multitiendaelectro.com\/index.php?rest_route=%2Fwp%2Fv2%2Fcomments&post=394"}],"version-history":[{"count":10,"href":"https:\/\/multitiendaelectro.com\/index.php?rest_route=\/wp\/v2\/pages\/394\/revisions"}],"predecessor-version":[{"id":553,"href":"https:\/\/multitiendaelectro.com\/index.php?rest_route=\/wp\/v2\/pages\/394\/revisions\/553"}],"wp:attachment":[{"href":"https:\/\/multitiendaelectro.com\/index.php?rest_route=%2Fwp%2Fv2%2Fmedia&parent=394"}],"curies":[{"name":"wp","href":"https:\/\/api.w.org\/{rel}","templated":true}]}}